{"id":930,"date":"2016-05-16T08:15:31","date_gmt":"2016-05-16T08:15:31","guid":{"rendered":"http:\/\/wp.magnium-themes.com\/thebuilt\/thebuilt-2\/?page_id=930"},"modified":"2025-10-15T12:51:18","modified_gmt":"2025-10-15T10:51:18","slug":"about","status":"publish","type":"page","link":"https:\/\/pontedimessina.it\/it\/about\/","title":{"rendered":"About"},"content":{"rendered":"<div class=\"wpb-content-wrapper\"><p>[vc_row][vc_column][rev_slider_vc alias=&#8221;service-slider&#8221;][\/vc_column][\/vc_row][vc_row][vc_column][vc_empty_space]<div class=\"mgt-header-block clearfix text-left text-black wpb_content_element  mgt-header-block-style-1 mgt-header-texttransform-header \"><h2 class=\"mgt-header-block-title\">Progetto Informativo<\/h2><p class=\"mgt-header-block-subtitle\">Ponte di Messina<\/p><div class=\"mgt-header-line\"><\/div><\/div>[\/vc_column][\/vc_row][vc_row equal_height=&#8221;yes&#8221; css=&#8221;.vc_custom_1463480619661{margin-bottom: 10px !important;}&#8221;][vc_column width=&#8221;1\/4&#8243; css=&#8221;.vc_custom_1459186986556{margin-right: 0px !important;padding-right: 0px !important;}&#8221;][vc_empty_space height=&#8221;70px&#8221;][vc_single_image image=&#8221;7250&#8243; img_size=&#8221;full&#8221; alignment=&#8221;center&#8221; css=&#8221;&#8221;][\/vc_column][vc_column width=&#8221;3\/4&#8243; css=&#8221;.vc_custom_1459186959095{margin-left: 0px !important;padding-left: 0px !important;}&#8221;][vc_column_text css=&#8221;.vc_custom_1758879205362{padding-top: 25px !important;padding-right: 25px !important;padding-bottom: 25px !important;padding-left: 25px !important;}&#8221;]<\/p>\n<h3><strong>Impegno Paziente<\/strong><\/h3>\n<p data-start=\"102\" data-end=\"576\">Dal 28 gennaio 2000 <strong data-start=\"128\" data-end=\"135\">ICC<\/strong> porta ufficialmente avanti un articolato progetto informativo sul <strong data-start=\"188\" data-end=\"208\">Ponte di Messina<\/strong>, con l\u2019obiettivo di offrire a cittadini, istituzioni, imprese e media un punto di riferimento indipendente e costantemente aggiornato. L\u2019attivit\u00e0 di studio, avviata a met\u00e0 degli anni Novanta, ha seguito tutte le principali fasi di evoluzione del dibattito sull\u2019opera, documentando ricerca, decisioni politiche, proposte progettuali e impatti economici, ambientali e sociali.<\/p>\n<p data-start=\"578\" data-end=\"1017\">Nel corso di questo lungo impegno, ICC ha mantenuto vivo l&#8217;interesse per il progetto e ha sviluppato<strong> siti web dedicati<\/strong> sul tema, concepiti come piattaforme di approfondimento e divulgazione. Questi portali indipendenti hanno permesso di raggiungere un pubblico ampio e diversificato, garantendo visibilit\u00e0 e accesso a informazioni accurate e organizzate per aree tematiche: dalla governance alle tecnologie costruttive, dagli scenari finanziari alle prospettive di sviluppo territoriale.<\/p>\n<p data-start=\"1019\" data-end=\"1322\">Parallelamente, sono stati registrati marchi Ponte di Messina, a conferma di una paziente strategia di valorizzazione e di tutela anche dei contenuti prodotti. I marchi rafforzano l\u2019identit\u00e0 del progetto informativo, consolidandone altres\u00ec la sua riconoscibilit\u00e0 nel tempo e proteggendone gli asset da indebiti utilizzi.<\/p>\n<p data-start=\"1324\" data-end=\"1564\">Grazie a questa attivit\u00e0 pluriventennale, ICC si pone oggi come <strong>l&#8217;osservatore pi\u00f9 longevo e strutturato sul tema<\/strong>, capace di coniugare in modo indipendente, rigore informativo, memoria storica e attenzione al Futuro del Ponte di Messina e del prezioso territorio dello Stretto di Messina.<\/p>\n<p>[\/vc_column_text][\/vc_column][\/vc_row][vc_row][vc_column][vc_separator css=&#8221;.vc_custom_1759148370256{margin-bottom: 0px !important;padding-bottom: 20px !important;}&#8221;][\/vc_column][\/vc_row][vc_row][vc_column]<div class=\"mgt-header-block clearfix text-left text-black wpb_content_element  mgt-header-block-style-2 mgt-header-texttransform-none \"><p class=\"mgt-header-block-subtitle\">WEB SITE<\/p><h2 class=\"mgt-header-block-title\">Storia<\/h2><div class=\"mgt-header-line\"><\/div><\/div>[vc_row_inner][vc_column_inner width=&#8221;1\/3&#8243;][vc_single_image image=&#8221;7026&#8243; img_size=&#8221;500&#215;406&#8243; alignment=&#8221;center&#8221; css=&#8221;&#8221;][vc_column_text css=&#8221;&#8221;]<\/p>\n<h3 style=\"text-align: center;\">2000<\/h3>\n<p>[\/vc_column_text][\/vc_column_inner][vc_column_inner width=&#8221;1\/3&#8243;][vc_single_image image=&#8221;7017&#8243; img_size=&#8221;500&#215;406&#8243; alignment=&#8221;center&#8221; css=&#8221;&#8221;][vc_column_text css=&#8221;&#8221;]<\/p>\n<h3 style=\"text-align: center;\">2010<\/h3>\n<p>[\/vc_column_text][\/vc_column_inner][vc_column_inner width=&#8221;1\/3&#8243;][vc_single_image image=&#8221;7020&#8243; img_size=&#8221;500&#215;406&#8243; alignment=&#8221;center&#8221; style=&#8221;vc_box_border&#8221; css=&#8221;&#8221;][vc_column_text css=&#8221;&#8221;]<\/p>\n<h3 style=\"text-align: center;\">2020<\/h3>\n<p>[\/vc_column_text][\/vc_column_inner][\/vc_row_inner][\/vc_column][\/vc_row][vc_row][vc_column][vc_separator css=&#8221;.vc_custom_1759148497957{margin-bottom: 0px !important;padding-top: 20px !important;padding-bottom: 70px !important;}&#8221;][\/vc_column][\/vc_row][vc_row equal_height=&#8221;yes&#8221; content_placement=&#8221;middle&#8221; css=&#8221;.vc_custom_1758317275342{margin-right: 0px !important;margin-bottom: 0px !important;margin-left: 0px !important;background-color: #f1f1f1 !important;}&#8221;][vc_column width=&#8221;1\/2&#8243; css=&#8221;.vc_custom_1758125037076{margin-right: 0px !important;padding-right: 0px !important;background-color: #EEEEEE !important;}&#8221;]<div class=\"mgt-promo-block black-text text-size-normal no-darken mgt-promo-block-75700987093 wpb_content_element\" data-style=\"background-color: #f1f1f1;width: 100%; height: 400px;\"><div class=\"mgt-promo-block-content\"><div class=\"mgt-promo-block-content-inside vc_custom_1758317658720\">\n<h5 style=\"text-align: left\"><span style=\"color: #999999\">MISSION<\/span><\/h5>\n<h2 style=\"text-align: left\">Grande dedizione<br \/>\ncrea grandi progetti.<\/h2>\n<p data-start=\"64\" data-end=\"537\"><span style=\"color: #333333\">ICC pone da oltre venticinque anni grande attenzione al progetto del Ponte di Messina e ai suoi impatti economico-sociali. Un lavoro costante che ha portato alla creazione e alla gestione di pi\u00f9 siti informativi, alla registrazione di marchi dedicati e alla costruzione di un importante archivio di conoscenze. La perseverante dedizione che ICC pone in questo progetto, ne garantisce continuit\u00e0 e qualit\u00e0, rendendolo un punto di riferimento nel tempo.<\/span>\n<div class=\"mgt-button-wrapper mgt-button-wrapper-align-right mgt-button-wrapper-display-newline mgt-button-top-margin-enable\"><a class=\"btn hvr-bounce-to-right mgt-button mgt-style-solid mgt-size-small mgt-align-right mgt-display-newline mgt-text-size-small mgt-button-icon-position-left mgt-text-transform-uppercase \" href=\"https:\/\/pontedimessina.it\/it\/contatti\/\">Contatti<\/a><\/div><\/div><\/div><\/div>[\/vc_column][vc_column width=&#8221;1\/2&#8243; css=&#8221;.vc_custom_1459186959095{margin-left: 0px !important;padding-left: 0px !important;}&#8221;][vc_row_inner css=&#8221;.vc_custom_1758317619702{padding-top: 0px !important;padding-right: 20px !important;padding-bottom: 0px !important;padding-left: 20px !important;background-image: url(https:\/\/pontedimessina.it\/wp-content\/uploads\/2025\/09\/img-55-en.jpg?id=7194) !important;background-position: center !important;background-repeat: no-repeat !important;background-size: cover !important;}&#8221;][vc_column_inner]<div class=\"mgt-icon-box wpb_content_element mgt-icon-box-right mgt-icon-fa text-white \"><div class=\"mgt-icon-box-icon hvr-icon-push\"><div class=\"mgt-font-icon\"><i class=\"fa fa-users\"><\/i><\/div><\/div><div class=\"mgt-icon-box-content\"><h6>TEAM<\/h6><h5>DIGITAL COMPETENCE<\/h5><\/p>\n<div class=\"mgt-icon-box-content\"><span style=\"color: #ffffff\">ICC S.r.l. \u00e8 una azienda con oltre venticinque anni di esperienza nello sviluppo di progetti digitali altamente innovativi e da sempre impegnata nella comunicazione del progetto Ponte di Messina.<\/span><\/div>\n<p><\/div><div class=\"clearfix\"><\/div><\/div><div class=\"mgt-icon-box wpb_content_element mgt-icon-box-right mgt-icon-fa text-white \"><div class=\"mgt-icon-box-icon hvr-icon-push\"><div class=\"mgt-font-icon\"><i class=\"fa fa-users\"><\/i><\/div><\/div><div class=\"mgt-icon-box-content\"><h6>TEAM<\/h6><h5>PROFESSIONAL TEAMWORK<\/h5><span style=\"color: #ffffff\">Supportare la narrazione e l&#8217;informazione di una delle infrastrutture pi\u00f9 complesse e controverse mai realizzate \u00e8 un impegno e una sfida importante, che affrontiamo sereni forti delle ampie competenze consolidate a supporto di grandi clienti.<\/span><\/div><div class=\"clearfix\"><\/div><\/div>[\/vc_column_inner][\/vc_row_inner][\/vc_column][\/vc_row][vc_row css=&#8221;.vc_custom_1463480548872{margin-bottom: 0px !important;padding-bottom: 0px !important;}&#8221;][vc_column][vc_empty_space height=&#8221;50px&#8221;][\/vc_column][\/vc_row][vc_row][vc_column]<div class=\"mgt-header-block clearfix text-left text-black wpb_content_element  mgt-header-block-style-1 mgt-header-texttransform-header \"><h2 class=\"mgt-header-block-title\">ICC Digital Media<\/h2><div class=\"mgt-header-line\"><\/div><\/div>[\/vc_column][\/vc_row][vc_row equal_height=&#8221;yes&#8221; css=&#8221;.vc_custom_1463480619661{margin-bottom: 10px !important;}&#8221;][vc_column width=&#8221;2\/3&#8243; css=&#8221;.vc_custom_1459186986556{margin-right: 0px !important;padding-right: 0px !important;}&#8221;][vc_column_text css=&#8221;.vc_custom_1760522859888{margin-bottom: 0px !important;padding-top: 15px !important;padding-right: 15px !important;padding-bottom: 5px !important;padding-left: 15px !important;}&#8221;]<\/p>\n<h3><strong>Digital Experience<\/strong><\/h3>\n<p data-start=\"188\" data-end=\"600\"><strong data-start=\"188\" data-end=\"195\">ICC S.r.l.<\/strong> \u00e8 impegnata da oltre venticinque anni nello sviluppo di progetti digitali altamente innovativi (Web Analytics e Anticontraffazione Digitale) Soluzioni di e-Coomerce e Web Site informativi, con particolare attenzione al <strong data-start=\"344\" data-end=\"364\">Ponte di Messina<\/strong>.<\/p>\n<p data-start=\"602\" data-end=\"974\">La missione di ICC \u00e8 fornire soluzioni digitali innovative, accessibili e contenuti chiari e aggiornati, contenuti di cui la storica expertise in <strong data-start=\"718\" data-end=\"735\">Web Analytics <\/strong>(WAA, Microsoft, Google), consente di monitorare costantemente il gradimento. L\u2019analisi dei dati e la capacit\u00e0 di interpretare i trend digitali caratterizzano infatti la storia e l&#8217;innovazione di ICC e guidano oggi anche le strategie di ottimizzazione e di valorizzazione di questo progetto.<\/p>\n<p data-start=\"976\" data-end=\"1320\">Accanto alla componente tecnico-informativa, ICC vanta dal 2000 anche consolidate competenze nel settore <strong data-start=\"1058\" data-end=\"1086\">digitale e pubblicitario <\/strong>(IAB, WAA), con soluzioni di comunicazione integrate, attivit\u00e0 SEO, campagne mirate e format di affiliazione rese anche per grandi clienti internazionali. Questo bagaglio permette oggi di trasformare questo importante patrimonio informativo in un ecosistema capace di generare valore.<\/p>\n<p data-start=\"1322\" data-end=\"1581\">La trentennale expertise in <strong data-start=\"1374\" data-end=\"1385\">techlaw<\/strong>, diritto delle tecnologie, garantisce una visione attenta e lungimirante di marchi, domini e propriet\u00e0 intellettuale, rafforzando la protezione legale degli asset di ogni progetto.<\/p>\n<p data-start=\"1583\" data-end=\"1757\">Grazie a questo straordinario mix di innovazione, data analytics, comunicazione e diritto, ICC rappresenta un punto di riferimento unico, anche per la narrazione e la valorizzazione del progetto del Ponte di Messina.<\/p>\n<p>[\/vc_column_text][vc_column_text css=&#8221;.vc_custom_1760525474113{margin-bottom: 10px !important;}&#8221;]<\/p>\n<p style=\"text-align: right;\"><a href=\"https:\/\/pontedimessina.it\/it\/disclaimer\/\" target=\"_blank\" rel=\"noopener\"><img loading=\"lazy\" decoding=\"async\" class=\"alignnone wp-image-9723\" title=\"Informativa AI - Contenuto ottimizzato con AI. Revisionato da umano.\" src=\"https:\/\/pontedimessina.it\/wp-content\/uploads\/2025\/10\/AI-1.png\" alt=\"Informativa AI - Contenuto ottimizzato con AI. Revisionato da umano.\" width=\"35\" height=\"35\" srcset=\"https:\/\/pontedimessina.it\/wp-content\/uploads\/2025\/10\/AI-1.png 197w, https:\/\/pontedimessina.it\/wp-content\/uploads\/2025\/10\/AI-1-150x150.png 150w, https:\/\/pontedimessina.it\/wp-content\/uploads\/2025\/10\/AI-1-100x100.png 100w, https:\/\/pontedimessina.it\/wp-content\/uploads\/2025\/10\/AI-1-40x40.png 40w\" sizes=\"auto, (max-width: 35px) 100vw, 35px\" \/><\/a><\/p>\n<p>[\/vc_column_text][\/vc_column][vc_column width=&#8221;1\/3&#8243; css=&#8221;.vc_custom_1459186959095{margin-left: 0px !important;padding-left: 0px !important;}&#8221;][vc_empty_space height=&#8221;20px&#8221;][vc_single_image image=&#8221;4770&#8243; img_size=&#8221;full&#8221; alignment=&#8221;center&#8221; onclick=&#8221;custom_link&#8221; img_link_target=&#8221;_blank&#8221; css=&#8221;&#8221; link=&#8221;https:\/\/www.iccdigitalmedia.com&#8221;][vc_empty_space height=&#8221;5px&#8221;][vc_column_text css=&#8221;&#8221;]<\/p>\n<h4 style=\"text-align: center;\"><a href=\"http:\/\/www.iccdigitalmedia.com\" target=\"_blank\" rel=\"noopener\"><strong>www.iccdigitalmedia.com<\/strong><\/a><\/h4>\n<p>[\/vc_column_text][\/vc_column][\/vc_row][vc_row css=&#8221;.vc_custom_1463480548872{margin-bottom: 0px !important;padding-bottom: 0px !important;}&#8221;][vc_column][vc_separator css=&#8221;.vc_custom_1759148447879{margin-bottom: 0px !important;padding-top: 30px !important;padding-bottom: 30px !important;}&#8221;]<div style=\"margin-left: auto;margin-right: auto;text-align: center;\" id=\"ponte-1378243652\"><script async src=\"\/\/pagead2.googlesyndication.com\/pagead\/js\/adsbygoogle.js?client=ca-pub-8905959201982646\" crossorigin=\"anonymous\"><\/script><ins class=\"adsbygoogle\" style=\"display:block;\" data-ad-client=\"ca-pub-8905959201982646\" \ndata-ad-slot=\"6695237606\" \ndata-ad-format=\"auto\"><\/ins>\n<script> \n(adsbygoogle = window.adsbygoogle || []).push({}); \n<\/script>\n<\/div>[vc_separator css=&#8221;.vc_custom_1759148457980{margin-bottom: 0px !important;padding-top: 30px !important;padding-bottom: 30px !important;}&#8221;][\/vc_column][\/vc_row]<\/p>\n<\/div>","protected":false},"excerpt":{"rendered":"<p>[vc_row][vc_column][rev_slider_vc alias=&#8221;service-slider&#8221;][\/vc_column][\/vc_row][vc_row][vc_column][vc_empty_space][\/vc_column][\/vc_row][vc_row equal_height=&#8221;yes&#8221; css=&#8221;.vc_custom_1463480619661{margin-bottom: 10px !important;}&#8221;][vc_column width=&#8221;1\/4&#8243; css=&#8221;.vc_custom_1459186986556{margin-right: 0px !important;padding-right: 0px !important;}&#8221;][vc_empty_space height=&#8221;70px&#8221;][vc_single_image image=&#8221;7250&#8243; img_size=&#8221;full&#8221; alignment=&#8221;center&#8221; css=&#8221;&#8221;][\/vc_column][vc_column width=&#8221;3\/4&#8243; css=&#8221;.vc_custom_1459186959095{margin-left: 0px !important;padding-left: 0px !important;}&#8221;][vc_column_text css=&#8221;.vc_custom_1758879205362{padding-top: 25px !important;padding-right: 25px !important;padding-bottom: 25px !important;padding-left:&#8230;<\/p>\n","protected":false},"author":2,"featured_media":0,"parent":0,"menu_order":0,"comment_status":"closed","ping_status":"closed","template":"","meta":{"_uf_show_specific_survey":0,"_uf_disable_surveys":false,"footnotes":""},"class_list":["post-930","page","type-page","status-publish","hentry"],"yoast_head":"<!-- This site is optimized with the Yoast SEO plugin v26.5 - https:\/\/yoast.com\/wordpress\/plugins\/seo\/ -->\n<title>About | Ponte di Messina<\/title>\n<meta name=\"description\" content=\"ICC vanta 25 anni di esperienza nello sviluppo di progetti digitali altamente innovativi con particolare attenzione al Ponte di Messina.\" \/>\n<meta name=\"robots\" content=\"index, follow, max-snippet:-1, max-image-preview:large, max-video-preview:-1\" \/>\n<link rel=\"canonical\" href=\"https:\/\/pontedimessina.it\/it\/about\/\" \/>\n<meta property=\"og:locale\" content=\"it_IT\" \/>\n<meta property=\"og:type\" content=\"article\" \/>\n<meta property=\"og:title\" content=\"About | Ponte di Messina\" \/>\n<meta property=\"og:description\" content=\"ICC vanta 25 anni di esperienza nello sviluppo di progetti digitali altamente innovativi con particolare attenzione al Ponte di Messina.\" \/>\n<meta property=\"og:url\" content=\"https:\/\/pontedimessina.it\/it\/about\/\" \/>\n<meta property=\"og:site_name\" content=\"Ponte di Messina\" \/>\n<meta property=\"article:modified_time\" content=\"2025-10-15T10:51:18+00:00\" \/>\n<meta property=\"og:image\" content=\"https:\/\/pontedimessina.it\/wp-content\/uploads\/2025\/10\/AI-1.png\" \/>\n<meta name=\"twitter:card\" content=\"summary_large_image\" \/>\n<script type=\"application\/ld+json\" class=\"yoast-schema-graph\">{\"@context\":\"https:\/\/schema.org\",\"@graph\":[{\"@type\":\"WebPage\",\"@id\":\"https:\/\/pontedimessina.it\/it\/about\/\",\"url\":\"https:\/\/pontedimessina.it\/it\/about\/\",\"name\":\"About | Ponte di Messina\",\"isPartOf\":{\"@id\":\"https:\/\/pontedimessina.it\/it\/#website\"},\"primaryImageOfPage\":{\"@id\":\"https:\/\/pontedimessina.it\/it\/about\/#primaryimage\"},\"image\":{\"@id\":\"https:\/\/pontedimessina.it\/it\/about\/#primaryimage\"},\"thumbnailUrl\":\"https:\/\/pontedimessina.it\/wp-content\/uploads\/2025\/10\/AI-1.png\",\"datePublished\":\"2016-05-16T08:15:31+00:00\",\"dateModified\":\"2025-10-15T10:51:18+00:00\",\"description\":\"ICC vanta 25 anni di esperienza nello sviluppo di progetti digitali altamente innovativi con particolare attenzione al Ponte di Messina.\",\"breadcrumb\":{\"@id\":\"https:\/\/pontedimessina.it\/it\/about\/#breadcrumb\"},\"inLanguage\":\"it-IT\",\"potentialAction\":[{\"@type\":\"ReadAction\",\"target\":[\"https:\/\/pontedimessina.it\/it\/about\/\"]}]},{\"@type\":\"ImageObject\",\"inLanguage\":\"it-IT\",\"@id\":\"https:\/\/pontedimessina.it\/it\/about\/#primaryimage\",\"url\":\"https:\/\/pontedimessina.it\/wp-content\/uploads\/2025\/10\/AI-1.png\",\"contentUrl\":\"https:\/\/pontedimessina.it\/wp-content\/uploads\/2025\/10\/AI-1.png\"},{\"@type\":\"BreadcrumbList\",\"@id\":\"https:\/\/pontedimessina.it\/it\/about\/#breadcrumb\",\"itemListElement\":[{\"@type\":\"ListItem\",\"position\":1,\"name\":\"Home\",\"item\":\"https:\/\/pontedimessina.it\/it\/\"},{\"@type\":\"ListItem\",\"position\":2,\"name\":\"About\"}]},{\"@type\":\"WebSite\",\"@id\":\"https:\/\/pontedimessina.it\/it\/#website\",\"url\":\"https:\/\/pontedimessina.it\/it\/\",\"name\":\"Ponte di Messina\",\"description\":\"One Bridge. One Country. One Vision.\",\"alternateName\":\"Pontedimessina.it\",\"potentialAction\":[{\"@type\":\"SearchAction\",\"target\":{\"@type\":\"EntryPoint\",\"urlTemplate\":\"https:\/\/pontedimessina.it\/it\/?s={search_term_string}\"},\"query-input\":{\"@type\":\"PropertyValueSpecification\",\"valueRequired\":true,\"valueName\":\"search_term_string\"}}],\"inLanguage\":\"it-IT\"}]}<\/script>\n<!-- \/ Yoast SEO plugin. -->","yoast_head_json":{"title":"About | Ponte di Messina","description":"ICC vanta 25 anni di esperienza nello sviluppo di progetti digitali altamente innovativi con particolare attenzione al Ponte di Messina.","robots":{"index":"index","follow":"follow","max-snippet":"max-snippet:-1","max-image-preview":"max-image-preview:large","max-video-preview":"max-video-preview:-1"},"canonical":"https:\/\/pontedimessina.it\/it\/about\/","og_locale":"it_IT","og_type":"article","og_title":"About | Ponte di Messina","og_description":"ICC vanta 25 anni di esperienza nello sviluppo di progetti digitali altamente innovativi con particolare attenzione al Ponte di Messina.","og_url":"https:\/\/pontedimessina.it\/it\/about\/","og_site_name":"Ponte di Messina","article_modified_time":"2025-10-15T10:51:18+00:00","og_image":[{"url":"https:\/\/pontedimessina.it\/wp-content\/uploads\/2025\/10\/AI-1.png","type":"","width":"","height":""}],"twitter_card":"summary_large_image","schema":{"@context":"https:\/\/schema.org","@graph":[{"@type":"WebPage","@id":"https:\/\/pontedimessina.it\/it\/about\/","url":"https:\/\/pontedimessina.it\/it\/about\/","name":"About | Ponte di Messina","isPartOf":{"@id":"https:\/\/pontedimessina.it\/it\/#website"},"primaryImageOfPage":{"@id":"https:\/\/pontedimessina.it\/it\/about\/#primaryimage"},"image":{"@id":"https:\/\/pontedimessina.it\/it\/about\/#primaryimage"},"thumbnailUrl":"https:\/\/pontedimessina.it\/wp-content\/uploads\/2025\/10\/AI-1.png","datePublished":"2016-05-16T08:15:31+00:00","dateModified":"2025-10-15T10:51:18+00:00","description":"ICC vanta 25 anni di esperienza nello sviluppo di progetti digitali altamente innovativi con particolare attenzione al Ponte di Messina.","breadcrumb":{"@id":"https:\/\/pontedimessina.it\/it\/about\/#breadcrumb"},"inLanguage":"it-IT","potentialAction":[{"@type":"ReadAction","target":["https:\/\/pontedimessina.it\/it\/about\/"]}]},{"@type":"ImageObject","inLanguage":"it-IT","@id":"https:\/\/pontedimessina.it\/it\/about\/#primaryimage","url":"https:\/\/pontedimessina.it\/wp-content\/uploads\/2025\/10\/AI-1.png","contentUrl":"https:\/\/pontedimessina.it\/wp-content\/uploads\/2025\/10\/AI-1.png"},{"@type":"BreadcrumbList","@id":"https:\/\/pontedimessina.it\/it\/about\/#breadcrumb","itemListElement":[{"@type":"ListItem","position":1,"name":"Home","item":"https:\/\/pontedimessina.it\/it\/"},{"@type":"ListItem","position":2,"name":"About"}]},{"@type":"WebSite","@id":"https:\/\/pontedimessina.it\/it\/#website","url":"https:\/\/pontedimessina.it\/it\/","name":"Ponte di Messina","description":"One Bridge. One Country. One Vision.","alternateName":"Pontedimessina.it","potentialAction":[{"@type":"SearchAction","target":{"@type":"EntryPoint","urlTemplate":"https:\/\/pontedimessina.it\/it\/?s={search_term_string}"},"query-input":{"@type":"PropertyValueSpecification","valueRequired":true,"valueName":"search_term_string"}}],"inLanguage":"it-IT"}]}},"_links":{"self":[{"href":"https:\/\/pontedimessina.it\/it\/wp-json\/wp\/v2\/pages\/930","targetHints":{"allow":["GET"]}}],"collection":[{"href":"https:\/\/pontedimessina.it\/it\/wp-json\/wp\/v2\/pages"}],"about":[{"href":"https:\/\/pontedimessina.it\/it\/wp-json\/wp\/v2\/types\/page"}],"author":[{"embeddable":true,"href":"https:\/\/pontedimessina.it\/it\/wp-json\/wp\/v2\/users\/2"}],"replies":[{"embeddable":true,"href":"https:\/\/pontedimessina.it\/it\/wp-json\/wp\/v2\/comments?post=930"}],"version-history":[{"count":10,"href":"https:\/\/pontedimessina.it\/it\/wp-json\/wp\/v2\/pages\/930\/revisions"}],"predecessor-version":[{"id":9725,"href":"https:\/\/pontedimessina.it\/it\/wp-json\/wp\/v2\/pages\/930\/revisions\/9725"}],"wp:attachment":[{"href":"https:\/\/pontedimessina.it\/it\/wp-json\/wp\/v2\/media?parent=930"}],"curies":[{"name":"wp","href":"https:\/\/api.w.org\/{rel}","templated":true}]}}