{"id":5768,"date":"2025-09-04T18:55:07","date_gmt":"2025-09-04T16:55:07","guid":{"rendered":"https:\/\/ai2ai.it\/?page_id=5768"},"modified":"2025-10-06T22:55:14","modified_gmt":"2025-10-06T20:55:14","slug":"reggio-calabria","status":"publish","type":"page","link":"https:\/\/pontedimessina.it\/it\/reggio-calabria\/","title":{"rendered":"Reggio Calabria"},"content":{"rendered":"<div class=\"wpb-content-wrapper\"><p>[vc_row][vc_column][vc_empty_space height=&#8221;35px&#8221;]<div style=\"margin-left: auto;margin-right: auto;text-align: center;\" id=\"ponte-4185775458\"><a href=\"https:\/\/pontedimessina.it\/it\/visibility\/\" aria-label=\"Ponte di Messina\"><img loading=\"lazy\" decoding=\"async\" src=\"https:\/\/pontedimessina.it\/wp-content\/uploads\/2025\/08\/banner-pontedimessina-647-80.jpg\" alt=\"Ponte di Messina\"  srcset=\"https:\/\/pontedimessina.it\/wp-content\/uploads\/2025\/08\/banner-pontedimessina-647-80.jpg 647w, https:\/\/pontedimessina.it\/wp-content\/uploads\/2025\/08\/banner-pontedimessina-647-80-350x43.jpg 350w, https:\/\/pontedimessina.it\/wp-content\/uploads\/2025\/08\/banner-pontedimessina-647-80-600x74.jpg 600w\" sizes=\"auto, (max-width: 647px) 100vw, 647px\" width=\"647\" height=\"80\"  style=\"display: inline-block;\" \/><\/a><\/div>[vc_empty_space height=&#8221;30px&#8221;][\/vc_column][\/vc_row][vc_row][vc_column width=&#8221;1\/2&#8243; css=&#8221;.vc_custom_1460641256688{margin-right: 0px !important;padding-right: 0px !important;}&#8221;]<style scoped='scoped'>.mgt-promo-block-36261014417.mgt-promo-block .mgt-promo-block-content h2 {font-size: 30px;line-height: normal!important;}<\/style><div class=\"mgt-promo-block black-text text-size-normal no-darken mgt-promo-block-36261014417 wpb_content_element\" data-style=\"background-color: #f5f5f5;width: 100%; height: 400px;\"><div class=\"mgt-promo-block-content\"><div class=\"mgt-promo-block-content-inside vc_custom_1758835227114\">\n<h4>Stretto di Messina<\/h4>\n<h2 style=\"text-align: left\"><strong>Citt\u00e0 di Reggio Calabria<\/strong><\/h2>\n<p data-start=\"1147\" data-end=\"1193\"><span style=\"color: #333333\">Reggio Calabria \u00e8 la capitale culturale della sponda calabrese dello Stretto e una delle citt\u00e0 pi\u00f9 antiche d\u2019Italia, con radici profonde nella Magna Grecia. Famosa in tutto il mondo per i <strong data-start=\"516\" data-end=\"535\">Bronzi di Riace<\/strong>, \u00e8 un centro che unisce storia, arte e natura. Il suo lungomare, definito da D\u2019Annunzio \u201cil pi\u00f9 bel chilometro d\u2019Italia\u201d, offre una passeggiata unica tra mare e montagna, con lo sguardo rivolto alla Sicilia.<\/span>\n<\/div><\/div><\/div>[\/vc_column][vc_column width=&#8221;1\/2&#8243; css=&#8221;.vc_custom_1460641327282{margin-left: 0px !important;padding-left: 0px !important;}&#8221;]<style scoped='scoped'>.mgt-promo-block-36261014317.mgt-promo-block .mgt-promo-block-content h2 {font-size: 30px;line-height: normal!important;}<\/style><div class=\"mgt-promo-block black-text cover-image text-size-normal no-darken mgt-promo-block-36261014317 wpb_content_element\" data-style=\"background-color: #f5f5f5;background-image: url(https:\/\/pontedimessina.it\/wp-content\/uploads\/2025\/09\/comune-scilla-RC.png);background-repeat: no-repeat;width: 100%; height: 400px;\"><div class=\"mgt-promo-block-content\"><div class=\"mgt-promo-block-content-inside\"><\/div><\/div><\/div>[\/vc_column][\/vc_row][vc_row css=&#8221;.vc_custom_1460536155154{margin-right: -25px !important;margin-left: -15px !important;}&#8221;][vc_column][vc_empty_space height=&#8221;30px&#8221;][vc_images_carousel images=&#8221;8146,8172,8136&#8243; img_size=&#8221;full&#8221; slides_per_view=&#8221;3&#8243; hide_pagination_control=&#8221;yes&#8221; wrap=&#8221;yes&#8221; css=&#8221;.vc_custom_1758834532082{margin-left: -10px !important;}&#8221;][vc_empty_space height=&#8221;30px&#8221;][\/vc_column][\/vc_row][vc_row][vc_column][vc_column_text css=&#8221;&#8221;]Reggio \u00e8 anche citt\u00e0 vivace, caratterizzata da tradizioni popolari, cucina tipica e una posizione strategica che la rende ponte tra Calabria, Sicilia e Mediterraneo. Con il suo patrimonio culturale, le eccellenze gastronomiche legate al bergamotto e al pesce fresco, e le prospettive legate al Ponte di Messina, Reggio guarda al futuro con l\u2019ambizione di rafforzare il proprio ruolo di protagonista nello scenario turistico e culturale europeo.[\/vc_column_text][\/vc_column][\/vc_row][vc_row][vc_column][vc_separator css=&#8221;.vc_custom_1756997011572{margin-bottom: 0px !important;padding-top: 20px !important;padding-bottom: 20px !important;}&#8221;][vc_empty_space height=&#8221;30px&#8221;][\/vc_column][\/vc_row][vc_row][vc_column]<div class=\"mgt-header-block clearfix text-left text-black wpb_content_element  mgt-header-block-style-1 mgt-header-texttransform-none  vc_custom_1757002794417\"><h2 class=\"mgt-header-block-title\">Storia e identit\u00e0<\/h2><p class=\"mgt-header-block-subtitle\">Citt\u00e0 di Messina<\/p><div class=\"mgt-header-line\"><\/div><\/div>[\/vc_column][\/vc_row][vc_row][vc_column width=&#8221;1\/5&#8243;][vc_single_image image=&#8221;9&#8243; img_size=&#8221;full&#8221; css=&#8221;&#8221;][\/vc_column][vc_column width=&#8221;4\/5&#8243;][vc_column_text css=&#8221;&#8221;]<\/p>\n<p data-start=\"1293\" data-end=\"1883\">Reggio Calabria \u00e8 tra le citt\u00e0 pi\u00f9 antiche della penisola, fondata dai Greci nel VIII secolo a.C. con il nome di Rhegion. \u00c8 stata uno dei centri pi\u00f9 importanti della Magna Grecia, crocevia di commerci e cultura. Nei secoli ha conosciuto dominazioni bizantine, arabe, normanne e aragonesi, che hanno lasciato tracce nel tessuto urbano e nella vita culturale. Colpita dal terremoto del 1908, come Messina, ha saputo rinascere con una ricostruzione moderna che ha ridefinito il volto della citt\u00e0, mantenendo saldo il legame con la propria identit\u00e0 storica.<\/p>\n<p>[\/vc_column_text][\/vc_column][\/vc_row][vc_row][vc_column][vc_empty_space height=&#8221;30px&#8221;][vc_separator css=&#8221;.vc_custom_1756997011572{margin-bottom: 0px !important;padding-top: 20px !important;padding-bottom: 20px !important;}&#8221;][vc_empty_space height=&#8221;30px&#8221;][\/vc_column][\/vc_row][vc_row][vc_column]<div class=\"mgt-header-block clearfix text-right text-black wpb_content_element  mgt-header-block-style-1 mgt-header-texttransform-none  vc_custom_1757003135712\"><h2 class=\"mgt-header-block-title\">Cultura e tradizioni<\/h2><p class=\"mgt-header-block-subtitle\">Citt\u00e0 di Messina<\/p><div class=\"mgt-header-line\"><\/div><\/div>[\/vc_column][\/vc_row][vc_row][vc_column width=&#8221;4\/5&#8243;][vc_column_text css=&#8221;&#8221;]Il simbolo assoluto di Reggio \u00e8 il <strong data-start=\"1946\" data-end=\"1978\">Museo Archeologico Nazionale<\/strong>, che custodisce i celebri <strong data-start=\"2005\" data-end=\"2024\">Bronzi di Riace<\/strong>, due statue greche del V secolo a.C. che rappresentano un patrimonio universale. Il <strong data-start=\"2109\" data-end=\"2132\">lungomare Falcomat\u00e0<\/strong>, costeggiato da palme e ville liberty, \u00e8 stato definito \u201cil pi\u00f9 bel chilometro d\u2019Italia\u201d e costituisce uno dei luoghi pi\u00f9 iconici dello Stretto. La citt\u00e0 \u00e8 anche centro di vivaci tradizioni popolari e religiose, tra cui la festa della Madonna della Consolazione, che ogni anno coinvolge migliaia di fedeli.[\/vc_column_text][\/vc_column][vc_column width=&#8221;1\/5&#8243;][vc_single_image image=&#8221;9&#8243; img_size=&#8221;full&#8221; css=&#8221;&#8221;][\/vc_column][\/vc_row][vc_row][vc_column][vc_empty_space height=&#8221;30px&#8221;][vc_separator css=&#8221;.vc_custom_1756997011572{margin-bottom: 0px !important;padding-top: 20px !important;padding-bottom: 20px !important;}&#8221;][vc_empty_space height=&#8221;30px&#8221;][\/vc_column][\/vc_row][vc_row][vc_column]<div class=\"mgt-header-block clearfix text-left text-black wpb_content_element  mgt-header-block-style-1 mgt-header-texttransform-none  vc_custom_1757003571625\"><h2 class=\"mgt-header-block-title\">Economia e ruolo strategico<\/h2><p class=\"mgt-header-block-subtitle\">Citt\u00e0 di Messina<\/p><div class=\"mgt-header-line\"><\/div><\/div>[\/vc_column][\/vc_row][vc_row][vc_column width=&#8221;1\/5&#8243;][vc_single_image image=&#8221;9&#8243; img_size=&#8221;full&#8221; css=&#8221;&#8221;][\/vc_column][vc_column width=&#8221;4\/5&#8243;][vc_column_text css=&#8221;&#8221;]Reggio Calabria \u00e8 un polo economico e commerciale che svolge un ruolo di cerniera tra la Calabria e il Mediterraneo. Il porto e l\u2019aeroporto dello Stretto la collegano con la Sicilia e altre regioni italiane, mentre le attivit\u00e0 legate al commercio, all\u2019agricoltura e ai servizi ne sostengono l\u2019economia. Il bergamotto, coltivato quasi esclusivamente nella provincia reggina, \u00e8 diventato un prodotto simbolo, richiesto dall\u2019industria profumiera e alimentare a livello mondiale.[\/vc_column_text][\/vc_column][\/vc_row][vc_row][vc_column][vc_empty_space height=&#8221;30px&#8221;][vc_separator]<div style=\"margin-left: auto;margin-right: auto;text-align: center;\" id=\"ponte-1355349277\"><script async src=\"\/\/pagead2.googlesyndication.com\/pagead\/js\/adsbygoogle.js?client=ca-pub-8905959201982646\" crossorigin=\"anonymous\"><\/script><ins class=\"adsbygoogle\" style=\"display:block;\" data-ad-client=\"ca-pub-8905959201982646\" \ndata-ad-slot=\"6695237606\" \ndata-ad-format=\"auto\"><\/ins>\n<script> \n(adsbygoogle = window.adsbygoogle || []).push({}); \n<\/script>\n<\/div>[vc_separator css=&#8221;.vc_custom_1758834819211{margin-bottom: 0px !important;padding-top: 30px !important;}&#8221;][vc_empty_space height=&#8221;50px&#8221;][\/vc_column][\/vc_row][vc_row][vc_column]<div class=\"mgt-header-block clearfix text-right text-black wpb_content_element  mgt-header-block-style-1 mgt-header-texttransform-none  vc_custom_1757003869539\"><h2 class=\"mgt-header-block-title\">Turismo e attrattivit\u00e0<\/h2><p class=\"mgt-header-block-subtitle\">Citt\u00e0 di Messina<\/p><div class=\"mgt-header-line\"><\/div><\/div>[\/vc_column][\/vc_row][vc_row][vc_column width=&#8221;4\/5&#8243;][vc_column_text css=&#8221;&#8221;]Reggio Calabria offre un patrimonio artistico e naturale straordinario. Oltre ai Bronzi e al lungomare, meritano attenzione il Castello Aragonese, il Duomo e la Pinacoteca Civica. Dal punto di vista naturalistico, il <strong data-start=\"3818\" data-end=\"3853\">Parco Nazionale dell\u2019Aspromonte<\/strong> offre paesaggi montani, cascate e sentieri escursionistici di rara bellezza. Le spiagge della costa reggina, come quelle di Scilla, Bagnara e Palmi, attraggono turisti da tutto il mondo per le acque cristalline e i panorami mozzafiato.[\/vc_column_text][\/vc_column][vc_column width=&#8221;1\/5&#8243;][vc_single_image image=&#8221;9&#8243; img_size=&#8221;full&#8221; css=&#8221;&#8221;][\/vc_column][\/vc_row][vc_row][vc_column][vc_empty_space height=&#8221;30px&#8221;][vc_separator][vc_empty_space height=&#8221;30px&#8221;][\/vc_column][\/vc_row][vc_row][vc_column]<div class=\"mgt-header-block clearfix text-left text-black wpb_content_element  mgt-header-block-style-1 mgt-header-texttransform-none  vc_custom_1757004534867\"><h2 class=\"mgt-header-block-title\">Gastronomia<\/h2><p class=\"mgt-header-block-subtitle\">Citt\u00e0 di Messina<\/p><div class=\"mgt-header-line\"><\/div><\/div>[\/vc_column][\/vc_row][vc_row][vc_column width=&#8221;1\/5&#8243;][vc_single_image image=&#8221;9&#8243; img_size=&#8221;full&#8221; css=&#8221;&#8221;][\/vc_column][vc_column width=&#8221;4\/5&#8243;][vc_column_text css=&#8221;&#8221;]La cucina reggina \u00e8 un viaggio nei sapori del Sud. Il <strong data-start=\"3028\" data-end=\"3043\">pesce spada<\/strong>, cucinato alla griglia o con la tipica \u201cghiotta\u201d, \u00e8 uno dei piatti pi\u00f9 rappresentativi. Accanto a esso, spiccano specialit\u00e0 come le <strong data-start=\"3176\" data-end=\"3188\">frittole<\/strong> (piatto tradizionale a base di carne di maiale), la <strong data-start=\"3241\" data-end=\"3256\">struncatura<\/strong> (pasta di origini popolari oggi rivisitata in chiave gourmet) e i dolci come le <strong data-start=\"3337\" data-end=\"3347\">nzuddi<\/strong> e il <strong data-start=\"3353\" data-end=\"3377\">gelato al bergamotto<\/strong>. Proprio il bergamotto, agrume tipico della zona, \u00e8 un tratto distintivo della gastronomia reggina, utilizzato in liquori, granite e preparazioni raffinate che ne esaltano unicit\u00e0 e profumo.[\/vc_column_text][\/vc_column][\/vc_row][vc_row][vc_column][vc_empty_space height=&#8221;30px&#8221;][vc_separator][vc_empty_space height=&#8221;30px&#8221;][\/vc_column][\/vc_row][vc_row][vc_column]<div class=\"mgt-header-block clearfix text-right text-black wpb_content_element  mgt-header-block-style-1 mgt-header-texttransform-none  vc_custom_1757004568116\"><h2 class=\"mgt-header-block-title\">Messina e il futuro<\/h2><p class=\"mgt-header-block-subtitle\">Citt\u00e0 di Messina<\/p><div class=\"mgt-header-line\"><\/div><\/div>[\/vc_column][\/vc_row][vc_row][vc_column width=&#8221;4\/5&#8243;][vc_column_text css=&#8221;&#8221;]Reggio Calabria guarda al futuro con l\u2019ambizione di rafforzare la sua vocazione turistica e culturale, valorizzando il patrimonio archeologico e le bellezze naturali. L\u2019arrivo del <strong data-start=\"4300\" data-end=\"4323\">Ponte sullo Stretto<\/strong> rappresenta un\u2019opportunit\u00e0 storica per migliorare i collegamenti e integrare ancora di pi\u00f9 la citt\u00e0 con Messina, creando un unico polo urbano e socio-economico. Innovazione, turismo sostenibile e valorizzazione delle produzioni locali, a partire dal bergamotto, saranno i pilastri del futuro. Reggio si prepara cos\u00ec a diventare sempre pi\u00f9 un punto di riferimento nel Mediterraneo, capace di unire identit\u00e0, sviluppo e modernit\u00e0.[\/vc_column_text][\/vc_column][vc_column width=&#8221;1\/5&#8243;][vc_single_image image=&#8221;9&#8243; img_size=&#8221;full&#8221; css=&#8221;&#8221;][\/vc_column][\/vc_row][vc_row][vc_column][vc_empty_space height=&#8221;30px&#8221;][vc_separator]<div style=\"margin-left: auto;margin-right: auto;text-align: center;\" id=\"ponte-511594727\"><script async src=\"\/\/pagead2.googlesyndication.com\/pagead\/js\/adsbygoogle.js?client=ca-pub-8905959201982646\" crossorigin=\"anonymous\"><\/script><ins class=\"adsbygoogle\" style=\"display:block;\" data-ad-client=\"ca-pub-8905959201982646\" \ndata-ad-slot=\"6695237606\" \ndata-ad-format=\"auto\"><\/ins>\n<script> \n(adsbygoogle = window.adsbygoogle || []).push({}); \n<\/script>\n<\/div>[\/vc_column][\/vc_row]<\/p>\n<\/div>","protected":false},"excerpt":{"rendered":"<p>[vc_row][vc_column][vc_empty_space height=&#8221;35px&#8221;][vc_empty_space height=&#8221;30px&#8221;][\/vc_column][\/vc_row][vc_row][vc_column width=&#8221;1\/2&#8243; css=&#8221;.vc_custom_1460641256688{margin-right: 0px !important;padding-right: 0px !important;}&#8221;][\/vc_column][vc_column width=&#8221;1\/2&#8243; css=&#8221;.vc_custom_1460641327282{margin-left: 0px !important;padding-left: 0px !important;}&#8221;][\/vc_column][\/vc_row][vc_row css=&#8221;.vc_custom_1460536155154{margin-right: -25px !important;margin-left: -15px !important;}&#8221;][vc_column][vc_empty_space height=&#8221;30px&#8221;][vc_images_carousel images=&#8221;8146,8172,8136&#8243; img_size=&#8221;full&#8221; slides_per_view=&#8221;3&#8243; hide_pagination_control=&#8221;yes&#8221; wrap=&#8221;yes&#8221; css=&#8221;.vc_custom_1758834532082{margin-left: -10px !important;}&#8221;][vc_empty_space height=&#8221;30px&#8221;][\/vc_column][\/vc_row][vc_row][vc_column][vc_column_text&#8230;<\/p>\n","protected":false},"author":2,"featured_media":0,"parent":0,"menu_order":0,"comment_status":"closed","ping_status":"closed","template":"","meta":{"_uf_show_specific_survey":0,"_uf_disable_surveys":false,"footnotes":""},"class_list":["post-5768","page","type-page","status-publish","hentry"],"yoast_head":"<!-- This site is optimized with the Yoast SEO plugin v26.5 - https:\/\/yoast.com\/wordpress\/plugins\/seo\/ -->\n<title>Reggio Calabria | Ponte di Messina<\/title>\n<meta name=\"description\" content=\"Capitale culturale della sponda calabrese dello Stretto e una delle citt\u00e0 pi\u00f9 antiche d\u2019Italia, con radici profonde nella Magna Grecia\" \/>\n<meta name=\"robots\" content=\"index, follow, max-snippet:-1, max-image-preview:large, max-video-preview:-1\" \/>\n<link rel=\"canonical\" href=\"https:\/\/pontedimessina.it\/it\/reggio-calabria\/\" \/>\n<meta property=\"og:locale\" content=\"it_IT\" \/>\n<meta property=\"og:type\" content=\"article\" \/>\n<meta property=\"og:title\" content=\"Reggio Calabria | Ponte di Messina\" \/>\n<meta property=\"og:description\" content=\"Capitale culturale della sponda calabrese dello Stretto e una delle citt\u00e0 pi\u00f9 antiche d\u2019Italia, con radici profonde nella Magna Grecia\" \/>\n<meta property=\"og:url\" content=\"https:\/\/pontedimessina.it\/it\/reggio-calabria\/\" \/>\n<meta property=\"og:site_name\" content=\"Ponte di Messina\" \/>\n<meta property=\"article:modified_time\" content=\"2025-10-06T20:55:14+00:00\" \/>\n<meta name=\"twitter:card\" content=\"summary_large_image\" \/>\n<script type=\"application\/ld+json\" class=\"yoast-schema-graph\">{\"@context\":\"https:\/\/schema.org\",\"@graph\":[{\"@type\":\"WebPage\",\"@id\":\"https:\/\/pontedimessina.it\/it\/reggio-calabria\/\",\"url\":\"https:\/\/pontedimessina.it\/it\/reggio-calabria\/\",\"name\":\"Reggio Calabria | Ponte di Messina\",\"isPartOf\":{\"@id\":\"https:\/\/pontedimessina.it\/it\/#website\"},\"datePublished\":\"2025-09-04T16:55:07+00:00\",\"dateModified\":\"2025-10-06T20:55:14+00:00\",\"description\":\"Capitale culturale della sponda calabrese dello Stretto e una delle citt\u00e0 pi\u00f9 antiche d\u2019Italia, con radici profonde nella Magna Grecia\",\"breadcrumb\":{\"@id\":\"https:\/\/pontedimessina.it\/it\/reggio-calabria\/#breadcrumb\"},\"inLanguage\":\"it-IT\",\"potentialAction\":[{\"@type\":\"ReadAction\",\"target\":[\"https:\/\/pontedimessina.it\/it\/reggio-calabria\/\"]}]},{\"@type\":\"BreadcrumbList\",\"@id\":\"https:\/\/pontedimessina.it\/it\/reggio-calabria\/#breadcrumb\",\"itemListElement\":[{\"@type\":\"ListItem\",\"position\":1,\"name\":\"Home\",\"item\":\"https:\/\/pontedimessina.it\/it\/\"},{\"@type\":\"ListItem\",\"position\":2,\"name\":\"Reggio Calabria\"}]},{\"@type\":\"WebSite\",\"@id\":\"https:\/\/pontedimessina.it\/it\/#website\",\"url\":\"https:\/\/pontedimessina.it\/it\/\",\"name\":\"Ponte di Messina\",\"description\":\"One Bridge. One Country. One Vision.\",\"alternateName\":\"Pontedimessina.it\",\"potentialAction\":[{\"@type\":\"SearchAction\",\"target\":{\"@type\":\"EntryPoint\",\"urlTemplate\":\"https:\/\/pontedimessina.it\/it\/?s={search_term_string}\"},\"query-input\":{\"@type\":\"PropertyValueSpecification\",\"valueRequired\":true,\"valueName\":\"search_term_string\"}}],\"inLanguage\":\"it-IT\"}]}<\/script>\n<!-- \/ Yoast SEO plugin. -->","yoast_head_json":{"title":"Reggio Calabria | Ponte di Messina","description":"Capitale culturale della sponda calabrese dello Stretto e una delle citt\u00e0 pi\u00f9 antiche d\u2019Italia, con radici profonde nella Magna Grecia","robots":{"index":"index","follow":"follow","max-snippet":"max-snippet:-1","max-image-preview":"max-image-preview:large","max-video-preview":"max-video-preview:-1"},"canonical":"https:\/\/pontedimessina.it\/it\/reggio-calabria\/","og_locale":"it_IT","og_type":"article","og_title":"Reggio Calabria | Ponte di Messina","og_description":"Capitale culturale della sponda calabrese dello Stretto e una delle citt\u00e0 pi\u00f9 antiche d\u2019Italia, con radici profonde nella Magna Grecia","og_url":"https:\/\/pontedimessina.it\/it\/reggio-calabria\/","og_site_name":"Ponte di Messina","article_modified_time":"2025-10-06T20:55:14+00:00","twitter_card":"summary_large_image","schema":{"@context":"https:\/\/schema.org","@graph":[{"@type":"WebPage","@id":"https:\/\/pontedimessina.it\/it\/reggio-calabria\/","url":"https:\/\/pontedimessina.it\/it\/reggio-calabria\/","name":"Reggio Calabria | Ponte di Messina","isPartOf":{"@id":"https:\/\/pontedimessina.it\/it\/#website"},"datePublished":"2025-09-04T16:55:07+00:00","dateModified":"2025-10-06T20:55:14+00:00","description":"Capitale culturale della sponda calabrese dello Stretto e una delle citt\u00e0 pi\u00f9 antiche d\u2019Italia, con radici profonde nella Magna Grecia","breadcrumb":{"@id":"https:\/\/pontedimessina.it\/it\/reggio-calabria\/#breadcrumb"},"inLanguage":"it-IT","potentialAction":[{"@type":"ReadAction","target":["https:\/\/pontedimessina.it\/it\/reggio-calabria\/"]}]},{"@type":"BreadcrumbList","@id":"https:\/\/pontedimessina.it\/it\/reggio-calabria\/#breadcrumb","itemListElement":[{"@type":"ListItem","position":1,"name":"Home","item":"https:\/\/pontedimessina.it\/it\/"},{"@type":"ListItem","position":2,"name":"Reggio Calabria"}]},{"@type":"WebSite","@id":"https:\/\/pontedimessina.it\/it\/#website","url":"https:\/\/pontedimessina.it\/it\/","name":"Ponte di Messina","description":"One Bridge. One Country. One Vision.","alternateName":"Pontedimessina.it","potentialAction":[{"@type":"SearchAction","target":{"@type":"EntryPoint","urlTemplate":"https:\/\/pontedimessina.it\/it\/?s={search_term_string}"},"query-input":{"@type":"PropertyValueSpecification","valueRequired":true,"valueName":"search_term_string"}}],"inLanguage":"it-IT"}]}},"_links":{"self":[{"href":"https:\/\/pontedimessina.it\/it\/wp-json\/wp\/v2\/pages\/5768","targetHints":{"allow":["GET"]}}],"collection":[{"href":"https:\/\/pontedimessina.it\/it\/wp-json\/wp\/v2\/pages"}],"about":[{"href":"https:\/\/pontedimessina.it\/it\/wp-json\/wp\/v2\/types\/page"}],"author":[{"embeddable":true,"href":"https:\/\/pontedimessina.it\/it\/wp-json\/wp\/v2\/users\/2"}],"replies":[{"embeddable":true,"href":"https:\/\/pontedimessina.it\/it\/wp-json\/wp\/v2\/comments?post=5768"}],"version-history":[{"count":0,"href":"https:\/\/pontedimessina.it\/it\/wp-json\/wp\/v2\/pages\/5768\/revisions"}],"wp:attachment":[{"href":"https:\/\/pontedimessina.it\/it\/wp-json\/wp\/v2\/media?parent=5768"}],"curies":[{"name":"wp","href":"https:\/\/api.w.org\/{rel}","templated":true}]}}