{"id":5744,"date":"2025-09-04T18:00:29","date_gmt":"2025-09-04T16:00:29","guid":{"rendered":"https:\/\/ai2ai.it\/?page_id=5744"},"modified":"2025-10-14T19:51:28","modified_gmt":"2025-10-14T17:51:28","slug":"messina","status":"publish","type":"page","link":"https:\/\/pontedimessina.it\/it\/messina\/","title":{"rendered":"Messina"},"content":{"rendered":"<div class=\"wpb-content-wrapper\"><p>[vc_row][vc_column][vc_empty_space height=&#8221;35px&#8221;]<div style=\"margin-left: auto;margin-right: auto;text-align: center;\" id=\"ponte-1225093453\"><a href=\"https:\/\/pontedimessina.it\/it\/visibility\/\" aria-label=\"ICC Digital Media | Ponte di Messina\"><img loading=\"lazy\" decoding=\"async\" src=\"https:\/\/pontedimessina.it\/wp-content\/uploads\/2025\/10\/banner-icc-connection.png\" alt=\"ICC Digital Media | Ponte di Messina\"  srcset=\"https:\/\/pontedimessina.it\/wp-content\/uploads\/2025\/10\/banner-icc-connection.png 764w, https:\/\/pontedimessina.it\/wp-content\/uploads\/2025\/10\/banner-icc-connection-350x49.png 350w, https:\/\/pontedimessina.it\/wp-content\/uploads\/2025\/10\/banner-icc-connection-600x83.png 600w\" sizes=\"auto, (max-width: 764px) 100vw, 764px\" width=\"764\" height=\"106\"  style=\"display: inline-block;\" \/><\/a><\/div>[vc_empty_space height=&#8221;35px&#8221;][\/vc_column][\/vc_row][vc_row][vc_column width=&#8221;1\/2&#8243; css=&#8221;.vc_custom_1460641256688{margin-right: 0px !important;padding-right: 0px !important;}&#8221;]<style scoped='scoped'>.mgt-promo-block-36261014417.mgt-promo-block .mgt-promo-block-content h2 {font-size: 30px;line-height: normal!important;}<\/style><div class=\"mgt-promo-block black-text text-size-normal no-darken mgt-promo-block-36261014417 wpb_content_element\" data-style=\"background-color: #f5f5f5;width: 100%; height: 400px;\"><div class=\"mgt-promo-block-content\"><div class=\"mgt-promo-block-content-inside vc_custom_1760464285512\">\n<h4>Stretto di Messina<\/h4>\n<h2 style=\"text-align: left\"><strong>Citt\u00e0 di Messina<\/strong><\/h2>\n<p data-start=\"1147\" data-end=\"1193\"><span style=\"color: #333333\">Messina, affacciata sullo Stretto che porta il suo nome, \u00e8 la vera porta d\u2019ingresso alla Sicilia e uno dei centri pi\u00f9 emblematici del Mediterraneo. Citt\u00e0 resiliente, segnata nei secoli da terremoti e ricostruzioni, ha saputo preservare un\u2019identit\u00e0 millenaria che si intreccia con mito, cultura e tradizioni popolari.<\/span>\n<\/div><\/div><\/div>[\/vc_column][vc_column width=&#8221;1\/2&#8243; css=&#8221;.vc_custom_1460641327282{margin-left: 0px !important;padding-left: 0px !important;}&#8221;]<style scoped='scoped'>.mgt-promo-block-36261014317.mgt-promo-block .mgt-promo-block-content h2 {font-size: 30px;line-height: normal!important;}<\/style><div class=\"mgt-promo-block black-text cover-image text-size-normal no-darken mgt-promo-block-36261014317 wpb_content_element\" data-style=\"background-color: #f5f5f5;background-image: url(https:\/\/pontedimessina.it\/wp-content\/uploads\/2025\/09\/citta-di-messina.png);background-repeat: no-repeat;width: 100%; height: 400px;\"><div class=\"mgt-promo-block-content\"><div class=\"mgt-promo-block-content-inside\"><\/div><\/div><\/div>[\/vc_column][\/vc_row][vc_row][vc_column][vc_empty_space height=&#8221;30px&#8221;][\/vc_column][\/vc_row][vc_row css=&#8221;.vc_custom_1460536155154{margin-right: -25px !important;margin-left: -15px !important;}&#8221;][vc_column][vc_images_carousel images=&#8221;8160,8155,8140,8166&#8243; img_size=&#8221;full&#8221; slides_per_view=&#8221;3&#8243; hide_pagination_control=&#8221;yes&#8221; wrap=&#8221;yes&#8221; css=&#8221;.vc_custom_1758833753938{margin-left: -10px !important;}&#8221;][\/vc_column][\/vc_row][vc_row][vc_column][vc_column_text css=&#8221;&#8221;]Il Duomo con il suo campanile, l\u2019Orologio Astronomico e la Fontana di Orione sono simboli della sua forza artistica, mentre il porto la conferma come nodo strategico per scambi, traffici e turismo. Messina \u00e8 anche citt\u00e0 universitaria e commerciale, con una gastronomia che racconta l\u2019anima siciliana tra pesce spada, granite e arancini.<br \/>\nInserita in un paesaggio naturale spettacolare, tra il mare e i Monti Peloritani, si propone come punto di incontro tra storia, modernit\u00e0 e futuro. Con il Ponte di Messina, la citt\u00e0 si prepara a rafforzare ancora di pi\u00f9 il suo ruolo strategico e culturale.[\/vc_column_text][\/vc_column][\/vc_row][vc_row][vc_column][vc_separator css=&#8221;.vc_custom_1756997011572{margin-bottom: 0px !important;padding-top: 20px !important;padding-bottom: 20px !important;}&#8221;][vc_empty_space height=&#8221;30px&#8221;][\/vc_column][\/vc_row][vc_row][vc_column]<div class=\"mgt-header-block clearfix text-left text-black wpb_content_element  mgt-header-block-style-1 mgt-header-texttransform-none  vc_custom_1757002794417\"><h2 class=\"mgt-header-block-title\">Storia e identit\u00e0<\/h2><p class=\"mgt-header-block-subtitle\">Citt\u00e0 di Messina<\/p><div class=\"mgt-header-line\"><\/div><\/div>[\/vc_column][\/vc_row][vc_row][vc_column width=&#8221;1\/5&#8243;][vc_single_image image=&#8221;9&#8243; img_size=&#8221;full&#8221; css=&#8221;&#8221;][\/vc_column][vc_column width=&#8221;4\/5&#8243;][vc_column_text css=&#8221;.vc_custom_1758834178044{margin-bottom: 0px !important;}&#8221;]<\/p>\n<p data-start=\"1293\" data-end=\"1883\">Messina ha origini antichissime: fondata dai Greci con il nome di Zancle, fu poi rifondata dai Romani e successivamente dominata da Normanni, Arabi e Spagnoli. Questa stratificazione storica si riflette ancora oggi nella sua architettura, nelle tradizioni religiose e nel carattere della popolazione. Colpita duramente dal terremoto del 1908, che ne distrusse gran parte del centro storico, la citt\u00e0 ha saputo rinascere, ricostruendo monumenti e rinnovando la propria identit\u00e0. Il Duomo, ricostruito sull\u2019impianto medievale, rappresenta il cuore religioso e culturale di Messina.<\/p>\n<p>[\/vc_column_text][\/vc_column][\/vc_row][vc_row][vc_column][vc_empty_space height=&#8221;30px&#8221;][vc_separator css=&#8221;.vc_custom_1758834053264{margin-bottom: 0px !important;padding-top: 20px !important;padding-bottom: 20px !important;}&#8221;][vc_empty_space height=&#8221;30px&#8221;][\/vc_column][\/vc_row][vc_row][vc_column]<div class=\"mgt-header-block clearfix text-right text-black wpb_content_element  mgt-header-block-style-1 mgt-header-texttransform-none  vc_custom_1757003135712\"><h2 class=\"mgt-header-block-title\">Cultura e tradizioni<\/h2><p class=\"mgt-header-block-subtitle\">Citt\u00e0 di Messina<\/p><div class=\"mgt-header-line\"><\/div><\/div>[\/vc_column][\/vc_row][vc_row][vc_column width=&#8221;4\/5&#8243;][vc_column_text css=&#8221;&#8221;]<\/p>\n<p data-start=\"1912\" data-end=\"2360\">Messina \u00e8 una citt\u00e0 profondamente legata alla fede e alle tradizioni popolari. Ogni anno, la processione della Vara, dedicata all\u2019Assunta, richiama migliaia di fedeli e visitatori. L\u2019Orologio Astronomico del campanile del Duomo, uno dei pi\u00f9 grandi al mondo, scandisce le ore con spettacoli meccanici che affascinano turisti e cittadini. L\u2019Universit\u00e0 degli Studi di Messina, fondata nel 1548, \u00e8 uno dei poli culturali pi\u00f9 importanti della Sicilia.<\/p>\n<p>[\/vc_column_text][\/vc_column][vc_column width=&#8221;1\/5&#8243;][vc_single_image image=&#8221;9&#8243; img_size=&#8221;full&#8221; css=&#8221;&#8221;][\/vc_column][\/vc_row][vc_row][vc_column][vc_empty_space height=&#8221;30px&#8221;][vc_separator css=&#8221;.vc_custom_1756997011572{margin-bottom: 0px !important;padding-top: 20px !important;padding-bottom: 20px !important;}&#8221;][vc_empty_space height=&#8221;30px&#8221;][\/vc_column][\/vc_row][vc_row][vc_column]<div class=\"mgt-header-block clearfix text-left text-black wpb_content_element  mgt-header-block-style-1 mgt-header-texttransform-none  vc_custom_1757003571625\"><h2 class=\"mgt-header-block-title\">Economia e ruolo strategico<\/h2><p class=\"mgt-header-block-subtitle\">Citt\u00e0 di Messina<\/p><div class=\"mgt-header-line\"><\/div><\/div>[\/vc_column][\/vc_row][vc_row][vc_column width=&#8221;1\/5&#8243;][vc_single_image image=&#8221;9&#8243; img_size=&#8221;full&#8221; css=&#8221;&#8221;][\/vc_column][vc_column width=&#8221;4\/5&#8243;][vc_column_text css=&#8221;&#8221;]<\/p>\n<p data-start=\"2396\" data-end=\"2874\">Il porto di Messina \u00e8 tra i pi\u00f9 attivi del Mediterraneo: punto di partenza per traghetti e crociere, collega quotidianamente la Sicilia alla Calabria e ad altre destinazioni nazionali e internazionali. Accanto al porto passeggeri, la citt\u00e0 ospita attivit\u00e0 commerciali, cantieristiche e servizi che ne rafforzano il ruolo economico. Messina \u00e8 inoltre un centro di scambi e innovazione, con l\u2019universit\u00e0 e la presenza di settori legati alla logistica, ai trasporti e al turismo.<\/p>\n<p>[\/vc_column_text][\/vc_column][\/vc_row][vc_row][vc_column][vc_empty_space height=&#8221;30px&#8221;][vc_separator]<div style=\"margin-left: auto;margin-right: auto;text-align: center;\" id=\"ponte-1299374934\"><script async src=\"\/\/pagead2.googlesyndication.com\/pagead\/js\/adsbygoogle.js?client=ca-pub-8905959201982646\" crossorigin=\"anonymous\"><\/script><ins class=\"adsbygoogle\" style=\"display:block;\" data-ad-client=\"ca-pub-8905959201982646\" \ndata-ad-slot=\"6695237606\" \ndata-ad-format=\"auto\"><\/ins>\n<script> \n(adsbygoogle = window.adsbygoogle || []).push({}); \n<\/script>\n<\/div>[vc_separator css=&#8221;.vc_custom_1758833832714{padding-top: 30px !important;}&#8221;][vc_empty_space height=&#8221;30px&#8221;][\/vc_column][\/vc_row][vc_row][vc_column]<div class=\"mgt-header-block clearfix text-right text-black wpb_content_element  mgt-header-block-style-1 mgt-header-texttransform-none  vc_custom_1757003869539\"><h2 class=\"mgt-header-block-title\">Turismo e attrattivit\u00e0<\/h2><p class=\"mgt-header-block-subtitle\">Citt\u00e0 di Messina<\/p><div class=\"mgt-header-line\"><\/div><\/div>[\/vc_column][\/vc_row][vc_row][vc_column width=&#8221;4\/5&#8243;][vc_column_text css=&#8221;&#8221;]Messina offre un patrimonio turistico ricco e variegato. Oltre al Duomo e al suo campanile, meritano attenzione la Fontana di Nettuno, il Museo Regionale (dove sono custodite opere di Caravaggio e Antonello da Messina), il Santuario di Montalto e la panoramica Via della Libert\u00e0. Dal punto di vista naturalistico, i Monti Peloritani offrono itinerari escursionistici con viste mozzafiato sullo Stretto. Le spiagge vicine, come quelle di Ganzirri e Torre Faro, sono meta di chi cerca mare e relax. La citt\u00e0 \u00e8 anche base ideale per escursioni verso le Isole Eolie.[\/vc_column_text][\/vc_column][vc_column width=&#8221;1\/5&#8243;][vc_single_image image=&#8221;9&#8243; img_size=&#8221;full&#8221; css=&#8221;&#8221;][\/vc_column][\/vc_row][vc_row][vc_column][vc_empty_space height=&#8221;30px&#8221;][vc_separator][vc_empty_space height=&#8221;30px&#8221;][\/vc_column][\/vc_row][vc_row][vc_column]<div class=\"mgt-header-block clearfix text-left text-black wpb_content_element  mgt-header-block-style-1 mgt-header-texttransform-none  vc_custom_1757004534867\"><h2 class=\"mgt-header-block-title\">Gastronomia<\/h2><p class=\"mgt-header-block-subtitle\">Citt\u00e0 di Messina<\/p><div class=\"mgt-header-line\"><\/div><\/div>[\/vc_column][\/vc_row][vc_row][vc_column width=&#8221;1\/5&#8243;][vc_single_image image=&#8221;9&#8243; img_size=&#8221;full&#8221; css=&#8221;&#8221;][\/vc_column][vc_column width=&#8221;4\/5&#8243;][vc_column_text css=&#8221;&#8221;]La cucina messinese \u00e8 una delle pi\u00f9 autentiche e identitarie della Sicilia. Il <strong data-start=\"2493\" data-end=\"2508\">pesce spada<\/strong>, protagonista delle tavole locali, viene cucinato alla ghiotta o alla brace, con ricette che risalgono a tradizioni marinare antichissime. Gli <strong data-start=\"2652\" data-end=\"2674\">arancini messinesi<\/strong>, pi\u00f9 appuntiti di quelli catanesi, sono simbolo dello street food cittadino. La <strong data-start=\"2755\" data-end=\"2777\">focaccia messinese<\/strong>, con scarola, tuma e acciughe, \u00e8 un piatto identitario, mentre le <strong data-start=\"2844\" data-end=\"2854\">pidoni<\/strong> sono fragranti calzoni ripieni. Le granite, accompagnate da soffice brioche, rappresentano un vero rito quotidiano, con gusti che spaziano dal limone al gelsomino. Infine, la pasticceria a base di mandorle, cannoli e cassata arricchisce un panorama gastronomico che fa di Messina una tappa irrinunciabile per i viaggiatori gourmet.[\/vc_column_text][\/vc_column][\/vc_row][vc_row][vc_column][vc_empty_space height=&#8221;30px&#8221;][vc_separator][vc_empty_space height=&#8221;30px&#8221;][\/vc_column][\/vc_row][vc_row][vc_column]<div class=\"mgt-header-block clearfix text-right text-black wpb_content_element  mgt-header-block-style-1 mgt-header-texttransform-none  vc_custom_1757004568116\"><h2 class=\"mgt-header-block-title\">Messina e il futuro<\/h2><p class=\"mgt-header-block-subtitle\">Citt\u00e0 di Messina<\/p><div class=\"mgt-header-line\"><\/div><\/div>[\/vc_column][\/vc_row][vc_row][vc_column width=&#8221;4\/5&#8243;][vc_column_text css=&#8221;&#8221;]Messina non \u00e8 soltanto memoria storica: \u00e8 una citt\u00e0 che guarda avanti. Il progetto del <strong data-start=\"3766\" data-end=\"3789\">Ponte sullo Stretto<\/strong> rafforzer\u00e0 il suo ruolo di hub strategico tra Sicilia e continente, ampliando i collegamenti e le opportunit\u00e0 economiche. Turismo, universit\u00e0 e innovazione tecnologica rappresentano i pilastri del suo futuro, insieme alla valorizzazione del porto come polo crocieristico internazionale. La sfida \u00e8 trasformare Messina in un laboratorio di sviluppo sostenibile, capace di unire cultura, mare e modernit\u00e0, confermando il suo ruolo di protagonista nel Mediterraneo del XXI secolo.[\/vc_column_text][\/vc_column][vc_column width=&#8221;1\/5&#8243;][vc_single_image image=&#8221;9&#8243; img_size=&#8221;full&#8221; css=&#8221;&#8221;][\/vc_column][\/vc_row][vc_row][vc_column][vc_empty_space height=&#8221;30px&#8221;][vc_separator]<div style=\"margin-left: auto;margin-right: auto;text-align: center;\" id=\"ponte-1902637259\"><script async src=\"\/\/pagead2.googlesyndication.com\/pagead\/js\/adsbygoogle.js?client=ca-pub-8905959201982646\" crossorigin=\"anonymous\"><\/script><ins class=\"adsbygoogle\" style=\"display:block;\" data-ad-client=\"ca-pub-8905959201982646\" \ndata-ad-slot=\"6695237606\" \ndata-ad-format=\"auto\"><\/ins>\n<script> \n(adsbygoogle = window.adsbygoogle || []).push({}); \n<\/script>\n<\/div>[\/vc_column][\/vc_row]<\/p>\n<\/div>","protected":false},"excerpt":{"rendered":"<p>[vc_row][vc_column][vc_empty_space height=&#8221;35px&#8221;][vc_empty_space height=&#8221;35px&#8221;][\/vc_column][\/vc_row][vc_row][vc_column width=&#8221;1\/2&#8243; css=&#8221;.vc_custom_1460641256688{margin-right: 0px !important;padding-right: 0px !important;}&#8221;][\/vc_column][vc_column width=&#8221;1\/2&#8243; css=&#8221;.vc_custom_1460641327282{margin-left: 0px !important;padding-left: 0px !important;}&#8221;][\/vc_column][\/vc_row][vc_row][vc_column][vc_empty_space height=&#8221;30px&#8221;][\/vc_column][\/vc_row][vc_row css=&#8221;.vc_custom_1460536155154{margin-right: -25px !important;margin-left: -15px !important;}&#8221;][vc_column][vc_images_carousel images=&#8221;8160,8155,8140,8166&#8243; img_size=&#8221;full&#8221; slides_per_view=&#8221;3&#8243; hide_pagination_control=&#8221;yes&#8221; wrap=&#8221;yes&#8221; css=&#8221;.vc_custom_1758833753938{margin-left: -10px !important;}&#8221;][\/vc_column][\/vc_row][vc_row][vc_column][vc_column_text css=&#8221;&#8221;]Il&#8230;<\/p>\n","protected":false},"author":2,"featured_media":0,"parent":0,"menu_order":0,"comment_status":"closed","ping_status":"closed","template":"","meta":{"_uf_show_specific_survey":0,"_uf_disable_surveys":false,"footnotes":""},"class_list":["post-5744","page","type-page","status-publish","hentry"],"yoast_head":"<!-- This site is optimized with the Yoast SEO plugin v26.5 - https:\/\/yoast.com\/wordpress\/plugins\/seo\/ -->\n<title>Messina - Citt\u00e0 dello Stretto | Ponte di Messina<\/title>\n<meta name=\"description\" content=\"La citt\u00e0 di Messina, affacciata sullo Stretto, \u00e8 la porta d\u2019ingresso alla Sicilia e uno dei centri pi\u00f9 emblematici e storici del Mediterraneo.\" \/>\n<meta name=\"robots\" content=\"index, follow, max-snippet:-1, max-image-preview:large, max-video-preview:-1\" \/>\n<link rel=\"canonical\" href=\"https:\/\/pontedimessina.it\/it\/messina\/\" \/>\n<meta property=\"og:locale\" content=\"it_IT\" \/>\n<meta property=\"og:type\" content=\"article\" \/>\n<meta property=\"og:title\" content=\"Messina - Citt\u00e0 dello Stretto | Ponte di Messina\" \/>\n<meta property=\"og:description\" content=\"La citt\u00e0 di Messina, affacciata sullo Stretto, \u00e8 la porta d\u2019ingresso alla Sicilia e uno dei centri pi\u00f9 emblematici e storici del Mediterraneo.\" \/>\n<meta property=\"og:url\" content=\"https:\/\/pontedimessina.it\/it\/messina\/\" \/>\n<meta property=\"og:site_name\" content=\"Ponte di Messina\" \/>\n<meta property=\"article:modified_time\" content=\"2025-10-14T17:51:28+00:00\" \/>\n<meta name=\"twitter:card\" content=\"summary_large_image\" \/>\n<script type=\"application\/ld+json\" class=\"yoast-schema-graph\">{\"@context\":\"https:\/\/schema.org\",\"@graph\":[{\"@type\":\"WebPage\",\"@id\":\"https:\/\/pontedimessina.it\/it\/messina\/\",\"url\":\"https:\/\/pontedimessina.it\/it\/messina\/\",\"name\":\"Messina - Citt\u00e0 dello Stretto | Ponte di Messina\",\"isPartOf\":{\"@id\":\"https:\/\/pontedimessina.it\/it\/#website\"},\"datePublished\":\"2025-09-04T16:00:29+00:00\",\"dateModified\":\"2025-10-14T17:51:28+00:00\",\"description\":\"La citt\u00e0 di Messina, affacciata sullo Stretto, \u00e8 la porta d\u2019ingresso alla Sicilia e uno dei centri pi\u00f9 emblematici e storici del Mediterraneo.\",\"breadcrumb\":{\"@id\":\"https:\/\/pontedimessina.it\/it\/messina\/#breadcrumb\"},\"inLanguage\":\"it-IT\",\"potentialAction\":[{\"@type\":\"ReadAction\",\"target\":[\"https:\/\/pontedimessina.it\/it\/messina\/\"]}]},{\"@type\":\"BreadcrumbList\",\"@id\":\"https:\/\/pontedimessina.it\/it\/messina\/#breadcrumb\",\"itemListElement\":[{\"@type\":\"ListItem\",\"position\":1,\"name\":\"Home\",\"item\":\"https:\/\/pontedimessina.it\/it\/\"},{\"@type\":\"ListItem\",\"position\":2,\"name\":\"Messina\"}]},{\"@type\":\"WebSite\",\"@id\":\"https:\/\/pontedimessina.it\/it\/#website\",\"url\":\"https:\/\/pontedimessina.it\/it\/\",\"name\":\"Ponte di Messina\",\"description\":\"One Bridge. One Country. One Vision.\",\"alternateName\":\"Pontedimessina.it\",\"potentialAction\":[{\"@type\":\"SearchAction\",\"target\":{\"@type\":\"EntryPoint\",\"urlTemplate\":\"https:\/\/pontedimessina.it\/it\/?s={search_term_string}\"},\"query-input\":{\"@type\":\"PropertyValueSpecification\",\"valueRequired\":true,\"valueName\":\"search_term_string\"}}],\"inLanguage\":\"it-IT\"}]}<\/script>\n<!-- \/ Yoast SEO plugin. -->","yoast_head_json":{"title":"Messina - Citt\u00e0 dello Stretto | Ponte di Messina","description":"La citt\u00e0 di Messina, affacciata sullo Stretto, \u00e8 la porta d\u2019ingresso alla Sicilia e uno dei centri pi\u00f9 emblematici e storici del Mediterraneo.","robots":{"index":"index","follow":"follow","max-snippet":"max-snippet:-1","max-image-preview":"max-image-preview:large","max-video-preview":"max-video-preview:-1"},"canonical":"https:\/\/pontedimessina.it\/it\/messina\/","og_locale":"it_IT","og_type":"article","og_title":"Messina - Citt\u00e0 dello Stretto | Ponte di Messina","og_description":"La citt\u00e0 di Messina, affacciata sullo Stretto, \u00e8 la porta d\u2019ingresso alla Sicilia e uno dei centri pi\u00f9 emblematici e storici del Mediterraneo.","og_url":"https:\/\/pontedimessina.it\/it\/messina\/","og_site_name":"Ponte di Messina","article_modified_time":"2025-10-14T17:51:28+00:00","twitter_card":"summary_large_image","schema":{"@context":"https:\/\/schema.org","@graph":[{"@type":"WebPage","@id":"https:\/\/pontedimessina.it\/it\/messina\/","url":"https:\/\/pontedimessina.it\/it\/messina\/","name":"Messina - Citt\u00e0 dello Stretto | Ponte di Messina","isPartOf":{"@id":"https:\/\/pontedimessina.it\/it\/#website"},"datePublished":"2025-09-04T16:00:29+00:00","dateModified":"2025-10-14T17:51:28+00:00","description":"La citt\u00e0 di Messina, affacciata sullo Stretto, \u00e8 la porta d\u2019ingresso alla Sicilia e uno dei centri pi\u00f9 emblematici e storici del Mediterraneo.","breadcrumb":{"@id":"https:\/\/pontedimessina.it\/it\/messina\/#breadcrumb"},"inLanguage":"it-IT","potentialAction":[{"@type":"ReadAction","target":["https:\/\/pontedimessina.it\/it\/messina\/"]}]},{"@type":"BreadcrumbList","@id":"https:\/\/pontedimessina.it\/it\/messina\/#breadcrumb","itemListElement":[{"@type":"ListItem","position":1,"name":"Home","item":"https:\/\/pontedimessina.it\/it\/"},{"@type":"ListItem","position":2,"name":"Messina"}]},{"@type":"WebSite","@id":"https:\/\/pontedimessina.it\/it\/#website","url":"https:\/\/pontedimessina.it\/it\/","name":"Ponte di Messina","description":"One Bridge. One Country. One Vision.","alternateName":"Pontedimessina.it","potentialAction":[{"@type":"SearchAction","target":{"@type":"EntryPoint","urlTemplate":"https:\/\/pontedimessina.it\/it\/?s={search_term_string}"},"query-input":{"@type":"PropertyValueSpecification","valueRequired":true,"valueName":"search_term_string"}}],"inLanguage":"it-IT"}]}},"_links":{"self":[{"href":"https:\/\/pontedimessina.it\/it\/wp-json\/wp\/v2\/pages\/5744","targetHints":{"allow":["GET"]}}],"collection":[{"href":"https:\/\/pontedimessina.it\/it\/wp-json\/wp\/v2\/pages"}],"about":[{"href":"https:\/\/pontedimessina.it\/it\/wp-json\/wp\/v2\/types\/page"}],"author":[{"embeddable":true,"href":"https:\/\/pontedimessina.it\/it\/wp-json\/wp\/v2\/users\/2"}],"replies":[{"embeddable":true,"href":"https:\/\/pontedimessina.it\/it\/wp-json\/wp\/v2\/comments?post=5744"}],"version-history":[{"count":1,"href":"https:\/\/pontedimessina.it\/it\/wp-json\/wp\/v2\/pages\/5744\/revisions"}],"predecessor-version":[{"id":9670,"href":"https:\/\/pontedimessina.it\/it\/wp-json\/wp\/v2\/pages\/5744\/revisions\/9670"}],"wp:attachment":[{"href":"https:\/\/pontedimessina.it\/it\/wp-json\/wp\/v2\/media?parent=5744"}],"curies":[{"name":"wp","href":"https:\/\/api.w.org\/{rel}","templated":true}]}}