{"id":5408,"date":"2025-09-02T17:17:32","date_gmt":"2025-09-02T15:17:32","guid":{"rendered":"https:\/\/ai2ai.it\/?page_id=5408"},"modified":"2025-10-06T23:22:59","modified_gmt":"2025-10-06T21:22:59","slug":"webuild","status":"publish","type":"page","link":"https:\/\/pontedimessina.it\/it\/general-contractor\/webuild\/","title":{"rendered":"Webuild"},"content":{"rendered":"<div class=\"wpb-content-wrapper\"><p>[vc_row][vc_column]<div class=\"mgt-header-block clearfix text-left text-black wpb_content_element  mgt-header-block-style-1 mgt-header-texttransform-header \"><h1 class=\"mgt-header-block-title\">WEBUILD<\/h1><p class=\"mgt-header-block-subtitle\">Capofila Consorzio Eurolink<\/p><div class=\"mgt-header-line\"><\/div><\/div>[\/vc_column][\/vc_row][vc_row equal_height=&#8221;yes&#8221;][vc_column width=&#8221;1\/3&#8243; css=&#8221;.vc_custom_1459186986556{margin-right: 0px !important;padding-right: 0px !important;}&#8221;][vc_single_image image=&#8221;5496&#8243; img_size=&#8221;full&#8221; alignment=&#8221;center&#8221; onclick=&#8221;custom_link&#8221; img_link_target=&#8221;_blank&#8221; css=&#8221;&#8221; link=&#8221;https:\/\/www.webuildgroup.com\/&#8221;][\/vc_column][vc_column width=&#8221;2\/3&#8243; css=&#8221;.vc_custom_1459186959095{margin-left: 0px !important;padding-left: 0px !important;}&#8221;][vc_column_text css=&#8221;.vc_custom_1758540096740{margin-bottom: 0px !important;margin-left: 10px !important;padding-top: 15px !important;padding-right: 20px !important;padding-bottom: 15px !important;padding-left: 20px !important;background-color: #EEEEEE !important;}&#8221;]Webuild S.p.A., principale gruppo italiano nel settore delle costruzioni e infrastrutture, \u00e8 il general contractor selezionato per la realizzazione del Ponte sullo Stretto di Messina. L\u2019azienda porta con s\u00e9 un bagaglio di importanti competenze maturate in oltre 100 anni di esperienza e in pi\u00f9 di 50 Paesi nel mondo, con una solida reputazione per affidabilit\u00e0, capacit\u00e0 innovativa e sostenibilit\u00e0.[\/vc_column_text][\/vc_column][\/vc_row][vc_row css=&#8221;.vc_custom_1756749240514{padding-top: 30px !important;padding-bottom: 10px !important;}&#8221;][vc_column]<div class=\"mgt-header-block clearfix text-left text-black wpb_content_element  mgt-header-block-style-1 mgt-header-texttransform-header  vc_custom_1758541097482\"><h2 class=\"mgt-header-block-title\">NUMERI<\/h2><p class=\"mgt-header-block-subtitle\">webuild group<\/p><div class=\"mgt-header-line\"><\/div><\/div>[vc_row_inner css=&#8221;.vc_custom_1756749697025{margin-right: 1px !important;margin-left: 1px !important;background-color: #EEEEEE !important;}&#8221;][vc_column_inner width=&#8221;1\/3&#8243;]<div class=\"mgt-counter-wrapper wpb_content_element text-black text-center\"><div class=\"mgt-counter-icon\"><i class=\"fa fa-users\"><\/i>\r\n<\/div><span class=\"mgt-counter-value\" data-from=\"30\" data-to=\"50\" data-speed=\"2000\" data-decimals=\"0\">50<\/span><h5 class=\"mgt-counter-title\">PAESI<\/h5><\/div>[\/vc_column_inner][vc_column_inner width=&#8221;1\/3&#8243;]<div class=\"mgt-counter-wrapper wpb_content_element text-black text-center\"><div class=\"mgt-counter-icon\"><i class=\"fa fa-users\"><\/i>\r\n<\/div><span class=\"mgt-counter-value\" data-from=\"94980\" data-to=\"95000\" data-speed=\"2000\" data-decimals=\"0\">95000<\/span><h5 class=\"mgt-counter-title\">DIPENDENTI<\/h5><\/div>[\/vc_column_inner][vc_column_inner width=&#8221;1\/3&#8243;]<div class=\"mgt-counter-wrapper wpb_content_element text-black text-center\"><div class=\"mgt-counter-icon\"><i class=\"fa fa-graduation-cap\"><\/i>\r\n<\/div><span class=\"mgt-counter-value\" data-from=\"100\" data-to=\"125\" data-speed=\"2000\" data-decimals=\"0\">125<\/span><h5 class=\"mgt-counter-title\">NAZIONALITA&#039;<\/h5><\/div>[\/vc_column_inner][\/vc_row_inner][\/vc_column][\/vc_row][vc_row][vc_column][vc_separator css=&#8221;.vc_custom_1758907508545{margin-bottom: 0px !important;padding-top: 50px !important;padding-bottom: 30px !important;}&#8221;]<div style=\"margin-left: auto;margin-right: auto;text-align: center;\" id=\"ponte-2461345252\"><a href=\"https:\/\/pontedimessina.it\/it\/visibility\/\" aria-label=\"ICC Digital Media | Ponte di Messina\"><img loading=\"lazy\" decoding=\"async\" src=\"https:\/\/pontedimessina.it\/wp-content\/uploads\/2025\/10\/banner-icc-connection.png\" alt=\"ICC Digital Media | Ponte di Messina\"  srcset=\"https:\/\/pontedimessina.it\/wp-content\/uploads\/2025\/10\/banner-icc-connection.png 764w, https:\/\/pontedimessina.it\/wp-content\/uploads\/2025\/10\/banner-icc-connection-350x49.png 350w, https:\/\/pontedimessina.it\/wp-content\/uploads\/2025\/10\/banner-icc-connection-600x83.png 600w\" sizes=\"auto, (max-width: 764px) 100vw, 764px\" width=\"764\" height=\"106\"  style=\"display: inline-block;\" \/><\/a><\/div>[vc_separator css=&#8221;.vc_custom_1758973358276{margin-bottom: 0px !important;padding-top: 30px !important;padding-bottom: 30px !important;}&#8221;][\/vc_column][\/vc_row][vc_row css=&#8221;.vc_custom_1463480548872{margin-bottom: 0px !important;padding-bottom: 0px !important;}&#8221;][vc_column]<div class=\"mgt-header-block clearfix text-left text-black wpb_content_element  mgt-header-block-style-1 mgt-header-texttransform-header \"><h2 class=\"mgt-header-block-title\">DETTAGLIO<\/h2><p class=\"mgt-header-block-subtitle\">webuild group<\/p><div class=\"mgt-header-line\"><\/div><\/div>[vc_column_text css=&#8221;.vc_custom_1758706192176{margin-bottom: 0px !important;padding-top: 5px !important;padding-right: 25px !important;padding-bottom: 5px !important;padding-left: 0px !important;}&#8221;]<\/p>\n<h3 data-start=\"712\" data-end=\"742\">Il Gruppo Webuild<\/h3>\n<p data-start=\"122\" data-end=\"694\">Webuild S.p.A. \u00e8 il principale gruppo italiano nel settore delle costruzioni e delle grandi infrastrutture, erede della tradizione di Salini Impregilo. Con oltre un secolo di esperienza, opera in pi\u00f9 di 50 Paesi del mondo, specializzandosi in progetti complessi che spaziano da ponti a dighe, da linee ferroviarie ad alta velocit\u00e0 a metropolitane, autostrade e impianti idroelettrici. Webuild \u00e8 riconosciuta a livello internazionale per la capacit\u00e0 di integrare competenze ingegneristiche avanzate, innovazione tecnologica e attenzione alla sostenibilit\u00e0 ambientale.<\/p>\n<p data-start=\"696\" data-end=\"1198\">Nel contesto del Ponte sullo Stretto di Messina, Webuild svolge il ruolo di <strong data-start=\"772\" data-end=\"794\">General Contractor<\/strong> attraverso il Consorzio Eurolink, mettendo a disposizione il proprio know-how e coordinando una rete di imprese italiane e internazionali. La leadership del gruppo, unita all\u2019esperienza maturata in opere iconiche come il Canale di Panama e il Ponte di Genova, garantisce affidabilit\u00e0, qualit\u00e0 e visione di lungo termine per la realizzazione di un\u2019infrastruttura straordinaria.<\/p>\n<p>[\/vc_column_text][vc_separator css=&#8221;.vc_custom_1758706061295{margin-bottom: 0px !important;padding-top: 20px !important;padding-bottom: 20px !important;}&#8221;][vc_column_text css=&#8221;.vc_custom_1758706036223{margin-bottom: 0px !important;padding-top: 5px !important;padding-right: 25px !important;padding-bottom: 5px !important;padding-left: 0px !important;}&#8221;]<\/p>\n<h3 data-start=\"712\" data-end=\"742\">Webuild per un\u2019opera senza precedenti<\/h3>\n<p data-start=\"743\" data-end=\"1203\">Il Ponte di Messina rappresenta una sfida ingegneristica di portata globale. La scelta di affidarne la costruzione a Webuild si fonda sulla <strong>capacit\u00e0 del gruppo di gestire progetti infrastrutturali complessi<\/strong> come linee ferroviarie ad alta velocit\u00e0, metropolitane, dighe, ponti e autostrade. Il know-how maturato in progetti internazionali garantisce l\u2019adozione delle migliori pratiche costruttive, con attenzione a sicurezza, qualit\u00e0 e rispetto dell\u2019ambiente.<\/p>\n<p>[\/vc_column_text][vc_separator css=&#8221;.vc_custom_1758706061295{margin-bottom: 0px !important;padding-top: 20px !important;padding-bottom: 20px !important;}&#8221;][vc_column_text css=&#8221;.vc_custom_1758540837408{margin-bottom: 0px !important;padding-top: 0px !important;padding-right: 25px !important;padding-bottom: 0px !important;padding-left: 0px !important;}&#8221;]<\/p>\n<h3 data-start=\"1210\" data-end=\"1242\">Innovazione e sostenibilit\u00e0<\/h3>\n<p data-start=\"1243\" data-end=\"1346\">Webuild si impegna a realizzare il Ponte di Messina adottando le pi\u00f9 avanzate soluzioni tecnologiche:<\/p>\n<ul data-start=\"1347\" data-end=\"1617\">\n<li data-start=\"1347\" data-end=\"1441\">\n<p data-start=\"1349\" data-end=\"1441\"><strong data-start=\"1349\" data-end=\"1383\">monitoraggio digitale continuo<\/strong> delle strutture tramite sensori e sistemi di controllo;<\/p>\n<\/li>\n<li data-start=\"1442\" data-end=\"1530\">\n<p data-start=\"1444\" data-end=\"1530\">utilizzo di <strong data-start=\"1456\" data-end=\"1494\">materiali innovativi e sostenibili<\/strong> per ridurre l\u2019impatto ambientale;<\/p>\n<\/li>\n<li data-start=\"1531\" data-end=\"1617\">\n<p data-start=\"1533\" data-end=\"1617\">attenzione al ciclo di vita dell\u2019opera, con strategie di manutenzione programmata.<\/p>\n<\/li>\n<\/ul>\n<p data-start=\"1619\" data-end=\"1751\">L\u2019obiettivo \u00e8 coniugare funzionalit\u00e0 e rispetto del contesto naturale, tutelando l\u2019ecosistema dello Stretto.<\/p>\n<p>[\/vc_column_text][vc_separator css=&#8221;.vc_custom_1758706061295{margin-bottom: 0px !important;padding-top: 20px !important;padding-bottom: 20px !important;}&#8221;][vc_column_text css=&#8221;.vc_custom_1758540642138{margin-bottom: 0px !important;}&#8221;]<\/p>\n<h3 data-start=\"1758\" data-end=\"1792\">Ricadute economiche e sociali<\/h3>\n<p data-start=\"1793\" data-end=\"2174\">Il coinvolgimento di Webuild porter\u00e0 <strong data-start=\"1830\" data-end=\"1881\">migliaia di posti di lavoro diretti e indiretti<\/strong>, favorendo la crescita delle filiere locali e delle PMI di Sicilia e Calabria. L\u2019opera funger\u00e0 da catalizzatore per l\u2019innovazione, lo sviluppo sostenibile e la valorizzazione delle competenze professionali italiane, rafforzando il ruolo del Paese nelle grandi infrastrutture internazionali.<\/p>\n<p>[\/vc_column_text][vc_separator css=&#8221;.vc_custom_1758706061295{margin-bottom: 0px !important;padding-top: 20px !important;padding-bottom: 20px !important;}&#8221;][vc_column_text css=&#8221;.vc_custom_1758540677284{margin-bottom: 20px !important;}&#8221;]<\/p>\n<h3 data-start=\"2181\" data-end=\"2215\">Una partnership per il futuro<\/h3>\n<p data-start=\"2216\" data-end=\"2492\">Con la realizzazione del Ponte di Messina, Webuild conferma la propria vocazione di leader nel settore delle grandi opere, contribuendo a un progetto che non solo collegher\u00e0 due sponde, ma diventer\u00e0 <strong data-start=\"2415\" data-end=\"2489\">simbolo di progresso, integrazione e visione per le generazioni future<\/strong>.<\/p>\n<p>[\/vc_column_text][\/vc_column][\/vc_row][vc_row][vc_column][vc_separator css=&#8221;.vc_custom_1758907508545{margin-bottom: 0px !important;padding-top: 50px !important;padding-bottom: 30px !important;}&#8221;]<div style=\"margin-left: auto;margin-right: auto;text-align: center;\" id=\"ponte-2080027194\"><script async src=\"\/\/pagead2.googlesyndication.com\/pagead\/js\/adsbygoogle.js?client=ca-pub-8905959201982646\" crossorigin=\"anonymous\"><\/script><ins class=\"adsbygoogle\" style=\"display:block;\" data-ad-client=\"ca-pub-8905959201982646\" \ndata-ad-slot=\"6695237606\" \ndata-ad-format=\"auto\"><\/ins>\n<script> \n(adsbygoogle = window.adsbygoogle || []).push({}); \n<\/script>\n<\/div>[vc_separator css=&#8221;.vc_custom_1758973269929{margin-bottom: 0px !important;padding-top: 30px !important;padding-bottom: 30px !important;}&#8221;][\/vc_column][\/vc_row][vc_row css=&#8221;.vc_custom_1756916150500{padding-top: 5px !important;padding-bottom: 15px !important;}&#8221;][vc_column]<div class=\"mgt-header-block clearfix text-left text-black wpb_content_element  mgt-header-block-style-1 mgt-header-texttransform-header \"><h2 class=\"mgt-header-block-title\">VIDEO<\/h2><p class=\"mgt-header-block-subtitle\">webuild group<\/p><div class=\"mgt-header-line\"><\/div><\/div>[\/vc_column][\/vc_row][vc_row][vc_column width=&#8221;1\/2&#8243;][vc_video link=&#8221;https:\/\/youtu.be\/DBwN1JDRWVM&#8221; align=&#8221;center&#8221; css=&#8221;&#8221;][\/vc_column][vc_column width=&#8221;1\/2&#8243;][vc_video link=&#8221;https:\/\/youtu.be\/BoT9bf2ditI&#8221; align=&#8221;center&#8221; css=&#8221;&#8221;][\/vc_column][\/vc_row][vc_row full_width=&#8221;stretch_row&#8221;][vc_column]<div class=\"mgt-header-block clearfix text-left text-black wpb_content_element  mgt-header-block-style-1 mgt-header-texttransform-header \"><h2 class=\"mgt-header-block-title\">HIGHLIGHTS<\/h2><p class=\"mgt-header-block-subtitle\">webuild group<\/p><div class=\"mgt-header-line\"><\/div><\/div>[\/vc_column][\/vc_row][vc_row css=&#8221;.vc_custom_1756917057291{padding-bottom: 30px !important;}&#8221;][vc_column width=&#8221;1\/3&#8243;][vc_single_image image=&#8221;7240&#8243; img_size=&#8221;270&#215;270&#8243; onclick=&#8221;custom_link&#8221; css_animation=&#8221;left-to-right&#8221; css=&#8221;&#8221; link=&#8221;https:\/\/pontedimessina.it\/it\/general-contractor\/storia-eurolink\/&#8221;][vc_column_text css_animation=&#8221;left-to-right&#8221; css=&#8221;&#8221;]<\/p>\n<h4><strong>STORIA<\/strong><\/h4>\n<p>Nato nei primi anni 2000 come ATI di alcune delle maggiori realt\u00e0 italiane e internazionali del settore delle costruzioni.<\/p>\n<h5 style=\"text-align: right;\"><a href=\"https:\/\/pontedimessina.it\/it\/general-contractor\/storia-eurolink\/\">SCOPRI +<\/a><\/h5>\n<p>[\/vc_column_text][\/vc_column][vc_column width=&#8221;1\/3&#8243;][vc_single_image image=&#8221;4695&#8243; img_size=&#8221;270&#215;270&#8243; alignment=&#8221;center&#8221; onclick=&#8221;custom_link&#8221; css_animation=&#8221;left-to-right&#8221; css=&#8221;&#8221; link=&#8221;https:\/\/pontedimessina.it\/it\/general-contractor\/membri-eurolink\/&#8221;][vc_column_text css_animation=&#8221;left-to-right&#8221; css=&#8221;&#8221;]<\/p>\n<h4><strong>MEMBRI<\/strong><\/h4>\n<p>Network di aziende internazionali con specializzazioni multidisciplinari e know-how mirato per garantire elevati standard di qualit\u00e0.<\/p>\n<h5 style=\"text-align: right;\"><a href=\"https:\/\/pontedimessina.it\/it\/general-contractor\/membri-eurolink\/\">SCOPRI +<\/a><\/h5>\n<p>[\/vc_column_text][\/vc_column][vc_column width=&#8221;1\/3&#8243;][vc_single_image image=&#8221;4678&#8243; img_size=&#8221;270&#215;270&#8243; alignment=&#8221;center&#8221; onclick=&#8221;custom_link&#8221; css_animation=&#8221;left-to-right&#8221; css=&#8221;&#8221; link=&#8221;https:\/\/pontedimessina.it\/it\/general-contractor\/expertise-eurolink\/&#8221;][vc_column_text css_animation=&#8221;left-to-right&#8221; css=&#8221;&#8221;]<\/p>\n<h4><strong>EXPERTISE<\/strong><\/h4>\n<p>Competenze diversificate di grandi player nazionali e internazionali del settore delle costruzioni e delle infrastrutture.<\/p>\n<h5 style=\"text-align: right;\"><a href=\"https:\/\/pontedimessina.it\/it\/general-contractor\/expertise-eurolink\/\">SCOPRI +<\/a><\/h5>\n<p>[\/vc_column_text][\/vc_column][\/vc_row][vc_row][vc_column][vc_separator css=&#8221;.vc_custom_1758973196233{margin-bottom: 0px !important;padding-top: 20px !important;padding-bottom: 30px !important;}&#8221;]<div style=\"margin-left: auto;margin-right: auto;text-align: center;\" id=\"ponte-3907792941\"><script async src=\"\/\/pagead2.googlesyndication.com\/pagead\/js\/adsbygoogle.js?client=ca-pub-8905959201982646\" crossorigin=\"anonymous\"><\/script><ins class=\"adsbygoogle\" style=\"display:block;\" data-ad-client=\"ca-pub-8905959201982646\" \ndata-ad-slot=\"6695237606\" \ndata-ad-format=\"auto\"><\/ins>\n<script> \n(adsbygoogle = window.adsbygoogle || []).push({}); \n<\/script>\n<\/div>[vc_separator css=&#8221;.vc_custom_1758973157520{margin-bottom: 0px !important;padding-top: 30px !important;padding-bottom: 40px !important;}&#8221;][\/vc_column][\/vc_row]<\/p>\n<\/div>","protected":false},"excerpt":{"rendered":"<p>[vc_row][vc_column][\/vc_column][\/vc_row][vc_row equal_height=&#8221;yes&#8221;][vc_column width=&#8221;1\/3&#8243; css=&#8221;.vc_custom_1459186986556{margin-right: 0px !important;padding-right: 0px !important;}&#8221;][vc_single_image image=&#8221;5496&#8243; img_size=&#8221;full&#8221; alignment=&#8221;center&#8221; onclick=&#8221;custom_link&#8221; img_link_target=&#8221;_blank&#8221; css=&#8221;&#8221; link=&#8221;https:\/\/www.webuildgroup.com\/&#8221;][\/vc_column][vc_column width=&#8221;2\/3&#8243; css=&#8221;.vc_custom_1459186959095{margin-left: 0px !important;padding-left: 0px !important;}&#8221;][vc_column_text css=&#8221;.vc_custom_1758540096740{margin-bottom: 0px !important;margin-left: 10px !important;padding-top: 15px !important;padding-right: 20px !important;padding-bottom:&#8230;<\/p>\n","protected":false},"author":2,"featured_media":0,"parent":4586,"menu_order":0,"comment_status":"closed","ping_status":"closed","template":"","meta":{"_uf_show_specific_survey":0,"_uf_disable_surveys":false,"footnotes":""},"class_list":["post-5408","page","type-page","status-publish","hentry"],"yoast_head":"<!-- This site is optimized with the Yoast SEO plugin v26.5 - https:\/\/yoast.com\/wordpress\/plugins\/seo\/ -->\n<title>Webuild | Ponte di Messina<\/title>\n<meta name=\"description\" content=\"Webuild S.p.A., gruppo leader delle infrastrutture, \u00e8 capofila del consorzio Eurolink general contractor per il Ponte sullo Stretto.\" \/>\n<meta name=\"robots\" content=\"index, follow, max-snippet:-1, max-image-preview:large, max-video-preview:-1\" \/>\n<link rel=\"canonical\" href=\"https:\/\/pontedimessina.it\/it\/general-contractor\/webuild\/\" \/>\n<meta property=\"og:locale\" content=\"it_IT\" \/>\n<meta property=\"og:type\" content=\"article\" \/>\n<meta property=\"og:title\" content=\"Webuild | Ponte di Messina\" \/>\n<meta property=\"og:description\" content=\"Webuild S.p.A., gruppo leader delle infrastrutture, \u00e8 capofila del consorzio Eurolink general contractor per il Ponte sullo Stretto.\" \/>\n<meta property=\"og:url\" content=\"https:\/\/pontedimessina.it\/it\/general-contractor\/webuild\/\" \/>\n<meta property=\"og:site_name\" content=\"Ponte di Messina\" \/>\n<meta property=\"article:modified_time\" content=\"2025-10-06T21:22:59+00:00\" \/>\n<meta name=\"twitter:card\" content=\"summary_large_image\" \/>\n<script type=\"application\/ld+json\" class=\"yoast-schema-graph\">{\"@context\":\"https:\/\/schema.org\",\"@graph\":[{\"@type\":\"WebPage\",\"@id\":\"https:\/\/pontedimessina.it\/it\/general-contractor\/webuild\/\",\"url\":\"https:\/\/pontedimessina.it\/it\/general-contractor\/webuild\/\",\"name\":\"Webuild | Ponte di Messina\",\"isPartOf\":{\"@id\":\"https:\/\/pontedimessina.it\/it\/#website\"},\"datePublished\":\"2025-09-02T15:17:32+00:00\",\"dateModified\":\"2025-10-06T21:22:59+00:00\",\"description\":\"Webuild S.p.A., gruppo leader delle infrastrutture, \u00e8 capofila del consorzio Eurolink general contractor per il Ponte sullo Stretto.\",\"breadcrumb\":{\"@id\":\"https:\/\/pontedimessina.it\/it\/general-contractor\/webuild\/#breadcrumb\"},\"inLanguage\":\"it-IT\",\"potentialAction\":[{\"@type\":\"ReadAction\",\"target\":[\"https:\/\/pontedimessina.it\/it\/general-contractor\/webuild\/\"]}]},{\"@type\":\"BreadcrumbList\",\"@id\":\"https:\/\/pontedimessina.it\/it\/general-contractor\/webuild\/#breadcrumb\",\"itemListElement\":[{\"@type\":\"ListItem\",\"position\":1,\"name\":\"Home\",\"item\":\"https:\/\/pontedimessina.it\/it\/\"},{\"@type\":\"ListItem\",\"position\":2,\"name\":\"General Contractor\",\"item\":\"https:\/\/pontedimessina.it\/it\/general-contractor\/\"},{\"@type\":\"ListItem\",\"position\":3,\"name\":\"Webuild\"}]},{\"@type\":\"WebSite\",\"@id\":\"https:\/\/pontedimessina.it\/it\/#website\",\"url\":\"https:\/\/pontedimessina.it\/it\/\",\"name\":\"Ponte di Messina\",\"description\":\"One Bridge. One Country. One Vision.\",\"alternateName\":\"Pontedimessina.it\",\"potentialAction\":[{\"@type\":\"SearchAction\",\"target\":{\"@type\":\"EntryPoint\",\"urlTemplate\":\"https:\/\/pontedimessina.it\/it\/?s={search_term_string}\"},\"query-input\":{\"@type\":\"PropertyValueSpecification\",\"valueRequired\":true,\"valueName\":\"search_term_string\"}}],\"inLanguage\":\"it-IT\"}]}<\/script>\n<!-- \/ Yoast SEO plugin. -->","yoast_head_json":{"title":"Webuild | Ponte di Messina","description":"Webuild S.p.A., gruppo leader delle infrastrutture, \u00e8 capofila del consorzio Eurolink general contractor per il Ponte sullo Stretto.","robots":{"index":"index","follow":"follow","max-snippet":"max-snippet:-1","max-image-preview":"max-image-preview:large","max-video-preview":"max-video-preview:-1"},"canonical":"https:\/\/pontedimessina.it\/it\/general-contractor\/webuild\/","og_locale":"it_IT","og_type":"article","og_title":"Webuild | Ponte di Messina","og_description":"Webuild S.p.A., gruppo leader delle infrastrutture, \u00e8 capofila del consorzio Eurolink general contractor per il Ponte sullo Stretto.","og_url":"https:\/\/pontedimessina.it\/it\/general-contractor\/webuild\/","og_site_name":"Ponte di Messina","article_modified_time":"2025-10-06T21:22:59+00:00","twitter_card":"summary_large_image","schema":{"@context":"https:\/\/schema.org","@graph":[{"@type":"WebPage","@id":"https:\/\/pontedimessina.it\/it\/general-contractor\/webuild\/","url":"https:\/\/pontedimessina.it\/it\/general-contractor\/webuild\/","name":"Webuild | Ponte di Messina","isPartOf":{"@id":"https:\/\/pontedimessina.it\/it\/#website"},"datePublished":"2025-09-02T15:17:32+00:00","dateModified":"2025-10-06T21:22:59+00:00","description":"Webuild S.p.A., gruppo leader delle infrastrutture, \u00e8 capofila del consorzio Eurolink general contractor per il Ponte sullo Stretto.","breadcrumb":{"@id":"https:\/\/pontedimessina.it\/it\/general-contractor\/webuild\/#breadcrumb"},"inLanguage":"it-IT","potentialAction":[{"@type":"ReadAction","target":["https:\/\/pontedimessina.it\/it\/general-contractor\/webuild\/"]}]},{"@type":"BreadcrumbList","@id":"https:\/\/pontedimessina.it\/it\/general-contractor\/webuild\/#breadcrumb","itemListElement":[{"@type":"ListItem","position":1,"name":"Home","item":"https:\/\/pontedimessina.it\/it\/"},{"@type":"ListItem","position":2,"name":"General Contractor","item":"https:\/\/pontedimessina.it\/it\/general-contractor\/"},{"@type":"ListItem","position":3,"name":"Webuild"}]},{"@type":"WebSite","@id":"https:\/\/pontedimessina.it\/it\/#website","url":"https:\/\/pontedimessina.it\/it\/","name":"Ponte di Messina","description":"One Bridge. One Country. One Vision.","alternateName":"Pontedimessina.it","potentialAction":[{"@type":"SearchAction","target":{"@type":"EntryPoint","urlTemplate":"https:\/\/pontedimessina.it\/it\/?s={search_term_string}"},"query-input":{"@type":"PropertyValueSpecification","valueRequired":true,"valueName":"search_term_string"}}],"inLanguage":"it-IT"}]}},"_links":{"self":[{"href":"https:\/\/pontedimessina.it\/it\/wp-json\/wp\/v2\/pages\/5408","targetHints":{"allow":["GET"]}}],"collection":[{"href":"https:\/\/pontedimessina.it\/it\/wp-json\/wp\/v2\/pages"}],"about":[{"href":"https:\/\/pontedimessina.it\/it\/wp-json\/wp\/v2\/types\/page"}],"author":[{"embeddable":true,"href":"https:\/\/pontedimessina.it\/it\/wp-json\/wp\/v2\/users\/2"}],"replies":[{"embeddable":true,"href":"https:\/\/pontedimessina.it\/it\/wp-json\/wp\/v2\/comments?post=5408"}],"version-history":[{"count":0,"href":"https:\/\/pontedimessina.it\/it\/wp-json\/wp\/v2\/pages\/5408\/revisions"}],"up":[{"embeddable":true,"href":"https:\/\/pontedimessina.it\/it\/wp-json\/wp\/v2\/pages\/4586"}],"wp:attachment":[{"href":"https:\/\/pontedimessina.it\/it\/wp-json\/wp\/v2\/media?parent=5408"}],"curies":[{"name":"wp","href":"https:\/\/api.w.org\/{rel}","templated":true}]}}