{"id":5381,"date":"2025-09-02T14:36:50","date_gmt":"2025-09-02T12:36:50","guid":{"rendered":"https:\/\/ai2ai.it\/?page_id=5381"},"modified":"2025-10-06T23:20:38","modified_gmt":"2025-10-06T21:20:38","slug":"membri-eurolink","status":"publish","type":"page","link":"https:\/\/pontedimessina.it\/it\/general-contractor\/membri-eurolink\/","title":{"rendered":"Membri Eurolink"},"content":{"rendered":"<div class=\"wpb-content-wrapper\"><p>[vc_row][vc_column][vc_empty_space]<div class=\"mgt-header-block clearfix text-left text-black wpb_animate_when_almost_visible wpb_left-to-right wpb_content_element  mgt-header-block-style-1 mgt-header-texttransform-none  vc_custom_1758625435978\"><h2 class=\"mgt-header-block-title\">MEMBRI EUROLINK<\/h2><p class=\"mgt-header-block-subtitle\">General Contractor<\/p><div class=\"mgt-header-line\"><\/div><\/div>[vc_empty_space][\/vc_column][\/vc_row][vc_row equal_height=&#8221;yes&#8221; css=&#8221;.vc_custom_1758450188140{margin-bottom: 0px !important;}&#8221;][vc_column width=&#8221;1\/3&#8243; css=&#8221;.vc_custom_1459186986556{margin-right: 0px !important;padding-right: 0px !important;}&#8221;][vc_single_image image=&#8221;5402&#8243; img_size=&#8221;full&#8221; css=&#8221;&#8221;][\/vc_column][vc_column width=&#8221;2\/3&#8243; css=&#8221;.vc_custom_1459186959095{margin-left: 0px !important;padding-left: 0px !important;}&#8221;][vc_column_text css=&#8221;.vc_custom_1758625190618{margin-bottom: 0px !important;padding-right: 25px !important;padding-left: 25px !important;}&#8221;]I membri del Consorzio Eurolink rappresentano un <strong>network di competenze internazionali<\/strong> e specializzazioni multidisciplinari. Accanto alla capofila Webuild, i membri che contribuiscono con know-how mirato: progettazione, costruzione, analisi sismica, monitoraggio ambientale e innovazione tecnologica. La sinergia tra pubblico e privato garantisce il rispetto dei pi\u00f9 elevati standard di qualit\u00e0, sicurezza e sostenibilit\u00e0.[\/vc_column_text][\/vc_column][\/vc_row][vc_row full_width=&#8221;stretch_row&#8221;][vc_column][vc_separator css=&#8221;.vc_custom_1463481153700{margin-bottom: 0px !important;padding-bottom: 0px !important;}&#8221;][\/vc_column][\/vc_row][vc_row css=&#8221;.vc_custom_1756749240514{padding-top: 30px !important;padding-bottom: 10px !important;}&#8221;][vc_column]<div class=\"mgt-header-block clearfix text-left text-black wpb_content_element  mgt-header-block-style-1 mgt-header-texttransform-header \"><h2 class=\"mgt-header-block-title\">NUMERI<\/h2><p class=\"mgt-header-block-subtitle\">Consorzio Eurolink<\/p><div class=\"mgt-header-line\"><\/div><\/div>[vc_row_inner css=&#8221;.vc_custom_1756749697025{margin-right: 1px !important;margin-left: 1px !important;background-color: #EEEEEE !important;}&#8221;][vc_column_inner width=&#8221;1\/3&#8243;]<div class=\"mgt-counter-wrapper wpb_content_element text-black text-center\"><div class=\"mgt-counter-icon\"><i class=\"fa fa-users\"><\/i>\r\n<\/div><span class=\"mgt-counter-value\" data-from=\"0\" data-to=\"6\" data-speed=\"2000\" data-decimals=\"0\">6<\/span><h5 class=\"mgt-counter-title\">CONSORZIATE<\/h5><\/div>[\/vc_column_inner][vc_column_inner width=&#8221;1\/3&#8243;]<div class=\"mgt-counter-wrapper wpb_content_element text-black text-center\"><div class=\"mgt-counter-icon\"><i class=\"fa fa-users\"><\/i>\r\n<\/div><span class=\"mgt-counter-value\" data-from=\"0\" data-to=\"2005\" data-speed=\"2000\" data-decimals=\"0\">2005<\/span><h5 class=\"mgt-counter-title\">AGGIUDICAZIONE<\/h5><\/div>[\/vc_column_inner][vc_column_inner width=&#8221;1\/3&#8243;]<div class=\"mgt-counter-wrapper wpb_content_element text-black text-center\"><div class=\"mgt-counter-icon\"><i class=\"fa fa-graduation-cap\"><\/i>\r\n<\/div><span class=\"mgt-counter-value\" data-from=\"0\" data-to=\"10.5\" data-speed=\"2000\" data-decimals=\"1\">10.5<\/span><h5 class=\"mgt-counter-title\">APPALTO Mld<\/h5><\/div>[\/vc_column_inner][\/vc_row_inner][\/vc_column][\/vc_row][vc_row][vc_column][vc_separator css=&#8221;.vc_custom_1758907508545{margin-bottom: 0px !important;padding-top: 50px !important;padding-bottom: 30px !important;}&#8221;]<div style=\"margin-left: auto;margin-right: auto;text-align: center;\" id=\"ponte-1691131704\"><a href=\"https:\/\/pontedimessina.it\/it\/visibility\/\" aria-label=\"ICC Digital Media | Ponte di Messina\"><img loading=\"lazy\" decoding=\"async\" src=\"https:\/\/pontedimessina.it\/wp-content\/uploads\/2025\/10\/banner-icc-connection.png\" alt=\"ICC Digital Media | Ponte di Messina\"  srcset=\"https:\/\/pontedimessina.it\/wp-content\/uploads\/2025\/10\/banner-icc-connection.png 764w, https:\/\/pontedimessina.it\/wp-content\/uploads\/2025\/10\/banner-icc-connection-350x49.png 350w, https:\/\/pontedimessina.it\/wp-content\/uploads\/2025\/10\/banner-icc-connection-600x83.png 600w\" sizes=\"auto, (max-width: 764px) 100vw, 764px\" width=\"764\" height=\"106\"  style=\"display: inline-block;\" \/><\/a><\/div>[vc_separator css=&#8221;.vc_custom_1758972904287{margin-bottom: 0px !important;padding-top: 30px !important;padding-bottom: 80px !important;}&#8221;][\/vc_column][\/vc_row][vc_row][vc_column width=&#8221;1\/4&#8243;][vc_single_image image=&#8221;9&#8243; img_size=&#8221;120&#215;120&#8243; alignment=&#8221;center&#8221; style=&#8221;vc_box_shadow_border&#8221; css_animation=&#8221;bottom-to-top&#8221; css=&#8221;&#8221;][\/vc_column][vc_column width=&#8221;3\/4&#8243;][vc_column_text css_animation=&#8221;bottom-to-top&#8221; css=&#8221;&#8221;]<\/p>\n<h3 data-start=\"169\" data-end=\"193\">Webuild \/ Eurolink<\/h3>\n<h4 class=\"position\">Capofila Consorzio Eurolink<br \/>\nGeneral Contractor<\/h4>\n<hr \/>\n<p data-start=\"194\" data-end=\"552\">Webuild \u00e8 il fiore all\u2019occhiello dell\u2019ingegneria civile italiana, nel 2024 ha superato i 11,7 miliardi di euro di fatturato e impiega quasi 95.000 persone nel mondo. <span class=\"relative -mx-px my-[-0.2rem] rounded px-px py-[0.2rem] transition-colors duration-100 ease-in-out\">Nata dalla trasformazione di Salini\u202fImpregilo S.p.A., Webuild ha assunto il ruolo di capofila del consorzio Eurolink. <\/span>Coordina le imprese coinvolte, assicura l\u2019adozione di tecnologie d\u2019avanguardia e garantisce che il progetto rispetti criteri di sicurezza, sostenibilit\u00e0 ambientale e standard costruttivi internazionali. <a href=\"https:\/\/pontedimessina.it\/it\/general-contractor\/webuild\/\"><strong>Scopri+<\/strong><\/a><\/p>\n<p>[\/vc_column_text][vc_empty_space height=&#8221;35px&#8221;][\/vc_column][\/vc_row][vc_row][vc_column width=&#8221;1\/4&#8243;][vc_single_image image=&#8221;9&#8243; img_size=&#8221;120&#215;120&#8243; alignment=&#8221;center&#8221; style=&#8221;vc_box_shadow_border&#8221; css_animation=&#8221;bottom-to-top&#8221; css=&#8221;&#8221;][\/vc_column][vc_column width=&#8221;3\/4&#8243;][vc_column_text css_animation=&#8221;bottom-to-top&#8221; css=&#8221;&#8221;]<\/p>\n<h3>Sacyr<\/h3>\n<h4 class=\"position\">Ingegneria strutturale internazionale<br \/>\nPartner Tecnico Strategico<\/h4>\n<hr \/>\n<p>Societ\u00e0 spagnola con partecipazione nel consorzio Eurolink (~22,4 %), Sacyr contribuisce con competenze nell\u2019ingegneria infrastrutturale internazionale. Ha esperienze rilevanti, ad esempio nella realizzazione di importanti opere come l\u2019espansione del Canale di Panama, che la rendono partner tecnico strategico per aspetti costruttivi complessi.[\/vc_column_text][vc_empty_space height=&#8221;35px&#8221;][\/vc_column][\/vc_row][vc_row][vc_column width=&#8221;1\/4&#8243;][vc_single_image image=&#8221;9&#8243; img_size=&#8221;120&#215;120&#8243; alignment=&#8221;center&#8221; style=&#8221;vc_box_shadow_border&#8221; css_animation=&#8221;bottom-to-top&#8221; css=&#8221;&#8221;][\/vc_column][vc_column width=&#8221;3\/4&#8243;][vc_column_text css_animation=&#8221;bottom-to-top&#8221; css=&#8221;&#8221;]<\/p>\n<h3>IHI<\/h3>\n<h4 class=\"position\">Ponti sospesi e sistemi di cavi<br \/>\nPartner Tecnico Strategico<\/h4>\n<hr \/>\n<p>IHI \u00e8 azienda giapponese specializzata, nel consorzio, nella progettazione e realizzazione di ponti sospesi. Porta esperienza maturata su grandi ponte come l\u2019Akashi Kaiky\u014d. \u00c8 coinvolta per garantire standard di eccellenza nei cavi, nei materiali speciali e nella capacit\u00e0 di gestire condizioni climatiche estreme e attivit\u00e0 sismica.[\/vc_column_text][vc_empty_space height=&#8221;35px&#8221;][\/vc_column][\/vc_row][vc_row][vc_column width=&#8221;1\/4&#8243;][vc_single_image image=&#8221;9&#8243; img_size=&#8221;120&#215;120&#8243; alignment=&#8221;center&#8221; style=&#8221;vc_box_shadow_border&#8221; css_animation=&#8221;bottom-to-top&#8221; css=&#8221;&#8221;][\/vc_column][vc_column width=&#8221;3\/4&#8243;][vc_column_text css_animation=&#8221;bottom-to-top&#8221; css=&#8221;&#8221;]<\/p>\n<h3>Condotte<\/h3>\n<h4 class=\"position\">Opere civili e infrastrutture accessorie<br \/>\nPartner Tecnico Strategico<\/h4>\n<hr \/>\n<p>Azienda italiana, partner locale nel consorzio Eurolink, impegnata nella realizzazione di parti infrastrutturali collegate al ponte: strade, raccordi ferroviari, opere complementari. La sua presenza serve anche a garantire appropriatezza tecnica nel contesto territoriale e rispetto delle normative italiane, oltre a contribuire all\u2019indotto locale.[\/vc_column_text][vc_empty_space height=&#8221;35px&#8221;][\/vc_column][\/vc_row][vc_row][vc_column width=&#8221;1\/4&#8243;][vc_single_image image=&#8221;9&#8243; img_size=&#8221;120&#215;120&#8243; alignment=&#8221;center&#8221; style=&#8221;vc_box_shadow_border&#8221; css_animation=&#8221;bottom-to-top&#8221; css=&#8221;&#8221;][\/vc_column][vc_column width=&#8221;3\/4&#8243;][vc_column_text css_animation=&#8221;bottom-to-top&#8221; css=&#8221;&#8221;]<\/p>\n<h3 class=\"no_stripe\">Itinera<\/h3>\n<h4 class=\"position\">Lavori stradali e ferroviari, logistica territoriale.<br \/>\nPartner Tecnico Strategico<\/h4>\n<hr \/>\n<p>Altro importante partner italiano, Itinera opera nel settore delle grandi infrastrutture. Nel progetto funge da mandante, collaborando alla costruzione della struttura, ai lavori civili attorno al ponte, e al raccordo con le reti locali. \u00c8 essenziale per il know-how costruttivo e per la gestione delle sfide logistiche tra Sicilia e Calabria.[\/vc_column_text][vc_empty_space height=&#8221;35px&#8221;][\/vc_column][\/vc_row][vc_row][vc_column width=&#8221;1\/4&#8243;][vc_single_image image=&#8221;9&#8243; img_size=&#8221;120&#215;120&#8243; alignment=&#8221;center&#8221; style=&#8221;vc_box_shadow_border&#8221; css_animation=&#8221;bottom-to-top&#8221; css=&#8221;&#8221;][\/vc_column][vc_column width=&#8221;3\/4&#8243;][vc_column_text css_animation=&#8221;bottom-to-top&#8221; css=&#8221;&#8221;]<\/p>\n<h3 class=\"pm-card__title\">COWI<\/h3>\n<h4 class=\"position\">Analisi strutturali e aerodinamiche. Progettazione.<br \/>\nPartner Tecnico Strategico<\/h4>\n<hr \/>\n<p>Altro importante partner italiano, Itinera opera nel settore delle grandi infrastrutture. Nel progetto funge da mandante, collaborando alla costruzione della struttura, ai lavori civili attorno al ponte, e al raccordo con le reti locali. \u00c8 essenziale per il know-how costruttivo e per la gestione delle sfide logistiche tra Sicilia e Calabria.[\/vc_column_text][\/vc_column][\/vc_row][vc_row full_width=&#8221;stretch_row&#8221;][vc_column][vc_empty_space height=&#8221;10px&#8221;][vc_separator css=&#8221;.vc_custom_1463481153700{margin-bottom: 0px !important;padding-bottom: 0px !important;}&#8221;][vc_empty_space height=&#8221;60px&#8221;][\/vc_column][\/vc_row][vc_row][vc_column width=&#8221;1\/2&#8243;][vc_video link=&#8221;https:\/\/youtu.be\/YCUdzIYy46U?feature=shared&#8221; css=&#8221;&#8221;][\/vc_column][vc_column width=&#8221;1\/2&#8243;][vc_video link=&#8221;https:\/\/youtu.be\/wMWb_LB68AM?feature=shared&#8221; css=&#8221;&#8221;][\/vc_column][\/vc_row][vc_row][vc_column][vc_separator css=&#8221;.vc_custom_1758907508545{margin-bottom: 0px !important;padding-top: 50px !important;padding-bottom: 30px !important;}&#8221;]<div style=\"margin-right: auto;margin-left: auto;text-align: center;\" id=\"ponte-99318995\"><a href=\"https:\/\/www.domainfirm.it\/it\/\" aria-label=\"DomainFirm.XX | Premium Domain Hub\"><img loading=\"lazy\" decoding=\"async\" src=\"https:\/\/pontedimessina.it\/wp-content\/uploads\/2025\/09\/banner-xx-728x90-1.jpg\" alt=\"DomainFirm.XX | Premium Domain Hub\"  srcset=\"https:\/\/pontedimessina.it\/wp-content\/uploads\/2025\/09\/banner-xx-728x90-1.jpg 726w, https:\/\/pontedimessina.it\/wp-content\/uploads\/2025\/09\/banner-xx-728x90-1-350x43.jpg 350w, https:\/\/pontedimessina.it\/wp-content\/uploads\/2025\/09\/banner-xx-728x90-1-600x74.jpg 600w\" sizes=\"auto, (max-width: 726px) 100vw, 726px\" width=\"726\" height=\"90\"  style=\"display: inline-block;\" \/><\/a><\/div>[vc_separator css=&#8221;.vc_custom_1758972861658{margin-bottom: 0px !important;padding-top: 30px !important;padding-bottom: 50px !important;}&#8221;][\/vc_column][\/vc_row]<\/p>\n<\/div>","protected":false},"excerpt":{"rendered":"<p>[vc_row][vc_column][vc_empty_space][vc_empty_space][\/vc_column][\/vc_row][vc_row equal_height=&#8221;yes&#8221; css=&#8221;.vc_custom_1758450188140{margin-bottom: 0px !important;}&#8221;][vc_column width=&#8221;1\/3&#8243; css=&#8221;.vc_custom_1459186986556{margin-right: 0px !important;padding-right: 0px !important;}&#8221;][vc_single_image image=&#8221;5402&#8243; img_size=&#8221;full&#8221; css=&#8221;&#8221;][\/vc_column][vc_column width=&#8221;2\/3&#8243; css=&#8221;.vc_custom_1459186959095{margin-left: 0px !important;padding-left: 0px !important;}&#8221;][vc_column_text css=&#8221;.vc_custom_1758625190618{margin-bottom: 0px !important;padding-right: 25px !important;padding-left: 25px !important;}&#8221;]I membri del Consorzio&#8230;<\/p>\n","protected":false},"author":2,"featured_media":0,"parent":4586,"menu_order":0,"comment_status":"closed","ping_status":"closed","template":"","meta":{"_uf_show_specific_survey":0,"_uf_disable_surveys":false,"footnotes":""},"class_list":["post-5381","page","type-page","status-publish","hentry"],"yoast_head":"<!-- This site is optimized with the Yoast SEO plugin v26.5 - https:\/\/yoast.com\/wordpress\/plugins\/seo\/ -->\n<title>Membri Eurolink | Ponte di Messina<\/title>\n<meta name=\"description\" content=\"Il contratto per la realizzazione dell\u2019opera \u00e8 stato nel 2006 dall\u2019ATI formata dalla capogruppo Webuild S.p.A. e dai membri Eurolink\" \/>\n<meta name=\"robots\" content=\"index, follow, max-snippet:-1, max-image-preview:large, max-video-preview:-1\" \/>\n<link rel=\"canonical\" href=\"https:\/\/pontedimessina.it\/it\/general-contractor\/membri-eurolink\/\" \/>\n<meta property=\"og:locale\" content=\"it_IT\" \/>\n<meta property=\"og:type\" content=\"article\" \/>\n<meta property=\"og:title\" content=\"Membri Eurolink | Ponte di Messina\" \/>\n<meta property=\"og:description\" content=\"Il contratto per la realizzazione dell\u2019opera \u00e8 stato nel 2006 dall\u2019ATI formata dalla capogruppo Webuild S.p.A. e dai membri Eurolink\" \/>\n<meta property=\"og:url\" content=\"https:\/\/pontedimessina.it\/it\/general-contractor\/membri-eurolink\/\" \/>\n<meta property=\"og:site_name\" content=\"Ponte di Messina\" \/>\n<meta property=\"article:modified_time\" content=\"2025-10-06T21:20:38+00:00\" \/>\n<meta name=\"twitter:card\" content=\"summary_large_image\" \/>\n<script type=\"application\/ld+json\" class=\"yoast-schema-graph\">{\"@context\":\"https:\/\/schema.org\",\"@graph\":[{\"@type\":\"WebPage\",\"@id\":\"https:\/\/pontedimessina.it\/it\/general-contractor\/membri-eurolink\/\",\"url\":\"https:\/\/pontedimessina.it\/it\/general-contractor\/membri-eurolink\/\",\"name\":\"Membri Eurolink | Ponte di Messina\",\"isPartOf\":{\"@id\":\"https:\/\/pontedimessina.it\/it\/#website\"},\"datePublished\":\"2025-09-02T12:36:50+00:00\",\"dateModified\":\"2025-10-06T21:20:38+00:00\",\"description\":\"Il contratto per la realizzazione dell\u2019opera \u00e8 stato nel 2006 dall\u2019ATI formata dalla capogruppo Webuild S.p.A. e dai membri Eurolink\",\"breadcrumb\":{\"@id\":\"https:\/\/pontedimessina.it\/it\/general-contractor\/membri-eurolink\/#breadcrumb\"},\"inLanguage\":\"it-IT\",\"potentialAction\":[{\"@type\":\"ReadAction\",\"target\":[\"https:\/\/pontedimessina.it\/it\/general-contractor\/membri-eurolink\/\"]}]},{\"@type\":\"BreadcrumbList\",\"@id\":\"https:\/\/pontedimessina.it\/it\/general-contractor\/membri-eurolink\/#breadcrumb\",\"itemListElement\":[{\"@type\":\"ListItem\",\"position\":1,\"name\":\"Home\",\"item\":\"https:\/\/pontedimessina.it\/it\/\"},{\"@type\":\"ListItem\",\"position\":2,\"name\":\"General Contractor\",\"item\":\"https:\/\/pontedimessina.it\/it\/general-contractor\/\"},{\"@type\":\"ListItem\",\"position\":3,\"name\":\"Membri Eurolink\"}]},{\"@type\":\"WebSite\",\"@id\":\"https:\/\/pontedimessina.it\/it\/#website\",\"url\":\"https:\/\/pontedimessina.it\/it\/\",\"name\":\"Ponte di Messina\",\"description\":\"One Bridge. One Country. One Vision.\",\"alternateName\":\"Pontedimessina.it\",\"potentialAction\":[{\"@type\":\"SearchAction\",\"target\":{\"@type\":\"EntryPoint\",\"urlTemplate\":\"https:\/\/pontedimessina.it\/it\/?s={search_term_string}\"},\"query-input\":{\"@type\":\"PropertyValueSpecification\",\"valueRequired\":true,\"valueName\":\"search_term_string\"}}],\"inLanguage\":\"it-IT\"}]}<\/script>\n<!-- \/ Yoast SEO plugin. -->","yoast_head_json":{"title":"Membri Eurolink | Ponte di Messina","description":"Il contratto per la realizzazione dell\u2019opera \u00e8 stato nel 2006 dall\u2019ATI formata dalla capogruppo Webuild S.p.A. e dai membri Eurolink","robots":{"index":"index","follow":"follow","max-snippet":"max-snippet:-1","max-image-preview":"max-image-preview:large","max-video-preview":"max-video-preview:-1"},"canonical":"https:\/\/pontedimessina.it\/it\/general-contractor\/membri-eurolink\/","og_locale":"it_IT","og_type":"article","og_title":"Membri Eurolink | Ponte di Messina","og_description":"Il contratto per la realizzazione dell\u2019opera \u00e8 stato nel 2006 dall\u2019ATI formata dalla capogruppo Webuild S.p.A. e dai membri Eurolink","og_url":"https:\/\/pontedimessina.it\/it\/general-contractor\/membri-eurolink\/","og_site_name":"Ponte di Messina","article_modified_time":"2025-10-06T21:20:38+00:00","twitter_card":"summary_large_image","schema":{"@context":"https:\/\/schema.org","@graph":[{"@type":"WebPage","@id":"https:\/\/pontedimessina.it\/it\/general-contractor\/membri-eurolink\/","url":"https:\/\/pontedimessina.it\/it\/general-contractor\/membri-eurolink\/","name":"Membri Eurolink | Ponte di Messina","isPartOf":{"@id":"https:\/\/pontedimessina.it\/it\/#website"},"datePublished":"2025-09-02T12:36:50+00:00","dateModified":"2025-10-06T21:20:38+00:00","description":"Il contratto per la realizzazione dell\u2019opera \u00e8 stato nel 2006 dall\u2019ATI formata dalla capogruppo Webuild S.p.A. e dai membri Eurolink","breadcrumb":{"@id":"https:\/\/pontedimessina.it\/it\/general-contractor\/membri-eurolink\/#breadcrumb"},"inLanguage":"it-IT","potentialAction":[{"@type":"ReadAction","target":["https:\/\/pontedimessina.it\/it\/general-contractor\/membri-eurolink\/"]}]},{"@type":"BreadcrumbList","@id":"https:\/\/pontedimessina.it\/it\/general-contractor\/membri-eurolink\/#breadcrumb","itemListElement":[{"@type":"ListItem","position":1,"name":"Home","item":"https:\/\/pontedimessina.it\/it\/"},{"@type":"ListItem","position":2,"name":"General Contractor","item":"https:\/\/pontedimessina.it\/it\/general-contractor\/"},{"@type":"ListItem","position":3,"name":"Membri Eurolink"}]},{"@type":"WebSite","@id":"https:\/\/pontedimessina.it\/it\/#website","url":"https:\/\/pontedimessina.it\/it\/","name":"Ponte di Messina","description":"One Bridge. One Country. One Vision.","alternateName":"Pontedimessina.it","potentialAction":[{"@type":"SearchAction","target":{"@type":"EntryPoint","urlTemplate":"https:\/\/pontedimessina.it\/it\/?s={search_term_string}"},"query-input":{"@type":"PropertyValueSpecification","valueRequired":true,"valueName":"search_term_string"}}],"inLanguage":"it-IT"}]}},"_links":{"self":[{"href":"https:\/\/pontedimessina.it\/it\/wp-json\/wp\/v2\/pages\/5381","targetHints":{"allow":["GET"]}}],"collection":[{"href":"https:\/\/pontedimessina.it\/it\/wp-json\/wp\/v2\/pages"}],"about":[{"href":"https:\/\/pontedimessina.it\/it\/wp-json\/wp\/v2\/types\/page"}],"author":[{"embeddable":true,"href":"https:\/\/pontedimessina.it\/it\/wp-json\/wp\/v2\/users\/2"}],"replies":[{"embeddable":true,"href":"https:\/\/pontedimessina.it\/it\/wp-json\/wp\/v2\/comments?post=5381"}],"version-history":[{"count":0,"href":"https:\/\/pontedimessina.it\/it\/wp-json\/wp\/v2\/pages\/5381\/revisions"}],"up":[{"embeddable":true,"href":"https:\/\/pontedimessina.it\/it\/wp-json\/wp\/v2\/pages\/4586"}],"wp:attachment":[{"href":"https:\/\/pontedimessina.it\/it\/wp-json\/wp\/v2\/media?parent=5381"}],"curies":[{"name":"wp","href":"https:\/\/api.w.org\/{rel}","templated":true}]}}