{"id":5342,"date":"2025-09-01T23:50:43","date_gmt":"2025-09-01T21:50:43","guid":{"rendered":"https:\/\/ai2ai.it\/?page_id=5342"},"modified":"2025-10-14T19:03:35","modified_gmt":"2025-10-14T17:03:35","slug":"copyright","status":"publish","type":"page","link":"https:\/\/pontedimessina.it\/it\/copyright\/","title":{"rendered":"Copyright"},"content":{"rendered":"<div class=\"wpb-content-wrapper\"><p>[vc_row][vc_column]<div class=\"mgt-header-block clearfix text-left text-black wpb_content_element  mgt-header-block-style-1 mgt-header-texttransform-none \"><h2 class=\"mgt-header-block-title\">\u00a9 Copyright 2025 \u2013 Ponte di Messina. Tutti i diritti riservati.<\/h2><div class=\"mgt-header-line\"><\/div><\/div>[vc_empty_space height=&#8221;20px&#8221;][\/vc_column][\/vc_row][vc_row css=&#8221;.vc_custom_1463499713574{margin-bottom: 10px !important;}&#8221;][vc_column width=&#8221;1\/2&#8243; css=&#8221;.vc_custom_1463499493091{margin-right: 0px !important;padding-right: 0px !important;}&#8221;]<div class=\"mgt-promo-block black-text text-size-normal no-darken mgt-promo-block-74687184617 wpb_content_element\" data-style=\"background-color: #f5f5f5;width: 100%; height: 400px;\"><div class=\"mgt-promo-block-content\"><div class=\"mgt-promo-block-content-inside vc_custom_1757503985712\">\n<h4>2000-2025<\/h4>\n<h2 style=\"text-align: left\"><strong>Il nostro lavoro<br \/>\n<\/strong><\/h2>\n<p style=\"text-align: left\"><span style=\"color: #333333\">Il presente sito riflette decenni di attivit\u00e0, di ricerca e investimenti a tutela del Ponte di Messina. Ogni contenuto ivi pubblicato \u00e8 protetto dalle leggi in materia di Diritto d&#8217;Autore, Propriet\u00e0 Intellettuale e Industriale.<\/span>\n<\/div><\/div><\/div>[\/vc_column][vc_column width=&#8221;1\/2&#8243; css=&#8221;.vc_custom_1463499505870{margin-left: 0px !important;padding-left: 0px !important;}&#8221;]<div class=\"mgt-promo-block white-text cover-image text-size-normal no-darken mgt-promo-block-24893773906 wpb_content_element\" data-style=\"background-image: url(https:\/\/pontedimessina.it\/wp-content\/uploads\/2025\/08\/img-01-en-sm.jpg);background-repeat: no-repeat;width: 100%; height: 400px;\"><div class=\"mgt-promo-block-content\"><div class=\"mgt-promo-block-content-inside\"><\/div><\/div><\/div>[\/vc_column][\/vc_row][vc_row][vc_column][vc_empty_space height=&#8221;20px&#8221;][\/vc_column][\/vc_row][vc_row][vc_column]<div class=\"mgt-icon-box wpb_content_element wpb_animate_when_almost_visible wpb_appear mgt-icon-box-right mgt-icon-fa mgt-icon-background mgt-icon-background-invert text-black \"><div class=\"mgt-icon-box-icon hvr-icon-push\"><div class=\"mgt-font-icon\"><i class=\"fa fa-institution\"><\/i><\/div><\/div><div class=\"mgt-icon-box-content\"><h6>PONTE DI MESSINA<\/h6><h5>CONTENUTI<\/h5><\/p>\n<p data-start=\"272\" data-end=\"660\"><span style=\"color: #333333\">Tutti i contenuti presenti su questo sito \u2013 testi, immagini, loghi, marchi, materiali multimediali, layout grafico e codice sorgente \u2013 sono nella titolarit\u00e0 di ICC S.r.l. o in diritto della stessa e sono protetti dalle leggi sul diritto d\u2019autore e sulla propriet\u00e0 intellettuale e industriale.<\/span><\/p>\n<p data-start=\"272\" data-end=\"660\"><span style=\"color: #333333\">Tutte le fotografie presenti sul presente sito sono utlizzate da ICC S.r.l. su licenza rilasciata dai rispettivi titolari o in diritto della stessa.<\/span><\/p>\n<p data-start=\"272\" data-end=\"660\"><span style=\"color: #333333\">\u00c8 pertanto vietata qualsiasi forma di riproduzione, distribuzione, modifica o utilizzo non autorizzato dei materiali pubblicati, anche parziale, su qualsiasi supporto o tecnologia.<\/span><\/p>\n<p data-start=\"662\" data-end=\"943\"><span style=\"color: #333333\">L\u2019uso dei contenuti del sito, fotografie escluse, \u00e8 consentito esclusivamente per finalit\u00e0 di studio, personali e non commerciali, e purch\u00e9 venga sempre citata la fonte. Qualsiasi utilizzo degli stessi per fini editoriali, promozionali o commerciali deve essere preventivamente autorizzato per iscritto dal titolare dei diritti.<\/span><\/p>\n<p><\/div><div class=\"clearfix\"><\/div><\/div>[vc_separator]<div class=\"mgt-icon-box wpb_content_element wpb_animate_when_almost_visible wpb_appear mgt-icon-box-right mgt-icon-fa mgt-icon-background mgt-icon-background-invert text-black \"><div class=\"mgt-icon-box-icon hvr-icon-push\"><div class=\"mgt-font-icon\"><i class=\"fa fa-gavel\"><\/i><\/div><\/div><div class=\"mgt-icon-box-content\"><h6>PONTE DI MESSINA<\/h6><h5>MARCHI CITATI<\/h5><span style=\"color: #333333\">I marchi citati nel sito, ove non di pertinenza di ICC S.r.l.<strong>,\u00a0<\/strong>sono esclusiva propriet\u00e0 dei rispettivi proprietari.<\/span><br \/>\n<span style=\"color: #333333\">Tali marchi sono indicati a titolo informativo, divulgativo o promozionale e su di essi\u00a0ICC S.r.l.non vanta diritto alcuno.<\/span><\/div><div class=\"clearfix\"><\/div><\/div>[vc_separator]<div class=\"mgt-icon-box wpb_content_element wpb_animate_when_almost_visible wpb_appear mgt-icon-box-right mgt-icon-fa mgt-icon-background mgt-icon-background-invert text-black \"><div class=\"mgt-icon-box-icon hvr-icon-push\"><div class=\"mgt-font-icon\"><i class=\"fa fa-gavel\"><\/i><\/div><\/div><div class=\"mgt-icon-box-content\"><h6>PONTE DI MESSINA<\/h6><h5>MARCHI REGISTRATI<\/h5><\/p>\n<p data-start=\"339\" data-end=\"565\"><span style=\"color: #333333\"><strong data-start=\"348\" data-end=\"370\">\u201cPonte di Messina\u201d<\/strong>,\u00a0<strong data-start=\"372\" data-end=\"397\">\u201cxx\u201d<\/strong>\u00a0 sono marchi registrati e come tali tutelati ai sensi del Codice della Propriet\u00e0 Industriale e delle normative europee e internazionali vigenti.<\/span><\/p>\n<p data-start=\"567\" data-end=\"642\"><span style=\"color: #333333\">Le registrazioni coprono, tra le altre, le seguenti classi merceologiche:<\/span><\/p>\n<ul data-start=\"644\" data-end=\"886\">\n<li data-start=\"644\" data-end=\"731\">\n<p data-start=\"646\" data-end=\"731\"><span style=\"color: #333333\"><strong data-start=\"646\" data-end=\"659\">Classe 35<\/strong>: servizi di consulenza, marketing, pubblicit\u00e0 e gestione commerciale.<\/span><\/p>\n<\/li>\n<li data-start=\"732\" data-end=\"819\">\n<p data-start=\"734\" data-end=\"819\"><span style=\"color: #333333\"><strong data-start=\"734\" data-end=\"747\">Classe 41<\/strong>: servizi culturali, educativi, editoriali e organizzazione di eventi.<\/span><\/p>\n<\/li>\n<li data-start=\"820\" data-end=\"886\">\n<p data-start=\"822\" data-end=\"886\"><span style=\"color: #333333\"><strong data-start=\"822\" data-end=\"835\">Classe 42<\/strong>: servizi digitali, tecnologici e di innovazione.<\/span><\/p>\n<\/li>\n<\/ul>\n<p><\/div><div class=\"clearfix\"><\/div><\/div>[vc_separator]<div class=\"mgt-icon-box wpb_content_element wpb_animate_when_almost_visible wpb_appear mgt-icon-box-right mgt-icon-fa mgt-icon-background mgt-icon-background-invert text-black \"><div class=\"mgt-icon-box-icon hvr-icon-push\"><div class=\"mgt-font-icon\"><i class=\"fa fa-balance-scale\"><\/i><\/div><\/div><div class=\"mgt-icon-box-content\"><h6>PONTE DI MESSINA<\/h6><h5>ILLECITI UTILIZZI<\/h5><\/p>\n<p data-start=\"888\" data-end=\"1111\"><span style=\"color: #333333\">Ogni utilizzo non autorizzato dei contenuti del presente Web Site e\/o dei suddetti marchi \u2013 inclusi usi a fini pubblicitari, promozionali, editoriali o digitali \u2013 costituisce violazione dei diritti di propriet\u00e0 intellettuale e industriale e come tale sar\u00e0 perseguita.<\/span><\/p>\n<p data-start=\"1113\" data-end=\"1288\"><span style=\"color: #333333\">\u00c8 espressamente vietato l\u2019impiego dei contenuti e dei suddetti marchi in domini, piattaforme online, social media, materiali cartacei o digitali senza preventiva autorizzazione scritta dei titolari.<\/span><\/p>\n<p data-start=\"1290\" data-end=\"1446\"><span style=\"color: #333333\">Per licensing, partnership o richiesta di specifici utilizzi, scrivere a: <\/span><span style=\"color: #333333\">info@techlaw.it<\/span><\/p>\n<p><\/div><div class=\"clearfix\"><\/div><\/div>[\/vc_column][\/vc_row][vc_row][vc_column][vc_separator css=&#8221;.vc_custom_1759005953972{margin-bottom: 0px !important;padding-top: 40px !important;padding-bottom: 30px !important;}&#8221;]<div style=\"margin-left: auto;margin-right: auto;text-align: center;\" id=\"ponte-4169034941\"><script async src=\"\/\/pagead2.googlesyndication.com\/pagead\/js\/adsbygoogle.js?client=ca-pub-8905959201982646\" crossorigin=\"anonymous\"><\/script><ins class=\"adsbygoogle\" style=\"display:block;\" data-ad-client=\"ca-pub-8905959201982646\" \ndata-ad-slot=\"6695237606\" \ndata-ad-format=\"auto\"><\/ins>\n<script> \n(adsbygoogle = window.adsbygoogle || []).push({}); \n<\/script>\n<\/div>[vc_separator css=&#8221;.vc_custom_1758973157520{margin-bottom: 0px !important;padding-top: 30px !important;padding-bottom: 40px !important;}&#8221;][\/vc_column][\/vc_row]<\/p>\n<\/div>","protected":false},"excerpt":{"rendered":"<p>[vc_row][vc_column][vc_empty_space height=&#8221;20px&#8221;][\/vc_column][\/vc_row][vc_row css=&#8221;.vc_custom_1463499713574{margin-bottom: 10px !important;}&#8221;][vc_column width=&#8221;1\/2&#8243; css=&#8221;.vc_custom_1463499493091{margin-right: 0px !important;padding-right: 0px !important;}&#8221;][\/vc_column][vc_column width=&#8221;1\/2&#8243; css=&#8221;.vc_custom_1463499505870{margin-left: 0px !important;padding-left: 0px !important;}&#8221;][\/vc_column][\/vc_row][vc_row][vc_column][vc_empty_space height=&#8221;20px&#8221;][\/vc_column][\/vc_row][vc_row][vc_column][vc_separator][vc_separator][vc_separator][\/vc_column][\/vc_row][vc_row][vc_column][vc_separator css=&#8221;.vc_custom_1759005953972{margin-bottom: 0px !important;padding-top: 40px !important;padding-bottom: 30px !important;}&#8221;][vc_separator css=&#8221;.vc_custom_1758973157520{margin-bottom: 0px !important;padding-top: 30px !important;padding-bottom:&#8230;<\/p>\n","protected":false},"author":2,"featured_media":0,"parent":0,"menu_order":0,"comment_status":"closed","ping_status":"closed","template":"","meta":{"_uf_show_specific_survey":0,"_uf_disable_surveys":false,"footnotes":""},"class_list":["post-5342","page","type-page","status-publish","hentry"],"yoast_head":"<!-- This site is optimized with the Yoast SEO plugin v26.5 - https:\/\/yoast.com\/wordpress\/plugins\/seo\/ -->\n<title>Copyright | Ponte di Messina<\/title>\n<meta name=\"description\" content=\"I contenuti di questo sito riflettono 25 anni di attivit\u00e0 e sono tutelati dalle leggi in materia di Diritto d&#039;Autore e marchi industriali.\" \/>\n<meta name=\"robots\" content=\"index, follow, max-snippet:-1, max-image-preview:large, max-video-preview:-1\" \/>\n<link rel=\"canonical\" href=\"https:\/\/pontedimessina.it\/it\/copyright\/\" \/>\n<meta property=\"og:locale\" content=\"it_IT\" \/>\n<meta property=\"og:type\" content=\"article\" \/>\n<meta property=\"og:title\" content=\"Copyright | Ponte di Messina\" \/>\n<meta property=\"og:description\" content=\"I contenuti di questo sito riflettono 25 anni di attivit\u00e0 e sono tutelati dalle leggi in materia di Diritto d&#039;Autore e marchi industriali.\" \/>\n<meta property=\"og:url\" content=\"https:\/\/pontedimessina.it\/it\/copyright\/\" \/>\n<meta property=\"og:site_name\" content=\"Ponte di Messina\" \/>\n<meta property=\"article:modified_time\" content=\"2025-10-14T17:03:35+00:00\" \/>\n<meta name=\"twitter:card\" content=\"summary_large_image\" \/>\n<script type=\"application\/ld+json\" class=\"yoast-schema-graph\">{\"@context\":\"https:\/\/schema.org\",\"@graph\":[{\"@type\":\"WebPage\",\"@id\":\"https:\/\/pontedimessina.it\/it\/copyright\/\",\"url\":\"https:\/\/pontedimessina.it\/it\/copyright\/\",\"name\":\"Copyright | Ponte di Messina\",\"isPartOf\":{\"@id\":\"https:\/\/pontedimessina.it\/it\/#website\"},\"datePublished\":\"2025-09-01T21:50:43+00:00\",\"dateModified\":\"2025-10-14T17:03:35+00:00\",\"description\":\"I contenuti di questo sito riflettono 25 anni di attivit\u00e0 e sono tutelati dalle leggi in materia di Diritto d'Autore e marchi industriali.\",\"breadcrumb\":{\"@id\":\"https:\/\/pontedimessina.it\/it\/copyright\/#breadcrumb\"},\"inLanguage\":\"it-IT\",\"potentialAction\":[{\"@type\":\"ReadAction\",\"target\":[\"https:\/\/pontedimessina.it\/it\/copyright\/\"]}]},{\"@type\":\"BreadcrumbList\",\"@id\":\"https:\/\/pontedimessina.it\/it\/copyright\/#breadcrumb\",\"itemListElement\":[{\"@type\":\"ListItem\",\"position\":1,\"name\":\"Home\",\"item\":\"https:\/\/pontedimessina.it\/it\/\"},{\"@type\":\"ListItem\",\"position\":2,\"name\":\"Copyright\"}]},{\"@type\":\"WebSite\",\"@id\":\"https:\/\/pontedimessina.it\/it\/#website\",\"url\":\"https:\/\/pontedimessina.it\/it\/\",\"name\":\"Ponte di Messina\",\"description\":\"One Bridge. One Country. One Vision.\",\"alternateName\":\"Pontedimessina.it\",\"potentialAction\":[{\"@type\":\"SearchAction\",\"target\":{\"@type\":\"EntryPoint\",\"urlTemplate\":\"https:\/\/pontedimessina.it\/it\/?s={search_term_string}\"},\"query-input\":{\"@type\":\"PropertyValueSpecification\",\"valueRequired\":true,\"valueName\":\"search_term_string\"}}],\"inLanguage\":\"it-IT\"}]}<\/script>\n<!-- \/ Yoast SEO plugin. -->","yoast_head_json":{"title":"Copyright | Ponte di Messina","description":"I contenuti di questo sito riflettono 25 anni di attivit\u00e0 e sono tutelati dalle leggi in materia di Diritto d'Autore e marchi industriali.","robots":{"index":"index","follow":"follow","max-snippet":"max-snippet:-1","max-image-preview":"max-image-preview:large","max-video-preview":"max-video-preview:-1"},"canonical":"https:\/\/pontedimessina.it\/it\/copyright\/","og_locale":"it_IT","og_type":"article","og_title":"Copyright | Ponte di Messina","og_description":"I contenuti di questo sito riflettono 25 anni di attivit\u00e0 e sono tutelati dalle leggi in materia di Diritto d'Autore e marchi industriali.","og_url":"https:\/\/pontedimessina.it\/it\/copyright\/","og_site_name":"Ponte di Messina","article_modified_time":"2025-10-14T17:03:35+00:00","twitter_card":"summary_large_image","schema":{"@context":"https:\/\/schema.org","@graph":[{"@type":"WebPage","@id":"https:\/\/pontedimessina.it\/it\/copyright\/","url":"https:\/\/pontedimessina.it\/it\/copyright\/","name":"Copyright | Ponte di Messina","isPartOf":{"@id":"https:\/\/pontedimessina.it\/it\/#website"},"datePublished":"2025-09-01T21:50:43+00:00","dateModified":"2025-10-14T17:03:35+00:00","description":"I contenuti di questo sito riflettono 25 anni di attivit\u00e0 e sono tutelati dalle leggi in materia di Diritto d'Autore e marchi industriali.","breadcrumb":{"@id":"https:\/\/pontedimessina.it\/it\/copyright\/#breadcrumb"},"inLanguage":"it-IT","potentialAction":[{"@type":"ReadAction","target":["https:\/\/pontedimessina.it\/it\/copyright\/"]}]},{"@type":"BreadcrumbList","@id":"https:\/\/pontedimessina.it\/it\/copyright\/#breadcrumb","itemListElement":[{"@type":"ListItem","position":1,"name":"Home","item":"https:\/\/pontedimessina.it\/it\/"},{"@type":"ListItem","position":2,"name":"Copyright"}]},{"@type":"WebSite","@id":"https:\/\/pontedimessina.it\/it\/#website","url":"https:\/\/pontedimessina.it\/it\/","name":"Ponte di Messina","description":"One Bridge. One Country. One Vision.","alternateName":"Pontedimessina.it","potentialAction":[{"@type":"SearchAction","target":{"@type":"EntryPoint","urlTemplate":"https:\/\/pontedimessina.it\/it\/?s={search_term_string}"},"query-input":{"@type":"PropertyValueSpecification","valueRequired":true,"valueName":"search_term_string"}}],"inLanguage":"it-IT"}]}},"_links":{"self":[{"href":"https:\/\/pontedimessina.it\/it\/wp-json\/wp\/v2\/pages\/5342","targetHints":{"allow":["GET"]}}],"collection":[{"href":"https:\/\/pontedimessina.it\/it\/wp-json\/wp\/v2\/pages"}],"about":[{"href":"https:\/\/pontedimessina.it\/it\/wp-json\/wp\/v2\/types\/page"}],"author":[{"embeddable":true,"href":"https:\/\/pontedimessina.it\/it\/wp-json\/wp\/v2\/users\/2"}],"replies":[{"embeddable":true,"href":"https:\/\/pontedimessina.it\/it\/wp-json\/wp\/v2\/comments?post=5342"}],"version-history":[{"count":4,"href":"https:\/\/pontedimessina.it\/it\/wp-json\/wp\/v2\/pages\/5342\/revisions"}],"predecessor-version":[{"id":9659,"href":"https:\/\/pontedimessina.it\/it\/wp-json\/wp\/v2\/pages\/5342\/revisions\/9659"}],"wp:attachment":[{"href":"https:\/\/pontedimessina.it\/it\/wp-json\/wp\/v2\/media?parent=5342"}],"curies":[{"name":"wp","href":"https:\/\/api.w.org\/{rel}","templated":true}]}}