{"id":5266,"date":"2025-09-01T20:07:54","date_gmt":"2025-09-01T18:07:54","guid":{"rendered":"https:\/\/ai2ai.it\/?page_id=5266"},"modified":"2025-10-06T23:15:37","modified_gmt":"2025-10-06T21:15:37","slug":"partner-concessionaria","status":"publish","type":"page","link":"https:\/\/pontedimessina.it\/it\/concessionaria-stretto-di-messina\/partner-concessionaria\/","title":{"rendered":"Partner Concessionaria"},"content":{"rendered":"<div class=\"wpb-content-wrapper\"><p>[vc_row][vc_column]<div class=\"mgt-header-block clearfix text-left text-black wpb_content_element  mgt-header-block-style-1 mgt-header-texttransform-header \"><h2 class=\"mgt-header-block-title\">Partner<\/h2><p class=\"mgt-header-block-subtitle\">Stretto di Messina S.p.A.<\/p><div class=\"mgt-header-line\"><\/div><\/div>[vc_empty_space][\/vc_column][\/vc_row][vc_row equal_height=&#8221;yes&#8221; css=&#8221;.vc_custom_1758450188140{margin-bottom: 0px !important;}&#8221;][vc_column width=&#8221;1\/3&#8243; css=&#8221;.vc_custom_1459186986556{margin-right: 0px !important;padding-right: 0px !important;}&#8221;][vc_single_image image=&#8221;5169&#8243; img_size=&#8221;full&#8221; alignment=&#8221;center&#8221; onclick=&#8221;custom_link&#8221; img_link_target=&#8221;_blank&#8221; css=&#8221;.vc_custom_1758702367760{margin-bottom: 0px !important;padding-top: 10px !important;}&#8221; link=&#8221;https:\/\/www.strettodimessina.it&#8221;][\/vc_column][vc_column width=&#8221;2\/3&#8243; css=&#8221;.vc_custom_1459186959095{margin-left: 0px !important;padding-left: 0px !important;}&#8221;][vc_column_text css=&#8221;.vc_custom_1758655913473{margin-bottom: 0px !important;padding-right: 25px !important;padding-left: 25px !important;}&#8221;]I <strong data-start=\"41\" data-end=\"84\">partner della Stretto di Messina S.p.A.<\/strong> rappresentano un network di competenze internazionali e specializzazioni multidisciplinari. Ogni partner contribuisce con know-how mirato: progettazione, costruzione, analisi sismica, monitoraggio ambientale e innovazione tecnologica. La sinergia tra pubblico e privato garantisce il rispetto dei pi\u00f9 elevati standard di qualit\u00e0, sicurezza e sostenibilit\u00e0.[\/vc_column_text][\/vc_column][\/vc_row][vc_row css=&#8221;.vc_custom_1756749240514{padding-top: 30px !important;padding-bottom: 10px !important;}&#8221;][vc_column]<div class=\"mgt-header-block clearfix text-left text-black wpb_content_element  mgt-header-block-style-1 mgt-header-texttransform-header \"><h2 class=\"mgt-header-block-title\">DATI<\/h2><p class=\"mgt-header-block-subtitle\">Stretto di Messina S.p.A.<\/p><div class=\"mgt-header-line\"><\/div><\/div>[vc_row_inner css=&#8221;.vc_custom_1756749697025{margin-right: 1px !important;margin-left: 1px !important;background-color: #EEEEEE !important;}&#8221;][vc_column_inner width=&#8221;1\/3&#8243;]<div class=\"mgt-counter-wrapper wpb_content_element text-black text-center\"><div class=\"mgt-counter-icon\"><i class=\"fa fa-users\"><\/i>\r\n<\/div><span class=\"mgt-counter-value\" data-from=\"1950\" data-to=\"1981\" data-speed=\"2000\" data-decimals=\"0\">1981<\/span><h5 class=\"mgt-counter-title\">FONDATA<\/h5><\/div>[\/vc_column_inner][vc_column_inner width=&#8221;1\/3&#8243;]<div class=\"mgt-counter-wrapper wpb_content_element text-black text-center\"><div class=\"mgt-counter-icon\"><i class=\"fa fa-users\"><\/i>\r\n<\/div><span class=\"mgt-counter-value\" data-from=\"0\" data-to=\"5\" data-speed=\"2000\" data-decimals=\"0\">5<\/span><h5 class=\"mgt-counter-title\">MEMBRI<\/h5><\/div>[\/vc_column_inner][vc_column_inner width=&#8221;1\/3&#8243;]<div class=\"mgt-counter-wrapper wpb_content_element text-black text-center\"><div class=\"mgt-counter-icon\"><i class=\"fa fa-graduation-cap\"><\/i>\r\n<\/div><span class=\"mgt-counter-value\" data-from=\"630\" data-to=\"672.5\" data-speed=\"2000\" data-decimals=\"1\">672.5<\/span><h5 class=\"mgt-counter-title\">CAPITALE mln\/\u20ac<\/h5><\/div>[\/vc_column_inner][\/vc_row_inner][\/vc_column][\/vc_row][vc_row][vc_column][vc_separator css=&#8221;.vc_custom_1758907508545{margin-bottom: 0px !important;padding-top: 50px !important;padding-bottom: 30px !important;}&#8221;]<div style=\"margin-left: auto;margin-right: auto;text-align: center;\" id=\"ponte-3759575469\"><a href=\"https:\/\/pontedimessina.it\/it\/visibility\/\" aria-label=\"ICC Digital Media | Ponte di Messina\"><img loading=\"lazy\" decoding=\"async\" src=\"https:\/\/pontedimessina.it\/wp-content\/uploads\/2025\/10\/banner-icc-connection.png\" alt=\"ICC Digital Media | Ponte di Messina\"  srcset=\"https:\/\/pontedimessina.it\/wp-content\/uploads\/2025\/10\/banner-icc-connection.png 764w, https:\/\/pontedimessina.it\/wp-content\/uploads\/2025\/10\/banner-icc-connection-350x49.png 350w, https:\/\/pontedimessina.it\/wp-content\/uploads\/2025\/10\/banner-icc-connection-600x83.png 600w\" sizes=\"auto, (max-width: 764px) 100vw, 764px\" width=\"764\" height=\"106\"  style=\"display: inline-block;\" \/><\/a><\/div>[vc_separator css=&#8221;.vc_custom_1758906432184{margin-bottom: 0px !important;padding-top: 30px !important;padding-bottom: 30px !important;}&#8221;][vc_empty_space height=&#8221;100px&#8221;][\/vc_column][\/vc_row][vc_row][vc_column width=&#8221;1\/4&#8243;][vc_single_image image=&#8221;5405&#8243; img_size=&#8221;120&#215;120&#8243; alignment=&#8221;center&#8221; style=&#8221;vc_box_shadow_border&#8221; onclick=&#8221;custom_link&#8221; img_link_target=&#8221;_blank&#8221; css_animation=&#8221;bottom-to-top&#8221; css=&#8221;&#8221; link=&#8221;https:\/\/www.webuildgroup.com\/&#8221;][\/vc_column][vc_column width=&#8221;3\/4&#8243;][vc_column_text css_animation=&#8221;bottom-to-top&#8221; css=&#8221;&#8221;]<\/p>\n<h3 data-start=\"169\" data-end=\"193\"><strong>Webuild \/ Eurolink<\/strong><\/h3>\n<h4 class=\"position\"><span style=\"color: #808080;\">Capofila Consorzio Eurolink<br \/>\nGeneral Contractor<\/span><\/h4>\n<hr \/>\n<p data-start=\"194\" data-end=\"552\">Il Gruppo Webuild guida il consorzio Eurolink, contraente generale per la progettazione definitiva e la costruzione dell\u2019opera. Coordina le imprese coinvolte, assicura l\u2019adozione di tecnologie d\u2019avanguardia e garantisce che il progetto rispetti criteri di sicurezza, sostenibilit\u00e0 ambientale e standard costruttivi internazionali. <a href=\"https:\/\/pontedimessina.it\/it\/general-contractor\/webuild\/\"><strong>Scopri+<\/strong><\/a><\/p>\n<p>[\/vc_column_text][vc_empty_space height=&#8221;35px&#8221;][\/vc_column][\/vc_row][vc_row][vc_column width=&#8221;1\/4&#8243;][vc_single_image image=&#8221;7999&#8243; img_size=&#8221;120&#215;120&#8243; alignment=&#8221;center&#8221; style=&#8221;vc_box_shadow_border&#8221; onclick=&#8221;custom_link&#8221; img_link_target=&#8221;_blank&#8221; css_animation=&#8221;bottom-to-top&#8221; css=&#8221;&#8221; link=&#8221;https:\/\/www.cowi.com\/&#8221;][\/vc_column][vc_column width=&#8221;3\/4&#8243;][vc_column_text css_animation=&#8221;bottom-to-top&#8221; css=&#8221;&#8221;]<\/p>\n<h3 class=\"pm-card__title\"><strong>Cowi A\/S (Danimarca)<\/strong><\/h3>\n<h4 class=\"position\"><span style=\"color: #808080;\">Analisi strutturali e aerodinamiche. Progettazione.<br \/>\nPartner Tecnico Strategico<\/span><\/h4>\n<hr \/>\n<p>Cowi A\/S \u00e8 una societ\u00e0 di ingegneria danese di fama internazionale, con oltre 90 anni di esperienza e progetti in pi\u00f9 di 100 Paesi. \u00c8 specializzata in infrastrutture complesse, trasporti, energia e ambiente. Ha partecipato alla progettazione di ponti iconici come lo Storeb\u00e6lt in Danimarca e l\u2019\u00d8resund tra Svezia e Danimarca. Per il Ponte di Messina, Cowi ha fornito competenze avanzate in modellazione strutturale, calcoli dinamici e analisi di stabilit\u00e0 per opere sospese di grande campata.[\/vc_column_text][vc_empty_space height=&#8221;35px&#8221;][\/vc_column][\/vc_row][vc_row][vc_column width=&#8221;1\/4&#8243;][vc_single_image image=&#8221;8003&#8243; img_size=&#8221;120&#215;120&#8243; alignment=&#8221;center&#8221; style=&#8221;vc_box_shadow_border&#8221; onclick=&#8221;custom_link&#8221; img_link_target=&#8221;_blank&#8221; css_animation=&#8221;bottom-to-top&#8221; css=&#8221;&#8221; link=&#8221;https:\/\/www.cowi.com\/&#8221;][\/vc_column][vc_column width=&#8221;3\/4&#8243;][vc_column_text css_animation=&#8221;bottom-to-top&#8221; css=&#8221;&#8221;]<\/p>\n<h3 class=\"pm-card__title\"><strong>Buckland &amp; Taylor Ltd. (Canada)<\/strong><\/h3>\n<h4 class=\"position\"><span style=\"color: #808080;\">Consulenza e progettazione di grandi ponti sospesi.<br \/>\nPartner Tecnico Strategico<\/span><\/h4>\n<hr \/>\n<p>Buckland &amp; Taylor Ltd. (dal 2015 parte di COWI North America) \u00e8 una societ\u00e0 di ingegneria canadese specializzata nella progettazione e consulenza su grandi ponti sospesi e strallati. Fondata a Vancouver, ha contribuito a opere di rilevanza internazionale come il Lions\u2019 Gate Bridge e il Second Narrows Bridge, oltre a numerosi progetti in Nord America e Asia. Il suo know-how tecnico su aerodinamica, carichi dinamici e resilienza strutturale ha reso Buckland &amp; Taylor un partner strategico per il Ponte sullo Stretto di Messina.[\/vc_column_text][vc_empty_space height=&#8221;35px&#8221;][\/vc_column][\/vc_row][vc_row][vc_column width=&#8221;1\/4&#8243;][vc_single_image image=&#8221;8008&#8243; img_size=&#8221;120&#215;120&#8243; alignment=&#8221;center&#8221; style=&#8221;vc_box_shadow_border&#8221; onclick=&#8221;custom_link&#8221; css_animation=&#8221;bottom-to-top&#8221; css=&#8221;&#8221; link=&#8221;https:\/\/sundogbaelt.dk\/en\/&#8221;][\/vc_column][vc_column width=&#8221;3\/4&#8243;][vc_column_text css_animation=&#8221;bottom-to-top&#8221; css=&#8221;&#8221;]<\/p>\n<h3 class=\"pm-card__title\"><strong>Sund &amp; B\u00e6lt A\/S (Danimarca)<\/strong><\/h3>\n<h4 class=\"position\"><span style=\"color: #808080;\">Analisi strutturali e aerodinamiche. Progettazione.<br \/>\nPartner Tecnico Strategico<\/span><\/h4>\n<hr \/>\n<p>Sund &amp; B\u00e6lt A\/S \u00e8 una societ\u00e0 pubblica danese che gestisce e sviluppa alcune delle infrastrutture pi\u00f9 rilevanti in Europa, tra cui il Ponte Storeb\u00e6lt e il Ponte \u00d8resund. L\u2019azienda \u00e8 riconosciuta per le sue competenze in grandi attraversamenti, manutenzione di opere sospese e gestione integrata di sistemi complessi. Per il progetto del Ponte sullo Stretto di Messina, Sund &amp; B\u00e6lt ha messo a disposizione la propria esperienza operativa e di governance, contribuendo a definire modelli di gestione durevoli e sostenibili.[\/vc_column_text][\/vc_column][\/vc_row][vc_row full_width=&#8221;stretch_row&#8221;][vc_column][vc_separator css=&#8221;.vc_custom_1758704833012{margin-bottom: 0px !important;padding-top: 0px !important;padding-bottom: 0px !important;}&#8221;]<div class=\"mgt-header-block clearfix text-left text-black wpb_content_element  mgt-header-block-style-1 mgt-header-texttransform-header  vc_custom_1758704763231\"><h2 class=\"mgt-header-block-title\">NEWS<\/h2><p class=\"mgt-header-block-subtitle\">Stretto di Messina S.p.A.<\/p><div class=\"mgt-header-line\"><\/div><\/div><div id=\"mgt-post-list-78229\" class=\"mgt-post-list wpb_content_element animated\"><div class=\"mgt-post normal-blocks\"><a href=\"https:\/\/pontedimessina.it\/it\/blog\/approfondimento-tecnico-giuridico-la-bocciatura-della-corte-dei-conti-sul-ponte-sullo-stretto\/\"><div class=\"mgt-post-image\" data-style=\"background-image: url(https:\/\/pontedimessina.it\/wp-content\/uploads\/2025\/09\/img-61-en-370x230.jpg);\"><div class=\"mgt-post-image-wrapper\"><div class=\"mgt-post-wrapper-icon\"><i class=\"fa fa-plus\"><\/i><\/div>\r\n<\/div><\/div><\/a><div class=\"mgt-post-details\"><div class=\"mgt-post-icon format-standard\"><\/div><div class=\"mgt-post-title\"><a href=\"https:\/\/pontedimessina.it\/it\/blog\/approfondimento-tecnico-giuridico-la-bocciatura-della-corte-dei-conti-sul-ponte-sullo-stretto\/\"><h5>Approfondimento tecnico-giuridico sulla pronuncia della Corte dei Conti.<\/h5><\/a><\/div><div class=\"mgt-post-date\"><i class=\"fa fa-file-text-o\"><\/i>\r\n31\/10\/2025 <\/div><\/div><\/div><div class=\"mgt-post normal-blocks\"><a href=\"https:\/\/pontedimessina.it\/it\/blog\/la-corte-dei-conti-nega-il-visto-di-legittimita-alla-delibera-cipess-il-governo-convoca-una-riunione-durgenza\/\"><div class=\"mgt-post-image\" data-style=\"background-image: url(https:\/\/pontedimessina.it\/wp-content\/uploads\/2025\/09\/img-48-en-post-370x230.jpg);\"><div class=\"mgt-post-image-wrapper\"><div class=\"mgt-post-wrapper-icon\"><i class=\"fa fa-plus\"><\/i><\/div>\r\n<\/div><\/div><\/a><div class=\"mgt-post-details\"><div class=\"mgt-post-icon format-standard\"><\/div><div class=\"mgt-post-title\"><a href=\"https:\/\/pontedimessina.it\/it\/blog\/la-corte-dei-conti-nega-il-visto-di-legittimita-alla-delibera-cipess-il-governo-convoca-una-riunione-durgenza\/\"><h5>La Corte dei Conti nega il visto di legittimit\u00e0. Il Governo convoca una riunione d\u2019urgenza.<\/h5><\/a><\/div><div class=\"mgt-post-date\"><i class=\"fa fa-file-text-o\"><\/i>\r\n30\/10\/2025 <\/div><\/div><\/div><div class=\"mgt-post normal-blocks\"><a href=\"https:\/\/pontedimessina.it\/it\/blog\/ponte-sullo-stretto-di-messina-boom-di-candidature\/\"><div class=\"mgt-post-image\" data-style=\"background-image: url(https:\/\/pontedimessina.it\/wp-content\/uploads\/2025\/08\/img-16-en-sm-370x230.jpg);\"><div class=\"mgt-post-image-wrapper\"><div class=\"mgt-post-wrapper-icon\"><i class=\"fa fa-plus\"><\/i><\/div>\r\n<\/div><\/div><\/a><div class=\"mgt-post-details\"><div class=\"mgt-post-icon format-standard\"><\/div><div class=\"mgt-post-title\"><a href=\"https:\/\/pontedimessina.it\/it\/blog\/ponte-sullo-stretto-di-messina-boom-di-candidature\/\"><h5>Webuild S.p.A. - Boom di candidature sul sito e 3.850 richieste in un giorno.<\/h5><\/a><\/div><div class=\"mgt-post-date\"><i class=\"fa fa-file-text-o\"><\/i>\r\n25\/10\/2025 <\/div><\/div><\/div><div class=\"clearfix\"><\/div><\/div>[\/vc_column][\/vc_row][vc_row][vc_column][vc_separator css=&#8221;.vc_custom_1758908450700{margin-bottom: 0px !important;padding-top: 0px !important;padding-bottom: 30px !important;}&#8221;]<div style=\"margin-left: auto;margin-right: auto;text-align: center;\" id=\"ponte-2152009956\"><script async src=\"\/\/pagead2.googlesyndication.com\/pagead\/js\/adsbygoogle.js?client=ca-pub-8905959201982646\" crossorigin=\"anonymous\"><\/script><ins class=\"adsbygoogle\" style=\"display:block;\" data-ad-client=\"ca-pub-8905959201982646\" \ndata-ad-slot=\"6695237606\" \ndata-ad-format=\"auto\"><\/ins>\n<script> \n(adsbygoogle = window.adsbygoogle || []).push({}); \n<\/script>\n<\/div>[vc_separator css=&#8221;.vc_custom_1758908458653{margin-bottom: 0px !important;padding-top: 30px !important;padding-bottom: 50px !important;}&#8221;][\/vc_column][\/vc_row]<\/p>\n<\/div>","protected":false},"excerpt":{"rendered":"<p>[vc_row][vc_column][vc_empty_space][\/vc_column][\/vc_row][vc_row equal_height=&#8221;yes&#8221; css=&#8221;.vc_custom_1758450188140{margin-bottom: 0px !important;}&#8221;][vc_column width=&#8221;1\/3&#8243; css=&#8221;.vc_custom_1459186986556{margin-right: 0px !important;padding-right: 0px !important;}&#8221;][vc_single_image image=&#8221;5169&#8243; img_size=&#8221;full&#8221; alignment=&#8221;center&#8221; onclick=&#8221;custom_link&#8221; img_link_target=&#8221;_blank&#8221; css=&#8221;.vc_custom_1758702367760{margin-bottom: 0px !important;padding-top: 10px !important;}&#8221; link=&#8221;https:\/\/www.strettodimessina.it&#8221;][\/vc_column][vc_column width=&#8221;2\/3&#8243; css=&#8221;.vc_custom_1459186959095{margin-left: 0px !important;padding-left: 0px !important;}&#8221;][vc_column_text css=&#8221;.vc_custom_1758655913473{margin-bottom: 0px&#8230;<\/p>\n","protected":false},"author":2,"featured_media":0,"parent":4581,"menu_order":0,"comment_status":"closed","ping_status":"closed","template":"","meta":{"_uf_show_specific_survey":0,"_uf_disable_surveys":false,"footnotes":""},"class_list":["post-5266","page","type-page","status-publish","hentry"],"yoast_head":"<!-- This site is optimized with the Yoast SEO plugin v26.5 - https:\/\/yoast.com\/wordpress\/plugins\/seo\/ -->\n<title>Partner Concessionaria | Ponte di Messina<\/title>\n<meta name=\"description\" content=\"I Partner della Concessionaria sono un Network di competenze internazionali multidisciplinari di alto valore tecnico-scientifico.\" \/>\n<meta name=\"robots\" content=\"index, follow, max-snippet:-1, max-image-preview:large, max-video-preview:-1\" \/>\n<link rel=\"canonical\" href=\"https:\/\/pontedimessina.it\/it\/concessionaria-stretto-di-messina\/partner-concessionaria\/\" \/>\n<meta property=\"og:locale\" content=\"it_IT\" \/>\n<meta property=\"og:type\" content=\"article\" \/>\n<meta property=\"og:title\" content=\"Partner Concessionaria | Ponte di Messina\" \/>\n<meta property=\"og:description\" content=\"I Partner della Concessionaria sono un Network di competenze internazionali multidisciplinari di alto valore tecnico-scientifico.\" \/>\n<meta property=\"og:url\" content=\"https:\/\/pontedimessina.it\/it\/concessionaria-stretto-di-messina\/partner-concessionaria\/\" \/>\n<meta property=\"og:site_name\" content=\"Ponte di Messina\" \/>\n<meta property=\"article:modified_time\" content=\"2025-10-06T21:15:37+00:00\" \/>\n<meta name=\"twitter:card\" content=\"summary_large_image\" \/>\n<script type=\"application\/ld+json\" class=\"yoast-schema-graph\">{\"@context\":\"https:\/\/schema.org\",\"@graph\":[{\"@type\":\"WebPage\",\"@id\":\"https:\/\/pontedimessina.it\/it\/concessionaria-stretto-di-messina\/partner-concessionaria\/\",\"url\":\"https:\/\/pontedimessina.it\/it\/concessionaria-stretto-di-messina\/partner-concessionaria\/\",\"name\":\"Partner Concessionaria | Ponte di Messina\",\"isPartOf\":{\"@id\":\"https:\/\/pontedimessina.it\/it\/#website\"},\"datePublished\":\"2025-09-01T18:07:54+00:00\",\"dateModified\":\"2025-10-06T21:15:37+00:00\",\"description\":\"I Partner della Concessionaria sono un Network di competenze internazionali multidisciplinari di alto valore tecnico-scientifico.\",\"breadcrumb\":{\"@id\":\"https:\/\/pontedimessina.it\/it\/concessionaria-stretto-di-messina\/partner-concessionaria\/#breadcrumb\"},\"inLanguage\":\"it-IT\",\"potentialAction\":[{\"@type\":\"ReadAction\",\"target\":[\"https:\/\/pontedimessina.it\/it\/concessionaria-stretto-di-messina\/partner-concessionaria\/\"]}]},{\"@type\":\"BreadcrumbList\",\"@id\":\"https:\/\/pontedimessina.it\/it\/concessionaria-stretto-di-messina\/partner-concessionaria\/#breadcrumb\",\"itemListElement\":[{\"@type\":\"ListItem\",\"position\":1,\"name\":\"Home\",\"item\":\"https:\/\/pontedimessina.it\/it\/\"},{\"@type\":\"ListItem\",\"position\":2,\"name\":\"Concessionaria\",\"item\":\"https:\/\/pontedimessina.it\/it\/concessionaria-stretto-di-messina\/\"},{\"@type\":\"ListItem\",\"position\":3,\"name\":\"Partner Concessionaria\"}]},{\"@type\":\"WebSite\",\"@id\":\"https:\/\/pontedimessina.it\/it\/#website\",\"url\":\"https:\/\/pontedimessina.it\/it\/\",\"name\":\"Ponte di Messina\",\"description\":\"One Bridge. One Country. One Vision.\",\"alternateName\":\"Pontedimessina.it\",\"potentialAction\":[{\"@type\":\"SearchAction\",\"target\":{\"@type\":\"EntryPoint\",\"urlTemplate\":\"https:\/\/pontedimessina.it\/it\/?s={search_term_string}\"},\"query-input\":{\"@type\":\"PropertyValueSpecification\",\"valueRequired\":true,\"valueName\":\"search_term_string\"}}],\"inLanguage\":\"it-IT\"}]}<\/script>\n<!-- \/ Yoast SEO plugin. -->","yoast_head_json":{"title":"Partner Concessionaria | Ponte di Messina","description":"I Partner della Concessionaria sono un Network di competenze internazionali multidisciplinari di alto valore tecnico-scientifico.","robots":{"index":"index","follow":"follow","max-snippet":"max-snippet:-1","max-image-preview":"max-image-preview:large","max-video-preview":"max-video-preview:-1"},"canonical":"https:\/\/pontedimessina.it\/it\/concessionaria-stretto-di-messina\/partner-concessionaria\/","og_locale":"it_IT","og_type":"article","og_title":"Partner Concessionaria | Ponte di Messina","og_description":"I Partner della Concessionaria sono un Network di competenze internazionali multidisciplinari di alto valore tecnico-scientifico.","og_url":"https:\/\/pontedimessina.it\/it\/concessionaria-stretto-di-messina\/partner-concessionaria\/","og_site_name":"Ponte di Messina","article_modified_time":"2025-10-06T21:15:37+00:00","twitter_card":"summary_large_image","schema":{"@context":"https:\/\/schema.org","@graph":[{"@type":"WebPage","@id":"https:\/\/pontedimessina.it\/it\/concessionaria-stretto-di-messina\/partner-concessionaria\/","url":"https:\/\/pontedimessina.it\/it\/concessionaria-stretto-di-messina\/partner-concessionaria\/","name":"Partner Concessionaria | Ponte di Messina","isPartOf":{"@id":"https:\/\/pontedimessina.it\/it\/#website"},"datePublished":"2025-09-01T18:07:54+00:00","dateModified":"2025-10-06T21:15:37+00:00","description":"I Partner della Concessionaria sono un Network di competenze internazionali multidisciplinari di alto valore tecnico-scientifico.","breadcrumb":{"@id":"https:\/\/pontedimessina.it\/it\/concessionaria-stretto-di-messina\/partner-concessionaria\/#breadcrumb"},"inLanguage":"it-IT","potentialAction":[{"@type":"ReadAction","target":["https:\/\/pontedimessina.it\/it\/concessionaria-stretto-di-messina\/partner-concessionaria\/"]}]},{"@type":"BreadcrumbList","@id":"https:\/\/pontedimessina.it\/it\/concessionaria-stretto-di-messina\/partner-concessionaria\/#breadcrumb","itemListElement":[{"@type":"ListItem","position":1,"name":"Home","item":"https:\/\/pontedimessina.it\/it\/"},{"@type":"ListItem","position":2,"name":"Concessionaria","item":"https:\/\/pontedimessina.it\/it\/concessionaria-stretto-di-messina\/"},{"@type":"ListItem","position":3,"name":"Partner Concessionaria"}]},{"@type":"WebSite","@id":"https:\/\/pontedimessina.it\/it\/#website","url":"https:\/\/pontedimessina.it\/it\/","name":"Ponte di Messina","description":"One Bridge. One Country. One Vision.","alternateName":"Pontedimessina.it","potentialAction":[{"@type":"SearchAction","target":{"@type":"EntryPoint","urlTemplate":"https:\/\/pontedimessina.it\/it\/?s={search_term_string}"},"query-input":{"@type":"PropertyValueSpecification","valueRequired":true,"valueName":"search_term_string"}}],"inLanguage":"it-IT"}]}},"_links":{"self":[{"href":"https:\/\/pontedimessina.it\/it\/wp-json\/wp\/v2\/pages\/5266","targetHints":{"allow":["GET"]}}],"collection":[{"href":"https:\/\/pontedimessina.it\/it\/wp-json\/wp\/v2\/pages"}],"about":[{"href":"https:\/\/pontedimessina.it\/it\/wp-json\/wp\/v2\/types\/page"}],"author":[{"embeddable":true,"href":"https:\/\/pontedimessina.it\/it\/wp-json\/wp\/v2\/users\/2"}],"replies":[{"embeddable":true,"href":"https:\/\/pontedimessina.it\/it\/wp-json\/wp\/v2\/comments?post=5266"}],"version-history":[{"count":0,"href":"https:\/\/pontedimessina.it\/it\/wp-json\/wp\/v2\/pages\/5266\/revisions"}],"up":[{"embeddable":true,"href":"https:\/\/pontedimessina.it\/it\/wp-json\/wp\/v2\/pages\/4581"}],"wp:attachment":[{"href":"https:\/\/pontedimessina.it\/it\/wp-json\/wp\/v2\/media?parent=5266"}],"curies":[{"name":"wp","href":"https:\/\/api.w.org\/{rel}","templated":true}]}}