{"id":5021,"date":"2025-08-28T18:46:05","date_gmt":"2025-08-28T16:46:05","guid":{"rendered":"https:\/\/ai2ai.it\/?page_id=5021"},"modified":"2025-10-06T23:13:28","modified_gmt":"2025-10-06T21:13:28","slug":"visibility","status":"publish","type":"page","link":"https:\/\/pontedimessina.it\/it\/visibility\/","title":{"rendered":"Driving Visibility &#038; Value"},"content":{"rendered":"<div class=\"wpb-content-wrapper\"><p>[vc_row][vc_column][vc_empty_space height=&#8221;30px&#8221;][\/vc_column][\/vc_row][vc_row][vc_column]<div class=\"mgt-header-block clearfix text-left text-black wpb_content_element  mgt-header-block-style-1 mgt-header-texttransform-header \"><h2 class=\"mgt-header-block-title\">We are ICC. We build connections.<\/h2><p class=\"mgt-header-block-subtitle\">Visibilit\u00e0 e valore per il Ponte di Messina e i suoi Partners.<\/p><div class=\"mgt-header-line\"><\/div><\/div>[vc_empty_space height=&#8221;30px&#8221;][\/vc_column][\/vc_row][vc_row equal_height=&#8221;yes&#8221; css=&#8221;.vc_custom_1463480619661{margin-bottom: 10px !important;}&#8221;][vc_column width=&#8221;1\/3&#8243; css=&#8221;.vc_custom_1459186986556{margin-right: 0px !important;padding-right: 0px !important;}&#8221;][vc_single_image image=&#8221;4770&#8243; img_size=&#8221;full&#8221; alignment=&#8221;center&#8221; onclick=&#8221;custom_link&#8221; img_link_target=&#8221;_blank&#8221; css=&#8221;.vc_custom_1758877753892{margin-bottom: 0px !important;}&#8221; link=&#8221;https:\/\/pontedimessina.it\/it\/about&#8221;][\/vc_column][vc_column width=&#8221;2\/3&#8243; css=&#8221;.vc_custom_1459186959095{margin-left: 0px !important;padding-left: 0px !important;}&#8221;][vc_column_text css=&#8221;.vc_custom_1759084662054{margin-bottom: 0px !important;margin-left: 30px !important;padding-top: 0px !important;padding-right: 30px !important;padding-bottom: 20px !important;padding-left: 30px !important;}&#8221;]<\/p>\n<h2><strong>Ecosistema di valore<\/strong><\/h2>\n<p>Dal gennaio 2000 <strong data-start=\"128\" data-end=\"135\">ICC<\/strong> \u00e8 impegnata nello sviluppo del progetto informativo sul <strong data-start=\"188\" data-end=\"208\">Ponte di Messina<\/strong>, con\u00a0 marchi e domini, con l\u2019obiettivo di offrire a cittadini, istituzioni, imprese e media un punto di riferimento unico, duraturo, indipendente e aggiornato sul tema.<\/p>\n<p>Parallelamente alla componente informativa, ICC vanta profonde competenze tecniche nel settore <strong data-start=\"1058\" data-end=\"1086\">digitale e pubblicitario <\/strong>(IAB, WAA), nello sviluppo di innovative piattaforme digitali, di soluzioni di Analytics e di Anticontraffazione, e-Coommerce, Advanced SEO e nella gestione di campagne pubblicitarie online rese anche per grandi clienti internazionali.<\/p>\n<p>Questo know-how permette di trasformare l\u2019importante patrimonio del Network Ponte di Messina in un potente ecosistema, capace di generare visibilit\u00e0 e valore per i partners, anche in forza del suo ruolo di <strong>Concessionaria Pubblicitaria esclusiva del Network Ponte di Messina<\/strong>.[\/vc_column_text][\/vc_column][\/vc_row][vc_row css=&#8221;.vc_custom_1463480548872{margin-bottom: 0px !important;padding-bottom: 0px !important;}&#8221;][vc_column][vc_empty_space height=&#8221;50px&#8221;][vc_separator css=&#8221;.vc_custom_1463481153700{margin-bottom: 0px !important;padding-bottom: 0px !important;}&#8221;][vc_empty_space height=&#8221;50px&#8221;][\/vc_column][\/vc_row][vc_row][vc_column]<div class=\"mgt-header-block clearfix text-left text-black wpb_animate_when_almost_visible wpb_bottom-to-top wpb_content_element  mgt-header-block-style-1 mgt-header-texttransform-none  vc_custom_1758188920795\"><h2 class=\"mgt-header-block-title\">VANTAGGI<\/h2><div class=\"mgt-header-line\"><\/div><\/div>[\/vc_column][\/vc_row][vc_row][vc_column width=&#8221;1\/3&#8243;]<div class=\"mgt-icon-box wpb_content_element wpb_animate_when_almost_visible wpb_appear mgt-icon-box-right mgt-icon-fa mgt-icon-background mgt-icon-background-invert text-black \"><div class=\"mgt-icon-box-icon hvr-icon-push\"><div class=\"mgt-font-icon\"><i class=\"fa fa-institution\"><\/i><\/div><\/div><div class=\"mgt-icon-box-content\"><h6>VISIBILITY<\/h6><h5>ELEVATO IMPATTO MEDIATICO<\/h5><\/div><div class=\"clearfix\"><\/div><\/div>[\/vc_column][vc_column width=&#8221;1\/3&#8243;]<div class=\"mgt-icon-box wpb_content_element wpb_animate_when_almost_visible wpb_appear mgt-icon-box-right mgt-icon-fa mgt-icon-background mgt-icon-background-invert text-black \"><div class=\"mgt-icon-box-icon hvr-icon-push\"><div class=\"mgt-font-icon\"><i class=\"fa fa-hospital-o\"><\/i><\/div><\/div><div class=\"mgt-icon-box-content\"><h6>VISIBILITY<\/h6><h5>ALTO INTERESSE MEDIA<\/h5><\/div><div class=\"clearfix\"><\/div><\/div>[\/vc_column][vc_column width=&#8221;1\/3&#8243;]<div class=\"mgt-icon-box wpb_content_element wpb_animate_when_almost_visible wpb_appear mgt-icon-box-right mgt-icon-fa mgt-icon-background mgt-icon-background-invert text-black \"><div class=\"mgt-icon-box-icon hvr-icon-push\"><div class=\"mgt-font-icon\"><i class=\"fa fa-industry\"><\/i><\/div><\/div><div class=\"mgt-icon-box-content\"><h6>VISIBILITY<\/h6><h5>TARGET COMPOSITO B2B\/B2C<\/h5><\/div><div class=\"clearfix\"><\/div><\/div>[\/vc_column][\/vc_row][vc_row][vc_column width=&#8221;1\/3&#8243;]<div class=\"mgt-icon-box wpb_content_element wpb_animate_when_almost_visible wpb_appear mgt-icon-box-right mgt-icon-fa mgt-icon-background mgt-icon-background-invert text-black \"><div class=\"mgt-icon-box-icon hvr-icon-push\"><div class=\"mgt-font-icon\"><i class=\"fa fa-gavel\"><\/i><\/div><\/div><div class=\"mgt-icon-box-content\"><h6>VISIBILITY<\/h6><h5>LONGEVITA&#039; DEL PROGETTO<\/h5><\/div><div class=\"clearfix\"><\/div><\/div>[\/vc_column][vc_column width=&#8221;1\/3&#8243;]<div class=\"mgt-icon-box wpb_content_element wpb_animate_when_almost_visible wpb_appear mgt-icon-box-right mgt-icon-fa mgt-icon-background mgt-icon-background-invert text-black \"><div class=\"mgt-icon-box-icon hvr-icon-push\"><div class=\"mgt-font-icon\"><i class=\"fa fa-balance-scale\"><\/i><\/div><\/div><div class=\"mgt-icon-box-content\"><h6>VISIBILTY<\/h6><h5>DIFFERENTI SEZIONI TEMATICHE<\/h5><\/div><div class=\"clearfix\"><\/div><\/div>[\/vc_column][vc_column width=&#8221;1\/3&#8243;]<div class=\"mgt-icon-box wpb_content_element wpb_animate_when_almost_visible wpb_appear mgt-icon-box-right mgt-icon-fa mgt-icon-background mgt-icon-background-invert text-black \"><div class=\"mgt-icon-box-icon hvr-icon-push\"><div class=\"mgt-font-icon\"><i class=\"fa fa-arrow-circle-o-right\"><\/i><\/div><\/div><div class=\"mgt-icon-box-content\"><h6>VISIBILITY<\/h6><h5>FLESSIBILITA&#039; E PERSONALIZZAZIONE<\/h5><\/div><div class=\"clearfix\"><\/div><\/div>[\/vc_column][\/vc_row][vc_row css=&#8221;.vc_custom_1463480548872{margin-bottom: 0px !important;padding-bottom: 0px !important;}&#8221;][vc_column][vc_empty_space height=&#8221;30px&#8221;][vc_separator css=&#8221;.vc_custom_1463481153700{margin-bottom: 0px !important;padding-bottom: 0px !important;}&#8221;][vc_empty_space height=&#8221;50px&#8221;][\/vc_column][\/vc_row][vc_row][vc_column]<div class=\"mgt-header-block clearfix text-left text-black wpb_animate_when_almost_visible wpb_top-to-bottom wpb_content_element  mgt-header-block-style-1 mgt-header-texttransform-none  vc_custom_1758188958144\"><h3 class=\"mgt-header-block-title\">PROCESSO<\/h3><div class=\"mgt-header-line\"><\/div><\/div>[\/vc_column][\/vc_row][vc_row][vc_column width=&#8221;2\/3&#8243;][vc_column_text css_animation=&#8221;top-to-bottom&#8221; css=&#8221;.vc_custom_1759085272079{margin-bottom: 0px !important;}&#8221;]Per garantire la massima efficacia alle iniziative di comunicazione rese ai partner, abbiamo sviluppato un processo semplice e personalizzato di <strong data-start=\"217\" data-end=\"252\">visibilit\u00e0 sul Network Ponte di Messina<\/strong>.[\/vc_column_text][vc_column_text css_animation=&#8221;top-to-bottom&#8221; css=&#8221;.vc_custom_1759085401291{margin-top: 10px !important;margin-bottom: 10px !important;padding-top: 10px !important;padding-right: 10px !important;padding-bottom: 10px !important;padding-left: 10px !important;background-color: #EEEEEE !important;}&#8221;]Contattaci indicando le tue esigenze, il settore merceologico\/operativo della azienda, il target di riferimento e gli obiettivi di comunicazione. La nostra concessionaria pubblicitaria svilupper\u00e0 un progetto di visibilit\u00e0 e ti ricontatter\u00e0 con proposte mirate di sponsorizzazione, formati ADV e soluzioni integrate. Disponibili differenti formati banner (IAB), contenuti brandizzati, progetti speciali, reportistica avanzata e supporto tecnico e strategico.[\/vc_column_text][vc_column_text css_animation=&#8221;top-to-bottom&#8221; css=&#8221;&#8221;]La nostra esperienza venticinquennale assicura idee innovative, grande flessibilit\u00e0, capacit\u00e0 tecniche e strategie su misura per trasformare la visibilit\u00e0 in un investimento concreto, misurabile e ad alto impatto.[\/vc_column_text][\/vc_column][vc_column width=&#8221;1\/3&#8243;][vc_single_image image=&#8221;8665&#8243; img_size=&#8221;full&#8221; alignment=&#8221;center&#8221; onclick=&#8221;custom_link&#8221; img_link_target=&#8221;_blank&#8221; css=&#8221;.vc_custom_1759148213167{margin-bottom: 0px !important;}&#8221; link=&#8221;www.iccdigitalmedia.com&#8221;][\/vc_column][\/vc_row][vc_row][vc_column][vc_empty_space height=&#8221;50px&#8221;][vc_separator][vc_empty_space height=&#8221;10px&#8221;][\/vc_column][\/vc_row][vc_row][vc_column]<div class=\"mgt-header-block clearfix text-left text-black wpb_content_element  mgt-header-block-style-1 mgt-header-texttransform-header \"><h2 class=\"mgt-header-block-title\">CONTATTACI<\/h2><p class=\"mgt-header-block-subtitle\">Richiedi con la tua mail aziendale, informazioni per avere visibilit\u00e0 sul Network Ponte di Messina.<\/p><div class=\"mgt-header-line\"><\/div><\/div>[vc_empty_space height=&#8221;50px&#8221;][\/vc_column][\/vc_row][vc_row equal_height=&#8221;yes&#8221; css=&#8221;.vc_custom_1463480619661{margin-bottom: 10px !important;}&#8221;][vc_column width=&#8221;2\/3&#8243; css=&#8221;.vc_custom_1756400756849{margin-right: 0px !important;padding-right: 50px !important;}&#8221;]\n<div class=\"wpcf7 no-js\" id=\"wpcf7-f8797-o1\" lang=\"it-IT\" dir=\"ltr\" data-wpcf7-id=\"8797\">\n<div class=\"screen-reader-response\"><p role=\"status\" aria-live=\"polite\" aria-atomic=\"true\"><\/p> <ul><\/ul><\/div>\n<form action=\"\/it\/wp-json\/wp\/v2\/pages\/5021#wpcf7-f8797-o1\" method=\"post\" class=\"wpcf7-form init\" aria-label=\"Modulo di contatto\" novalidate=\"novalidate\" data-status=\"init\">\n<fieldset class=\"hidden-fields-container\"><input type=\"hidden\" name=\"_wpcf7\" value=\"8797\" \/><input type=\"hidden\" name=\"_wpcf7_version\" value=\"6.1.4\" \/><input type=\"hidden\" name=\"_wpcf7_locale\" value=\"it_IT\" \/><input type=\"hidden\" name=\"_wpcf7_unit_tag\" value=\"wpcf7-f8797-o1\" \/><input type=\"hidden\" name=\"_wpcf7_container_post\" value=\"0\" \/><input type=\"hidden\" name=\"_wpcf7_posted_data_hash\" value=\"\" \/><input type=\"hidden\" name=\"_wpcf7_recaptcha_response\" value=\"\" \/>\n<\/fieldset>\n<div class=\"row\">\n\t<div class=\"col-md-6\">\n\t\t<p><span class=\"wpcf7-form-control-wrap\" data-name=\"your-name\"><input size=\"40\" maxlength=\"400\" class=\"wpcf7-form-control wpcf7-text wpcf7-validates-as-required\" aria-required=\"true\" aria-invalid=\"false\" placeholder=\"Nome*\" value=\"\" type=\"text\" name=\"your-name\" \/><\/span>\n\t\t<\/p>\n\t\t<p><span class=\"wpcf7-form-control-wrap\" data-name=\"your-company\"><input size=\"40\" maxlength=\"400\" class=\"wpcf7-form-control wpcf7-text\" aria-invalid=\"false\" placeholder=\"Azienda*\" value=\"\" type=\"text\" name=\"your-company\" \/><\/span>\n\t\t<\/p>\n\t<\/div>\n\t<div class=\"col-md-6\">\n\t\t<p><span class=\"wpcf7-form-control-wrap\" data-name=\"your-surname\"><input size=\"40\" maxlength=\"400\" class=\"wpcf7-form-control wpcf7-text wpcf7-validates-as-required\" aria-required=\"true\" aria-invalid=\"false\" placeholder=\"Cognome*\" value=\"\" type=\"text\" name=\"your-surname\" \/><\/span>\n\t\t<\/p>\n\t\t<p><span class=\"wpcf7-form-control-wrap\" data-name=\"your-email\"><input size=\"40\" maxlength=\"400\" class=\"wpcf7-form-control wpcf7-email wpcf7-validates-as-required wpcf7-text wpcf7-validates-as-email\" aria-required=\"true\" aria-invalid=\"false\" placeholder=\"Email*\" value=\"\" type=\"email\" name=\"your-email\" \/><\/span>\n\t\t<\/p>\n\t<\/div>\n\t<div class=\"col-md-12\">\n\t\t<p><span class=\"wpcf7-form-control-wrap\" data-name=\"your-subject\"><input size=\"40\" maxlength=\"400\" class=\"wpcf7-form-control wpcf7-text\" aria-invalid=\"false\" placeholder=\"Oggetto\" value=\"\" type=\"text\" name=\"your-subject\" \/><\/span>\n\t\t<\/p>\n\t\t<p><span class=\"wpcf7-form-control-wrap\" data-name=\"your-message\"><textarea cols=\"40\" rows=\"10\" maxlength=\"2000\" class=\"wpcf7-form-control wpcf7-textarea\" aria-invalid=\"false\" placeholder=\"Messaggio*\" name=\"your-message\"><\/textarea><\/span><input class=\"wpcf7-form-control wpcf7-submit has-spinner\" type=\"submit\" value=\"Invia\" \/>\n\t\t<\/p>\n\t<\/div>\n<\/div><div class=\"wpcf7-response-output\" aria-hidden=\"true\"><\/div>\n<\/form>\n<\/div>\n[\/vc_column][vc_column width=&#8221;1\/3&#8243; css=&#8221;.vc_custom_1459186959095{margin-left: 0px !important;padding-left: 0px !important;}&#8221;][vc_single_image image=&#8221;7312&#8243; img_size=&#8221;full&#8221; alignment=&#8221;center&#8221; css=&#8221;&#8221;][\/vc_column][\/vc_row][vc_row][vc_column][vc_empty_space height=&#8221;30px&#8221;][vc_separator][vc_empty_space height=&#8221;30px&#8221;][\/vc_column][\/vc_row][vc_row disable_element=&#8221;yes&#8221;][vc_column]<div class=\"mgt-header-block clearfix text-left text-black wpb_animate_when_almost_visible wpb_top-to-bottom wpb_content_element  mgt-header-block-style-1 mgt-header-texttransform-none  vc_custom_1759084382827\"><h3 class=\"mgt-header-block-title\">Partner<\/h3><div class=\"mgt-header-line\"><\/div><\/div>[vc_row_inner][vc_column_inner width=&#8221;1\/5&#8243;][vc_single_image image=&#8221;9&#8243; alignment=&#8221;center&#8221; style=&#8221;vc_box_border&#8221; css=&#8221;&#8221;][\/vc_column_inner][vc_column_inner width=&#8221;1\/5&#8243;][vc_single_image image=&#8221;9&#8243; alignment=&#8221;center&#8221; style=&#8221;vc_box_border&#8221; css=&#8221;&#8221;][\/vc_column_inner][vc_column_inner width=&#8221;1\/5&#8243;][vc_single_image image=&#8221;9&#8243; alignment=&#8221;center&#8221; style=&#8221;vc_box_border&#8221; css=&#8221;&#8221;][\/vc_column_inner][vc_column_inner width=&#8221;1\/5&#8243;][vc_single_image image=&#8221;9&#8243; alignment=&#8221;center&#8221; style=&#8221;vc_box_border&#8221; css=&#8221;&#8221;][\/vc_column_inner][vc_column_inner width=&#8221;1\/5&#8243;][vc_single_image image=&#8221;9&#8243; alignment=&#8221;center&#8221; style=&#8221;vc_box_border&#8221; css=&#8221;&#8221;][\/vc_column_inner][\/vc_row_inner][\/vc_column][\/vc_row]<\/p>\n<\/div>","protected":false},"excerpt":{"rendered":"<p>[vc_row][vc_column][vc_empty_space height=&#8221;30px&#8221;][\/vc_column][\/vc_row][vc_row][vc_column][vc_empty_space height=&#8221;30px&#8221;][\/vc_column][\/vc_row][vc_row equal_height=&#8221;yes&#8221; css=&#8221;.vc_custom_1463480619661{margin-bottom: 10px !important;}&#8221;][vc_column width=&#8221;1\/3&#8243; css=&#8221;.vc_custom_1459186986556{margin-right: 0px !important;padding-right: 0px !important;}&#8221;][vc_single_image image=&#8221;4770&#8243; img_size=&#8221;full&#8221; alignment=&#8221;center&#8221; onclick=&#8221;custom_link&#8221; img_link_target=&#8221;_blank&#8221; css=&#8221;.vc_custom_1758877753892{margin-bottom: 0px !important;}&#8221; link=&#8221;https:\/\/pontedimessina.it\/it\/about&#8221;][\/vc_column][vc_column width=&#8221;2\/3&#8243; css=&#8221;.vc_custom_1459186959095{margin-left: 0px !important;padding-left: 0px !important;}&#8221;][vc_column_text css=&#8221;.vc_custom_1759084662054{margin-bottom: 0px&#8230;<\/p>\n","protected":false},"author":2,"featured_media":0,"parent":0,"menu_order":0,"comment_status":"closed","ping_status":"closed","template":"","meta":{"_uf_show_specific_survey":0,"_uf_disable_surveys":false,"footnotes":""},"class_list":["post-5021","page","type-page","status-publish","hentry"],"yoast_head":"<!-- This site is optimized with the Yoast SEO plugin v26.5 - https:\/\/yoast.com\/wordpress\/plugins\/seo\/ -->\n<title>Get Visibility &amp; Value | Ponte di Messina<\/title>\n<meta name=\"description\" content=\"Trasformiamo l\u2019importante patrimonio informativo in un potente ecosistema, capace di generare visibilit\u00e0 e valore per i partners.\" \/>\n<meta name=\"robots\" content=\"index, follow, max-snippet:-1, max-image-preview:large, max-video-preview:-1\" \/>\n<link rel=\"canonical\" href=\"https:\/\/pontedimessina.it\/it\/visibility\/\" \/>\n<meta property=\"og:locale\" content=\"it_IT\" \/>\n<meta property=\"og:type\" content=\"article\" \/>\n<meta property=\"og:title\" content=\"Get Visibility &amp; Value | Ponte di Messina\" \/>\n<meta property=\"og:description\" content=\"Trasformiamo l\u2019importante patrimonio informativo in un potente ecosistema, capace di generare visibilit\u00e0 e valore per i partners.\" \/>\n<meta property=\"og:url\" content=\"https:\/\/pontedimessina.it\/it\/visibility\/\" \/>\n<meta property=\"og:site_name\" content=\"Ponte di Messina\" \/>\n<meta property=\"article:modified_time\" content=\"2025-10-06T21:13:28+00:00\" \/>\n<meta name=\"twitter:card\" content=\"summary_large_image\" \/>\n<script type=\"application\/ld+json\" class=\"yoast-schema-graph\">{\"@context\":\"https:\/\/schema.org\",\"@graph\":[{\"@type\":\"WebPage\",\"@id\":\"https:\/\/pontedimessina.it\/it\/visibility\/\",\"url\":\"https:\/\/pontedimessina.it\/it\/visibility\/\",\"name\":\"Get Visibility & Value | Ponte di Messina\",\"isPartOf\":{\"@id\":\"https:\/\/pontedimessina.it\/it\/#website\"},\"datePublished\":\"2025-08-28T16:46:05+00:00\",\"dateModified\":\"2025-10-06T21:13:28+00:00\",\"description\":\"Trasformiamo l\u2019importante patrimonio informativo in un potente ecosistema, capace di generare visibilit\u00e0 e valore per i partners.\",\"breadcrumb\":{\"@id\":\"https:\/\/pontedimessina.it\/it\/visibility\/#breadcrumb\"},\"inLanguage\":\"it-IT\",\"potentialAction\":[{\"@type\":\"ReadAction\",\"target\":[\"https:\/\/pontedimessina.it\/it\/visibility\/\"]}]},{\"@type\":\"BreadcrumbList\",\"@id\":\"https:\/\/pontedimessina.it\/it\/visibility\/#breadcrumb\",\"itemListElement\":[{\"@type\":\"ListItem\",\"position\":1,\"name\":\"Home\",\"item\":\"https:\/\/pontedimessina.it\/it\/\"},{\"@type\":\"ListItem\",\"position\":2,\"name\":\"Driving Visibility &#038; Value\"}]},{\"@type\":\"WebSite\",\"@id\":\"https:\/\/pontedimessina.it\/it\/#website\",\"url\":\"https:\/\/pontedimessina.it\/it\/\",\"name\":\"Ponte di Messina\",\"description\":\"One Bridge. One Country. One Vision.\",\"alternateName\":\"Pontedimessina.it\",\"potentialAction\":[{\"@type\":\"SearchAction\",\"target\":{\"@type\":\"EntryPoint\",\"urlTemplate\":\"https:\/\/pontedimessina.it\/it\/?s={search_term_string}\"},\"query-input\":{\"@type\":\"PropertyValueSpecification\",\"valueRequired\":true,\"valueName\":\"search_term_string\"}}],\"inLanguage\":\"it-IT\"}]}<\/script>\n<!-- \/ Yoast SEO plugin. -->","yoast_head_json":{"title":"Get Visibility & Value | Ponte di Messina","description":"Trasformiamo l\u2019importante patrimonio informativo in un potente ecosistema, capace di generare visibilit\u00e0 e valore per i partners.","robots":{"index":"index","follow":"follow","max-snippet":"max-snippet:-1","max-image-preview":"max-image-preview:large","max-video-preview":"max-video-preview:-1"},"canonical":"https:\/\/pontedimessina.it\/it\/visibility\/","og_locale":"it_IT","og_type":"article","og_title":"Get Visibility & Value | Ponte di Messina","og_description":"Trasformiamo l\u2019importante patrimonio informativo in un potente ecosistema, capace di generare visibilit\u00e0 e valore per i partners.","og_url":"https:\/\/pontedimessina.it\/it\/visibility\/","og_site_name":"Ponte di Messina","article_modified_time":"2025-10-06T21:13:28+00:00","twitter_card":"summary_large_image","schema":{"@context":"https:\/\/schema.org","@graph":[{"@type":"WebPage","@id":"https:\/\/pontedimessina.it\/it\/visibility\/","url":"https:\/\/pontedimessina.it\/it\/visibility\/","name":"Get Visibility & Value | Ponte di Messina","isPartOf":{"@id":"https:\/\/pontedimessina.it\/it\/#website"},"datePublished":"2025-08-28T16:46:05+00:00","dateModified":"2025-10-06T21:13:28+00:00","description":"Trasformiamo l\u2019importante patrimonio informativo in un potente ecosistema, capace di generare visibilit\u00e0 e valore per i partners.","breadcrumb":{"@id":"https:\/\/pontedimessina.it\/it\/visibility\/#breadcrumb"},"inLanguage":"it-IT","potentialAction":[{"@type":"ReadAction","target":["https:\/\/pontedimessina.it\/it\/visibility\/"]}]},{"@type":"BreadcrumbList","@id":"https:\/\/pontedimessina.it\/it\/visibility\/#breadcrumb","itemListElement":[{"@type":"ListItem","position":1,"name":"Home","item":"https:\/\/pontedimessina.it\/it\/"},{"@type":"ListItem","position":2,"name":"Driving Visibility &#038; Value"}]},{"@type":"WebSite","@id":"https:\/\/pontedimessina.it\/it\/#website","url":"https:\/\/pontedimessina.it\/it\/","name":"Ponte di Messina","description":"One Bridge. One Country. One Vision.","alternateName":"Pontedimessina.it","potentialAction":[{"@type":"SearchAction","target":{"@type":"EntryPoint","urlTemplate":"https:\/\/pontedimessina.it\/it\/?s={search_term_string}"},"query-input":{"@type":"PropertyValueSpecification","valueRequired":true,"valueName":"search_term_string"}}],"inLanguage":"it-IT"}]}},"_links":{"self":[{"href":"https:\/\/pontedimessina.it\/it\/wp-json\/wp\/v2\/pages\/5021","targetHints":{"allow":["GET"]}}],"collection":[{"href":"https:\/\/pontedimessina.it\/it\/wp-json\/wp\/v2\/pages"}],"about":[{"href":"https:\/\/pontedimessina.it\/it\/wp-json\/wp\/v2\/types\/page"}],"author":[{"embeddable":true,"href":"https:\/\/pontedimessina.it\/it\/wp-json\/wp\/v2\/users\/2"}],"replies":[{"embeddable":true,"href":"https:\/\/pontedimessina.it\/it\/wp-json\/wp\/v2\/comments?post=5021"}],"version-history":[{"count":0,"href":"https:\/\/pontedimessina.it\/it\/wp-json\/wp\/v2\/pages\/5021\/revisions"}],"wp:attachment":[{"href":"https:\/\/pontedimessina.it\/it\/wp-json\/wp\/v2\/media?parent=5021"}],"curies":[{"name":"wp","href":"https:\/\/api.w.org\/{rel}","templated":true}]}}