{"id":4606,"date":"2025-08-25T21:44:09","date_gmt":"2025-08-25T19:44:09","guid":{"rendered":"https:\/\/ai2ai.it\/?page_id=4606"},"modified":"2025-10-10T19:37:55","modified_gmt":"2025-10-10T17:37:55","slug":"record-del-ponte-sullo-stretto-di-messina","status":"publish","type":"page","link":"https:\/\/pontedimessina.it\/it\/record-del-ponte-sullo-stretto-di-messina\/","title":{"rendered":"Record"},"content":{"rendered":"<div class=\"wpb-content-wrapper\"><p>[vc_row][vc_column][vc_empty_space height=&#8221;37px&#8221;]<div style=\"margin-left: auto;margin-right: auto;text-align: center;\" id=\"ponte-3130067481\"><a href=\"https:\/\/pontedimessina.it\/it\/visibility\/\" aria-label=\"ICC Digital Media | Ponte di Messina\"><img loading=\"lazy\" decoding=\"async\" src=\"https:\/\/pontedimessina.it\/wp-content\/uploads\/2025\/10\/banner-icc-connection.png\" alt=\"ICC Digital Media | Ponte di Messina\"  srcset=\"https:\/\/pontedimessina.it\/wp-content\/uploads\/2025\/10\/banner-icc-connection.png 764w, https:\/\/pontedimessina.it\/wp-content\/uploads\/2025\/10\/banner-icc-connection-350x49.png 350w, https:\/\/pontedimessina.it\/wp-content\/uploads\/2025\/10\/banner-icc-connection-600x83.png 600w\" sizes=\"auto, (max-width: 764px) 100vw, 764px\" width=\"764\" height=\"106\"  style=\"display: inline-block;\" \/><\/a><\/div>[vc_empty_space height=&#8221;30px&#8221;][\/vc_column][\/vc_row][vc_row css=&#8221;.vc_custom_1463499713574{margin-bottom: 10px !important;}&#8221;][vc_column width=&#8221;1\/2&#8243; css=&#8221;.vc_custom_1463499493091{margin-right: 0px !important;padding-right: 0px !important;}&#8221;]<div class=\"mgt-promo-block black-text text-size-normal no-darken mgt-promo-block-74687184617 wpb_content_element\" data-style=\"background-color: #f5f5f5;width: 100%; height: 400px;\"><div class=\"mgt-promo-block-content\"><div class=\"mgt-promo-block-content-inside vc_custom_1757162123553\">\n<h4>Ponte di Messina<\/h4>\n<h2 style=\"text-align: left\"><strong>Ponte dei Record<\/strong><\/h2>\n<p style=\"text-align: left\"><span style=\"color: #333333\">Il Ponte sullo Stretto di Messina non sar\u00e0 soltanto un\u2019opera d\u2019ingegneria straordinaria, ma un\u2019icona capace di emozionare il mondo. Con le sue torri che sfiorano il cielo e la campata sospesa che abbraccia le due sponde, diventer\u00e0 simbolo di connessione e di innovazione. Un luogo dove natura e tecnologia si fondono, in una nuova meta di fascino internazionale e orgoglio italiano.<\/span>\n<\/div><\/div><\/div>[\/vc_column][vc_column width=&#8221;1\/2&#8243; css=&#8221;.vc_custom_1463499505870{margin-left: 0px !important;padding-left: 0px !important;}&#8221;]<div class=\"mgt-promo-block white-text cover-image text-size-normal no-darken mgt-promo-block-24893773906 wpb_content_element\" data-style=\"background-image: url(https:\/\/pontedimessina.it\/wp-content\/uploads\/2025\/08\/img-01-en-sm.jpg);background-repeat: no-repeat;width: 100%; height: 400px;\"><div class=\"mgt-promo-block-content\"><div class=\"mgt-promo-block-content-inside\"><\/div><\/div><\/div>[\/vc_column][\/vc_row][vc_row][vc_column]<div class=\"mgt-header-block clearfix text-left text-black wpb_content_element  mgt-header-block-style-1 mgt-header-texttransform-none \"><h2 class=\"mgt-header-block-title\">LE SFIDE<\/h2><div class=\"mgt-header-line\"><\/div><\/div>[\/vc_column][\/vc_row][vc_row][vc_column][vc_column_text css=&#8221;.vc_custom_1758896025303{margin-bottom: 0px !important;}&#8221;]<\/p>\n<p data-start=\"269\" data-end=\"555\">Il Ponte sullo Stretto di Messina \u00e8 molto pi\u00f9 di un\u2019infrastruttura: \u00e8 la dimostrazione di come l\u2019ingegno umano sappia trasformare le sfide in opportunit\u00e0. La sua complessit\u00e0 non \u00e8 un ostacolo, ma il motore che spinge ingegneri, ricercatori e tecnici a superare i limiti del possibile.<\/p>\n<p data-start=\"557\" data-end=\"895\">La campata centrale da <strong data-start=\"580\" data-end=\"595\">3.300 metri<\/strong>, la pi\u00f9 lunga al mondo, diventa il simbolo di un\u2019Italia capace di primeggiare nell\u2019innovazione strutturale. Le <strong data-start=\"707\" data-end=\"729\">torri da 399 metri<\/strong>, tra le pi\u00f9 alte d\u2019Europa, non sono soltanto elementi architettonici: rappresentano stabilit\u00e0 e visione, un punto di riferimento visibile a chilometri di distanza.<\/p>\n<p data-start=\"897\" data-end=\"1244\">Anche l\u2019ambiente dello Stretto, con venti potenti e forti correnti, non viene percepito come minaccia, ma come stimolo per adottare soluzioni aerodinamiche e logistiche all\u2019avanguardia. Le tecnologie antisismiche, progettate per resistere a eventi estremi, offrono garanzie di sicurezza che pongono il Ponte tra le opere pi\u00f9 resilienti al mondo. Grazie a monitoraggi ambientali e interventi sostenibili, il progetto non solo dialoga con la natura, ma la rispetta e la valorizza.<\/p>\n<p data-start=\"1382\" data-end=\"1580\">Il Ponte di Messina si propone cos\u00ec come icona di progresso: un\u2019opera che unisce due terre, due comunit\u00e0 e un intero Paese, trasformando sfide straordinarie in un futuro di connessione e sviluppo.<\/p>\n<p>[\/vc_column_text][\/vc_column][\/vc_row][vc_row][vc_column][vc_separator css=&#8221;.vc_custom_1758895965894{margin-bottom: 0px !important;padding-top: 30px !important;padding-bottom: 30px !important;}&#8221;]<div style=\"margin-left: auto;margin-right: auto;text-align: center;\" id=\"ponte-1050173941\"><script async src=\"\/\/pagead2.googlesyndication.com\/pagead\/js\/adsbygoogle.js?client=ca-pub-8905959201982646\" crossorigin=\"anonymous\"><\/script><ins class=\"adsbygoogle\" style=\"display:block;\" data-ad-client=\"ca-pub-8905959201982646\" \ndata-ad-slot=\"6695237606\" \ndata-ad-format=\"auto\"><\/ins>\n<script> \n(adsbygoogle = window.adsbygoogle || []).push({}); \n<\/script>\n<\/div>[vc_separator css=&#8221;.vc_custom_1758895965894{margin-bottom: 0px !important;padding-top: 30px !important;padding-bottom: 30px !important;}&#8221;][\/vc_column][\/vc_row][vc_row][vc_column]<div class=\"mgt-header-block clearfix text-left text-black wpb_content_element  mgt-header-block-style-1 mgt-header-texttransform-none \"><h2 class=\"mgt-header-block-title\">I RECORD<\/h2><p class=\"mgt-header-block-subtitle\">Ponte di Messina<\/p><div class=\"mgt-header-line\"><\/div><\/div>[\/vc_column][\/vc_row][vc_row][vc_column width=&#8221;1\/2&#8243;]<div class=\"mgt-icon-box wpb_content_element wpb_animate_when_almost_visible wpb_appear mgt-icon-box-right mgt-icon-fa mgt-icon-background mgt-icon-background-invert text-black \"><div class=\"mgt-icon-box-icon hvr-icon-push\"><div class=\"mgt-font-icon\"><i class=\"fa fa-institution\"><\/i><\/div><\/div><div class=\"mgt-icon-box-content\"><h6>RECORD<\/h6><h5>CAMPATA<\/h5><strong><span style=\"color: #333333\">Campata centrale pi\u00f9 lunga del mondo<\/span><br \/>\n<\/strong><span style=\"color: #333333\"><strong data-start=\"556\" data-end=\"578\">Lunghezza prevista<\/strong>: 3.300 metri.<\/span><br \/>\n<span style=\"color: #333333\">Superer\u00e0 l\u2019attuale record del Ponte giapponese <strong>Akashi Kaiky\u014d<\/strong> (1.991 metri).<\/span><br \/>\n<span style=\"color: #333333\">Differenza: +1.300 metri.<\/span><\/p>\n<h3 data-start=\"744\" data-end=\"783\"><\/h3>\n<p><\/div><div class=\"clearfix\"><\/div><\/div>[\/vc_column][vc_column width=&#8221;1\/2&#8243;]<div class=\"mgt-icon-box wpb_content_element wpb_animate_when_almost_visible wpb_appear mgt-icon-box-right mgt-icon-fa mgt-icon-background mgt-icon-background-invert text-black \"><div class=\"mgt-icon-box-icon hvr-icon-push\"><div class=\"mgt-font-icon\"><i class=\"fa fa-hospital-o\"><\/i><\/div><\/div><div class=\"mgt-icon-box-content\"><h6>RECORD<\/h6><h5>CAPACITA&#039; DI TRASPORTO<\/h5><\/p>\n<p data-start=\"1159\" data-end=\"1195\"><span style=\"color: #333333\"><strong>Capacit\u00e0 di trasporto unica<\/strong><\/span><br \/>\n<span style=\"color: #333333\"><strong data-start=\"1198\" data-end=\"1228\">Flusso giornaliero stimato<\/strong>: 6.000 veicoli e oltre 200 treni.<\/span><br \/>\n<span style=\"color: #333333\">Collegamento diretto AV\/AC tra Sicilia e rete ferroviaria nazionale.<\/span><\/p>\n<p><\/div><div class=\"clearfix\"><\/div><\/div>[\/vc_column][\/vc_row][vc_row][vc_column width=&#8221;1\/2&#8243;]<div class=\"mgt-icon-box wpb_content_element wpb_animate_when_almost_visible wpb_appear mgt-icon-box-right mgt-icon-fa mgt-icon-background mgt-icon-background-invert text-black \"><div class=\"mgt-icon-box-icon hvr-icon-push\"><div class=\"mgt-font-icon\"><i class=\"fa fa-industry\"><\/i><\/div><\/div><div class=\"mgt-icon-box-content\"><h6>RECORD<\/h6><h5>TORRI<\/h5><\/p>\n<p data-start=\"786\" data-end=\"857\"><span style=\"color: #333333\"><strong data-start=\"786\" data-end=\"803\"><span style=\"color: #333333\">Torri tra le pi\u00f9 alte al mondo<\/span><br \/>\nAltezza torri<\/strong>: 399 metri, pi\u00f9 di <strong data-start=\"823\" data-end=\"836\">120 piani<\/strong> di un grattacielo.<\/span><br \/>\n<span style=\"color: #333333\">Pi\u00f9 alte della <strong data-start=\"875\" data-end=\"891\">Torre Eiffel<\/strong> (324 m) e simili al <strong data-start=\"912\" data-end=\"937\">Empire State Building<\/strong> (381 m).<\/span><\/p>\n<p><\/div><div class=\"clearfix\"><\/div><\/div>[\/vc_column][vc_column width=&#8221;1\/2&#8243;]<div class=\"mgt-icon-box wpb_content_element wpb_animate_when_almost_visible wpb_appear mgt-icon-box-right mgt-icon-fa mgt-icon-background mgt-icon-background-invert text-black \"><div class=\"mgt-icon-box-icon hvr-icon-push\"><div class=\"mgt-font-icon\"><i class=\"fa fa-briefcase\"><\/i><\/div><\/div><div class=\"mgt-icon-box-content\"><h6>RECORD<\/h6><h5>RESISTENZA<\/h5><\/p>\n<p data-start=\"1339\" data-end=\"1382\"><span style=\"color: #333333\"><strong>Resistenza antisismica e antivento<\/strong><\/span><br \/>\n<span style=\"color: #333333\">Resiste a terremoti oltre <strong data-start=\"1428\" data-end=\"1445\">magnitudo 7,5<\/strong>.<\/span><br \/>\n<span style=\"color: #333333\">Sostiene venti fino a <strong data-start=\"1494\" data-end=\"1506\">270 km\/h<\/strong>.<\/span><br \/>\n<span style=\"color: #333333\">Un unicum in una area sismica e ventosa.<\/span><\/p>\n<p><\/div><div class=\"clearfix\"><\/div><\/div>[\/vc_column][\/vc_row][vc_row][vc_column width=&#8221;1\/2&#8243;]<div class=\"mgt-icon-box wpb_content_element wpb_animate_when_almost_visible wpb_appear mgt-icon-box-right mgt-icon-fa mgt-icon-background mgt-icon-background-invert text-black \"><div class=\"mgt-icon-box-icon hvr-icon-push\"><div class=\"mgt-font-icon\"><i class=\"fa fa-gavel\"><\/i><\/div><\/div><div class=\"mgt-icon-box-content\"><h6>RECORD<\/h6><h5>LARGHEZZA<\/h5><\/p>\n<p data-start=\"950\" data-end=\"979\"><span style=\"color: #333333\"><strong>Larghezza da primato: <\/strong><\/span><span style=\"color: #333333\">60 metri.<\/span><br \/>\n<span style=\"color: #333333\">Ospiter\u00e0 <strong data-start=\"1026\" data-end=\"1047\">6 corsie stradali<\/strong> (3 per senso di marcia) e <strong data-start=\"1074\" data-end=\"1097\">2 binari ferroviari<\/strong>.<\/span><br \/>\n<span style=\"color: #333333\">Sar\u00e0 la <strong data-start=\"1111\" data-end=\"1133\">pi\u00f9 larga al mondo<\/strong> per un ponte sospeso.<\/span><\/p>\n<p><\/div><div class=\"clearfix\"><\/div><\/div>[\/vc_column][vc_column width=&#8221;1\/2&#8243;]<div class=\"mgt-icon-box wpb_content_element wpb_animate_when_almost_visible wpb_appear mgt-icon-box-right mgt-icon-fa mgt-icon-background mgt-icon-background-invert text-black \"><div class=\"mgt-icon-box-icon hvr-icon-push\"><div class=\"mgt-font-icon\"><i class=\"fa fa-balance-scale\"><\/i><\/div><\/div><div class=\"mgt-icon-box-content\"><h6>RECORD<\/h6><h5>DURATA<\/h5><\/p>\n<p data-start=\"1562\" data-end=\"1593\"><span style=\"color: #333333\"><strong>Durata e sostenibilit\u00e0<\/strong><\/span><br \/>\n<span style=\"color: #333333\">Vita utile stimata: oltre <strong data-start=\"1622\" data-end=\"1634\">200 anni<\/strong>.<\/span><br \/>\n<span style=\"color: #333333\">Utilizzo di materiali speciali in acciaio e soluzioni ingegneristiche innovative.<\/span><\/p>\n<p><\/div><div class=\"clearfix\"><\/div><\/div>[\/vc_column][\/vc_row][vc_row][vc_column][vc_separator css=&#8221;.vc_custom_1757162939457{margin-bottom: 0px !important;padding-top: 20px !important;padding-bottom: 20px !important;}&#8221;][\/vc_column][\/vc_row][vc_row][vc_column]<div class=\"mgt-header-block clearfix text-left text-black wpb_content_element  mgt-header-block-style-1 mgt-header-texttransform-none \"><h2 class=\"mgt-header-block-title\">IL CONFRONTO<\/h2><p class=\"mgt-header-block-subtitle\">Ponte di Messina<\/p><div class=\"mgt-header-line\"><\/div><\/div>[\/vc_column][\/vc_row][vc_row][vc_column][vc_column_text css=&#8221;&#8221;]<\/p>\n<div class=\"table-wrap\">\n<table class=\"compare-table\" aria-label=\"Confronto record ponti sospesi\">\n<caption>\u00a0<\/caption>\n<colgroup>\n<col style=\"width: 35%;\" \/>\n<col style=\"width: 19%;\" \/>\n<col style=\"width: 17%;\" \/>\n<col style=\"width: 14%;\" \/>\n<col style=\"width: 15%;\" \/> <\/colgroup>\n<thead>\n<tr>\n<th scope=\"col\">Ponte<\/th>\n<th scope=\"col\">Campata centrale (m)<\/th>\n<th scope=\"col\">Altezza torri (m)<\/th>\n<th scope=\"col\">Larghezza (m)<\/th>\n<th scope=\"col\">Completamento<br \/>\n(anno)<\/th>\n<\/tr>\n<\/thead>\n<tbody>\n<tr class=\"highlight\">\n<th scope=\"row\">Ponte di Messina (Italia)<\/th>\n<td><strong>3.300<\/strong><\/td>\n<td><strong>399<\/strong><\/td>\n<td><strong>60<\/strong><\/td>\n<td>2032<\/td>\n<\/tr>\n<tr>\n<th scope=\"row\">Akashi Kaiky\u014d (Giappone)<\/th>\n<td>1.991<\/td>\n<td>283<\/td>\n<td>35<\/td>\n<td>1998<\/td>\n<\/tr>\n<tr>\n<th scope=\"row\">Osman Gazi (Turchia)<\/th>\n<td>1.550<\/td>\n<td>252<\/td>\n<td>35<\/td>\n<td>2016<\/td>\n<\/tr>\n<tr>\n<th scope=\"row\">Great Belt (Danimarca)<\/th>\n<td>1.624<\/td>\n<td>254<\/td>\n<td>31<\/td>\n<td>1998<\/td>\n<\/tr>\n<tr>\n<th scope=\"row\">Xihoumen (Cina)<\/th>\n<td>1.650<\/td>\n<td>211<\/td>\n<td>33<\/td>\n<td>2009<\/td>\n<\/tr>\n<\/tbody>\n<\/table>\n<\/div>\n<style>\n  .table-wrap { overflow-x: auto; }<br \/>  .compare-table {<br \/>    width: 100%;<br \/>    border-collapse: collapse;<br \/>    font: 16px\/1.5 system-ui, -apple-system, Segoe UI, Roboto, Arial, sans-serif;<br \/>    background: #fff;<br \/>  }<br \/>  .compare-table caption {<br \/>    text-align: left;<br \/>    font-weight: 600;<br \/>    margin-bottom: .75rem;<br \/>  }<br \/>  .compare-table th,<br \/>  .compare-table td {<br \/>    padding: .75rem .9rem;<br \/>    border-bottom: 1px solid #e6e6e6;<br \/>    text-align: left;<br \/>    vertical-align: middle;<br \/>    white-space: nowrap;<br \/>  }<br \/>  .compare-table thead th {<br \/>    position: sticky;<br \/>    top: 0;<br \/>    background: #f7f9fc;<br \/>    font-weight: 700;<br \/>  }<br \/>  .compare-table tbody tr:nth-child(even) td,<br \/>  .compare-table tbody tr:nth-child(even) th[scope=\"row\"] {<br \/>    background: #fcfdff;<br \/>  }<br \/>  .compare-table tbody tr.highlight th,<br \/>  .compare-table tbody tr.highlight td {<br \/>    background: #eef5ff;<br \/>    font-weight: 600;<br \/>  }<br \/>  @media (max-width: 680px) {<br \/>    .compare-table th, .compare-table td { padding: .6rem .7rem; font-size: 14px; }<br \/>    .compare-table caption { font-size: 15px; }<br \/>  }<br \/><\/style>\n<p>[\/vc_column_text][\/vc_column][\/vc_row][vc_row][vc_column][vc_separator css=&#8221;.vc_custom_1758896350620{margin-bottom: 0px !important;padding-top: 30px !important;padding-bottom: 30px !important;}&#8221;]<div style=\"margin-right: auto;margin-left: auto;text-align: center;\" id=\"ponte-3800854634\"><a href=\"https:\/\/www.domainfirm.it\/it\/\" aria-label=\"DomainFirm.XX | Premium Domain Hub\"><img loading=\"lazy\" decoding=\"async\" src=\"https:\/\/pontedimessina.it\/wp-content\/uploads\/2025\/09\/banner-xx-728x90-1.jpg\" alt=\"DomainFirm.XX | Premium Domain Hub\"  srcset=\"https:\/\/pontedimessina.it\/wp-content\/uploads\/2025\/09\/banner-xx-728x90-1.jpg 726w, https:\/\/pontedimessina.it\/wp-content\/uploads\/2025\/09\/banner-xx-728x90-1-350x43.jpg 350w, https:\/\/pontedimessina.it\/wp-content\/uploads\/2025\/09\/banner-xx-728x90-1-600x74.jpg 600w\" sizes=\"auto, (max-width: 726px) 100vw, 726px\" width=\"726\" height=\"90\"  style=\"display: inline-block;\" \/><\/a><\/div>[\/vc_column][\/vc_row]<\/p>\n<\/div>","protected":false},"excerpt":{"rendered":"<p>[vc_row][vc_column][vc_empty_space height=&#8221;37px&#8221;][vc_empty_space height=&#8221;30px&#8221;][\/vc_column][\/vc_row][vc_row css=&#8221;.vc_custom_1463499713574{margin-bottom: 10px !important;}&#8221;][vc_column width=&#8221;1\/2&#8243; css=&#8221;.vc_custom_1463499493091{margin-right: 0px !important;padding-right: 0px !important;}&#8221;][\/vc_column][vc_column width=&#8221;1\/2&#8243; css=&#8221;.vc_custom_1463499505870{margin-left: 0px !important;padding-left: 0px !important;}&#8221;][\/vc_column][\/vc_row][vc_row][vc_column][\/vc_column][\/vc_row][vc_row][vc_column][vc_column_text css=&#8221;.vc_custom_1758896025303{margin-bottom: 0px !important;}&#8221;] Il Ponte sullo Stretto di Messina \u00e8 molto pi\u00f9&#8230;<\/p>\n","protected":false},"author":2,"featured_media":0,"parent":0,"menu_order":0,"comment_status":"closed","ping_status":"closed","template":"","meta":{"_uf_show_specific_survey":0,"_uf_disable_surveys":false,"footnotes":""},"class_list":["post-4606","page","type-page","status-publish","hentry"],"yoast_head":"<!-- This site is optimized with the Yoast SEO plugin v26.5 - https:\/\/yoast.com\/wordpress\/plugins\/seo\/ -->\n<title>Record del Ponte sullo Stretto di Messina<\/title>\n<meta name=\"description\" content=\"Tanti sono i Record del Ponte sullo Stretto di Messina che lo renderanno un\u2019icona ingegneristica senza precedenti.\" \/>\n<meta name=\"robots\" content=\"index, follow, max-snippet:-1, max-image-preview:large, max-video-preview:-1\" \/>\n<link rel=\"canonical\" href=\"https:\/\/pontedimessina.it\/it\/record-del-ponte-sullo-stretto-di-messina\/\" \/>\n<meta property=\"og:locale\" content=\"it_IT\" \/>\n<meta property=\"og:type\" content=\"article\" \/>\n<meta property=\"og:title\" content=\"Record del Ponte sullo Stretto di Messina\" \/>\n<meta property=\"og:description\" content=\"Tanti sono i Record del Ponte sullo Stretto di Messina che lo renderanno un\u2019icona ingegneristica senza precedenti.\" \/>\n<meta property=\"og:url\" content=\"https:\/\/pontedimessina.it\/it\/record-del-ponte-sullo-stretto-di-messina\/\" \/>\n<meta property=\"og:site_name\" content=\"Ponte di Messina\" \/>\n<meta property=\"article:modified_time\" content=\"2025-10-10T17:37:55+00:00\" \/>\n<meta name=\"twitter:card\" content=\"summary_large_image\" \/>\n<script type=\"application\/ld+json\" class=\"yoast-schema-graph\">{\"@context\":\"https:\/\/schema.org\",\"@graph\":[{\"@type\":\"WebPage\",\"@id\":\"https:\/\/pontedimessina.it\/it\/record-del-ponte-sullo-stretto-di-messina\/\",\"url\":\"https:\/\/pontedimessina.it\/it\/record-del-ponte-sullo-stretto-di-messina\/\",\"name\":\"Record del Ponte sullo Stretto di Messina\",\"isPartOf\":{\"@id\":\"https:\/\/pontedimessina.it\/it\/#website\"},\"datePublished\":\"2025-08-25T19:44:09+00:00\",\"dateModified\":\"2025-10-10T17:37:55+00:00\",\"description\":\"Tanti sono i Record del Ponte sullo Stretto di Messina che lo renderanno un\u2019icona ingegneristica senza precedenti.\",\"breadcrumb\":{\"@id\":\"https:\/\/pontedimessina.it\/it\/record-del-ponte-sullo-stretto-di-messina\/#breadcrumb\"},\"inLanguage\":\"it-IT\",\"potentialAction\":[{\"@type\":\"ReadAction\",\"target\":[\"https:\/\/pontedimessina.it\/it\/record-del-ponte-sullo-stretto-di-messina\/\"]}]},{\"@type\":\"BreadcrumbList\",\"@id\":\"https:\/\/pontedimessina.it\/it\/record-del-ponte-sullo-stretto-di-messina\/#breadcrumb\",\"itemListElement\":[{\"@type\":\"ListItem\",\"position\":1,\"name\":\"Home\",\"item\":\"https:\/\/pontedimessina.it\/it\/\"},{\"@type\":\"ListItem\",\"position\":2,\"name\":\"Record\"}]},{\"@type\":\"WebSite\",\"@id\":\"https:\/\/pontedimessina.it\/it\/#website\",\"url\":\"https:\/\/pontedimessina.it\/it\/\",\"name\":\"Ponte di Messina\",\"description\":\"One Bridge. One Country. One Vision.\",\"alternateName\":\"Pontedimessina.it\",\"potentialAction\":[{\"@type\":\"SearchAction\",\"target\":{\"@type\":\"EntryPoint\",\"urlTemplate\":\"https:\/\/pontedimessina.it\/it\/?s={search_term_string}\"},\"query-input\":{\"@type\":\"PropertyValueSpecification\",\"valueRequired\":true,\"valueName\":\"search_term_string\"}}],\"inLanguage\":\"it-IT\"}]}<\/script>\n<!-- \/ Yoast SEO plugin. -->","yoast_head_json":{"title":"Record del Ponte sullo Stretto di Messina","description":"Tanti sono i Record del Ponte sullo Stretto di Messina che lo renderanno un\u2019icona ingegneristica senza precedenti.","robots":{"index":"index","follow":"follow","max-snippet":"max-snippet:-1","max-image-preview":"max-image-preview:large","max-video-preview":"max-video-preview:-1"},"canonical":"https:\/\/pontedimessina.it\/it\/record-del-ponte-sullo-stretto-di-messina\/","og_locale":"it_IT","og_type":"article","og_title":"Record del Ponte sullo Stretto di Messina","og_description":"Tanti sono i Record del Ponte sullo Stretto di Messina che lo renderanno un\u2019icona ingegneristica senza precedenti.","og_url":"https:\/\/pontedimessina.it\/it\/record-del-ponte-sullo-stretto-di-messina\/","og_site_name":"Ponte di Messina","article_modified_time":"2025-10-10T17:37:55+00:00","twitter_card":"summary_large_image","schema":{"@context":"https:\/\/schema.org","@graph":[{"@type":"WebPage","@id":"https:\/\/pontedimessina.it\/it\/record-del-ponte-sullo-stretto-di-messina\/","url":"https:\/\/pontedimessina.it\/it\/record-del-ponte-sullo-stretto-di-messina\/","name":"Record del Ponte sullo Stretto di Messina","isPartOf":{"@id":"https:\/\/pontedimessina.it\/it\/#website"},"datePublished":"2025-08-25T19:44:09+00:00","dateModified":"2025-10-10T17:37:55+00:00","description":"Tanti sono i Record del Ponte sullo Stretto di Messina che lo renderanno un\u2019icona ingegneristica senza precedenti.","breadcrumb":{"@id":"https:\/\/pontedimessina.it\/it\/record-del-ponte-sullo-stretto-di-messina\/#breadcrumb"},"inLanguage":"it-IT","potentialAction":[{"@type":"ReadAction","target":["https:\/\/pontedimessina.it\/it\/record-del-ponte-sullo-stretto-di-messina\/"]}]},{"@type":"BreadcrumbList","@id":"https:\/\/pontedimessina.it\/it\/record-del-ponte-sullo-stretto-di-messina\/#breadcrumb","itemListElement":[{"@type":"ListItem","position":1,"name":"Home","item":"https:\/\/pontedimessina.it\/it\/"},{"@type":"ListItem","position":2,"name":"Record"}]},{"@type":"WebSite","@id":"https:\/\/pontedimessina.it\/it\/#website","url":"https:\/\/pontedimessina.it\/it\/","name":"Ponte di Messina","description":"One Bridge. One Country. One Vision.","alternateName":"Pontedimessina.it","potentialAction":[{"@type":"SearchAction","target":{"@type":"EntryPoint","urlTemplate":"https:\/\/pontedimessina.it\/it\/?s={search_term_string}"},"query-input":{"@type":"PropertyValueSpecification","valueRequired":true,"valueName":"search_term_string"}}],"inLanguage":"it-IT"}]}},"_links":{"self":[{"href":"https:\/\/pontedimessina.it\/it\/wp-json\/wp\/v2\/pages\/4606","targetHints":{"allow":["GET"]}}],"collection":[{"href":"https:\/\/pontedimessina.it\/it\/wp-json\/wp\/v2\/pages"}],"about":[{"href":"https:\/\/pontedimessina.it\/it\/wp-json\/wp\/v2\/types\/page"}],"author":[{"embeddable":true,"href":"https:\/\/pontedimessina.it\/it\/wp-json\/wp\/v2\/users\/2"}],"replies":[{"embeddable":true,"href":"https:\/\/pontedimessina.it\/it\/wp-json\/wp\/v2\/comments?post=4606"}],"version-history":[{"count":1,"href":"https:\/\/pontedimessina.it\/it\/wp-json\/wp\/v2\/pages\/4606\/revisions"}],"predecessor-version":[{"id":9611,"href":"https:\/\/pontedimessina.it\/it\/wp-json\/wp\/v2\/pages\/4606\/revisions\/9611"}],"wp:attachment":[{"href":"https:\/\/pontedimessina.it\/it\/wp-json\/wp\/v2\/media?parent=4606"}],"curies":[{"name":"wp","href":"https:\/\/api.w.org\/{rel}","templated":true}]}}