{"id":4598,"date":"2025-08-25T21:32:14","date_gmt":"2025-08-25T19:32:14","guid":{"rendered":"https:\/\/ai2ai.it\/?page_id=4598"},"modified":"2025-10-02T23:50:42","modified_gmt":"2025-10-02T21:50:42","slug":"territorio","status":"publish","type":"page","link":"https:\/\/pontedimessina.it\/it\/territorio\/","title":{"rendered":"Territorio"},"content":{"rendered":"<div class=\"wpb-content-wrapper\"><p>[vc_row][vc_column][vc_empty_space height=&#8221;35px&#8221;]<div style=\"margin-left: auto;margin-right: auto;text-align: center;\" id=\"ponte-539186553\"><a href=\"https:\/\/pontedimessina.it\/it\/visibility\/\" aria-label=\"ICC Digital Media | Ponte di Messina\"><img loading=\"lazy\" decoding=\"async\" src=\"https:\/\/pontedimessina.it\/wp-content\/uploads\/2025\/10\/banner-icc-connection.png\" alt=\"ICC Digital Media | Ponte di Messina\"  srcset=\"https:\/\/pontedimessina.it\/wp-content\/uploads\/2025\/10\/banner-icc-connection.png 764w, https:\/\/pontedimessina.it\/wp-content\/uploads\/2025\/10\/banner-icc-connection-350x49.png 350w, https:\/\/pontedimessina.it\/wp-content\/uploads\/2025\/10\/banner-icc-connection-600x83.png 600w\" sizes=\"auto, (max-width: 764px) 100vw, 764px\" width=\"764\" height=\"106\"  style=\"display: inline-block;\" \/><\/a><\/div>[vc_empty_space height=&#8221;35px&#8221;][\/vc_column][\/vc_row][vc_row][vc_column width=&#8221;1\/2&#8243; css=&#8221;.vc_custom_1758321199560{margin-right: 0px !important;padding-top: 40px !important;padding-right: 40px !important;padding-bottom: 40px !important;padding-left: 40px !important;background-color: #EEEEEE !important;}&#8221;][vc_column_text css=&#8221;.vc_custom_1758321147631{margin-bottom: 0px !important;}&#8221;]<\/p>\n<h4>Ambiente e Territorio<\/h4>\n<h2><strong>Lo Stretto di Messina<\/strong><\/h2>\n<p data-start=\"1147\" data-end=\"1193\">Lo Stretto di Messina \u00e8 uno dei luoghi pi\u00f9 affascinanti e suggestivi del Mediterraneo, punto di incontro tra la Sicilia e la Calabria e crocevia naturale tra Europa e Africa.<br \/>\nQuesto braccio di mare, lungo circa 32 chilometri e largo dai 3 ai 16, rappresenta non solo un confine geografico, ma un\u2019area ricca di storia, cultura e biodiversit\u00e0.<\/p>\n<p>[\/vc_column_text][\/vc_column][vc_column width=&#8221;1\/2&#8243; css=&#8221;.vc_custom_1460641327282{margin-left: 0px !important;padding-left: 0px !important;}&#8221;]<style scoped='scoped'>.mgt-promo-block-36261014317.mgt-promo-block .mgt-promo-block-content h2 {font-size: 30px;line-height: normal!important;}<\/style><div class=\"mgt-promo-block black-text cover-image text-size-normal no-darken mgt-promo-block-36261014317 wpb_content_element\" data-style=\"background-color: #f5f5f5;background-image: url(https:\/\/pontedimessina.it\/wp-content\/uploads\/2025\/09\/comune-scilla-RC.png);background-repeat: no-repeat;width: 100%; height: 400px;\"><div class=\"mgt-promo-block-content\"><div class=\"mgt-promo-block-content-inside\"><\/div><\/div><\/div>[\/vc_column][\/vc_row][vc_row][vc_column][vc_empty_space height=&#8221;30px&#8221;][\/vc_column][\/vc_row][vc_row css=&#8221;.vc_custom_1460536155154{margin-right: -25px !important;margin-left: -15px !important;}&#8221;][vc_column][vc_images_carousel images=&#8221;8160,8166,8155,8146,8138,8172&#8243; img_size=&#8221;full&#8221; slides_per_view=&#8221;3&#8243; hide_pagination_control=&#8221;yes&#8221; wrap=&#8221;yes&#8221; css=&#8221;.vc_custom_1758732795444{margin-left: -10px !important;}&#8221;][\/vc_column][\/vc_row][vc_row][vc_column][vc_empty_space height=&#8221;30px&#8221;][vc_column_text css=&#8221;&#8221;]<\/p>\n<p data-start=\"536\" data-end=\"972\">Dal punto di vista ambientale, lo Stretto \u00e8 un <strong>ecosistema unico<\/strong>: correnti marine tra le pi\u00f9 forti del Mediterraneo favoriscono la ricchezza ittica, rendendolo un habitat ideale per specie come il pesce spada, simbolo identitario della zona. Le sue coste alternano paesaggi rocciosi a spiagge sabbiose, mentre alle spalle si ergono i rilievi dei Peloritani in Sicilia e dell\u2019Aspromonte in Calabria, offrendo scenari di grande bellezza.<\/p>\n<p data-start=\"974\" data-end=\"1304\">Il territorio custodisce inoltre un <strong>patrimonio storico e culturale straordinario<\/strong>: citt\u00e0 come Messina e Reggio Calabria testimoniano secoli di civilt\u00e0, commerci e contaminazioni artistiche. Qui <strong>mito e leggenda si intrecciano<\/strong> con la realt\u00e0, dalle figure mitologiche di <strong>Scilla<\/strong> e <strong>Cariddi<\/strong> ai grandi progetti infrastrutturali moderni.<\/p>\n<p data-start=\"1306\" data-end=\"1477\">Lo Stretto di Messina non \u00e8 quindi solo un passaggio marittimo, ma un luogo simbolo di connessioni, identit\u00e0 e potenzialit\u00e0 di sviluppo economico, turistico e culturale millenario.<\/p>\n<p>[\/vc_column_text][\/vc_column][\/vc_row][vc_row][vc_column][vc_separator css=&#8221;.vc_custom_1756997011572{margin-bottom: 0px !important;padding-top: 20px !important;padding-bottom: 20px !important;}&#8221;][vc_empty_space height=&#8221;30px&#8221;][\/vc_column][\/vc_row][vc_row][vc_column]<div class=\"mgt-header-block clearfix text-left text-black wpb_content_element  mgt-header-block-style-1 mgt-header-texttransform-none  vc_custom_1756996225163\"><h2 class=\"mgt-header-block-title\">Le Citt\u00e0 dello Stretto<\/h2><p class=\"mgt-header-block-subtitle\">Stretto di Messina<\/p><div class=\"mgt-header-line\"><\/div><\/div>[vc_column_text css=&#8221;&#8221;]Le citt\u00e0 dello Stretto, <strong data-start=\"144\" data-end=\"173\">Messina <\/strong>e<strong data-start=\"144\" data-end=\"173\"> Reggio Calabria<\/strong>, rappresentano due sponde di una stessa identit\u00e0. Separate da pochi chilometri di mare ma unite da secoli di storia, commerci e scambi culturali, formano un unico spazio urbano e sociale. Lo Stretto di Messina non \u00e8 solo un confine geografico, ma un territorio condiviso, dove tradizioni, economia e vita quotidiana si intrecciano, dando vita a un polo dinamico di centralit\u00e0 mediterranea.[\/vc_column_text][vc_empty_space height=&#8221;50px&#8221;][\/vc_column][\/vc_row][vc_row css=&#8221;.vc_custom_1757000934823{padding-top: 20px !important;padding-left: 10px !important;background-color: #EEEEEE !important;}&#8221;][vc_column width=&#8221;1\/2&#8243;][vc_empty_space height=&#8221;20px&#8221;][vc_single_image image=&#8221;8140&#8243; img_size=&#8221;full&#8221; alignment=&#8221;center&#8221; onclick=&#8221;custom_link&#8221; css=&#8221;.vc_custom_1758732710753{margin-bottom: 0px !important;}&#8221; link=&#8221;https:\/\/pontedimessina.it\/it\/messina\/&#8221;][vc_empty_space height=&#8221;20px&#8221;][\/vc_column][vc_column width=&#8221;1\/2&#8243; css=&#8221;.vc_custom_1758320842440{padding-top: 20px !important;padding-right: 20px !important;padding-bottom: 10px !important;padding-left: 20px !important;}&#8221;]<div class=\"mgt-header-block clearfix text-left text-black wpb_content_element  mgt-header-block-style-1 mgt-header-texttransform-none  vc_custom_1756997363381\"><h2 class=\"mgt-header-block-title\">Messina<\/h2><p class=\"mgt-header-block-subtitle\">Regione Sicilia<\/p><div class=\"mgt-header-line\"><\/div><\/div>[vc_column_text css=&#8221;&#8221;]Messina \u00e8 la porta di accesso alla Sicilia, citt\u00e0 segnata da una storia millenaria e da una forte vocazione marittima. Dalla tradizione religiosa e culturale ai simboli architettonici, unisce identit\u00e0 antiche e spirito moderno. Il porto, l\u2019universit\u00e0 e le attivit\u00e0 commerciali la rendono un nodo strategico, capace di coniugare radici storiche e sviluppo economico nel Mediterraneo.<\/p>\n<h5 style=\"text-align: right;\"><a href=\"https:\/\/pontedimessina.it\/it\/messina\/\">SCOPRI +<\/a><\/h5>\n<p>[\/vc_column_text][\/vc_column][\/vc_row][vc_row][vc_column][vc_empty_space height=&#8221;60px&#8221;][\/vc_column][\/vc_row][vc_row css=&#8221;.vc_custom_1757001099812{padding-top: 20px !important;padding-right: 5px !important;padding-bottom: 20px !important;padding-left: 5px !important;background-color: #EEEEEE !important;}&#8221;][vc_column width=&#8221;1\/2&#8243; css=&#8221;.vc_custom_1758732853546{padding-top: 20px !important;padding-right: 20px !important;padding-bottom: 10px !important;padding-left: 30px !important;}&#8221;]<div class=\"mgt-header-block clearfix text-left text-black wpb_content_element  mgt-header-block-style-1 mgt-header-texttransform-none  vc_custom_1756997374644\"><h2 class=\"mgt-header-block-title\">Reggio Calabria<\/h2><p class=\"mgt-header-block-subtitle\">Regione Calabria<\/p><div class=\"mgt-header-line\"><\/div><\/div>[vc_column_text css=&#8221;.vc_custom_1758320561603{margin-bottom: 0px !important;}&#8221;]Reggio Calabria \u00e8 la capitale culturale della sponda calabrese dello Stretto, famosa per i Bronzi di Riace, straordinaria testimonianza della Magna Grecia. Il suo lungomare, definito \u201cil pi\u00f9 bel chilometro d\u2019Italia\u201d, offre uno scenario unico tra mare e montagne. Citt\u00e0 di tradizioni, arte e gastronomia, Reggio \u00e8 un centro economico e commerciale vitale.<\/p>\n<h5 style=\"text-align: right;\"><a href=\"https:\/\/pontedimessina.it\/it\/reggio-calabria\/\">SCOPRI +<\/a><\/h5>\n<p>[\/vc_column_text][\/vc_column][vc_column width=&#8221;1\/2&#8243;][vc_empty_space height=&#8221;20px&#8221;][vc_single_image image=&#8221;8136&#8243; img_size=&#8221;full&#8221; alignment=&#8221;center&#8221; onclick=&#8221;custom_link&#8221; css=&#8221;.vc_custom_1758732728931{margin-bottom: 0px !important;}&#8221; link=&#8221;https:\/\/pontedimessina.it\/it\/messina\/&#8221;][vc_empty_space height=&#8221;20px&#8221;][\/vc_column][\/vc_row][vc_row][vc_column][vc_empty_space height=&#8221;50px&#8221;][vc_separator]<div style=\"margin-left: auto;margin-right: auto;text-align: center;\" id=\"ponte-976319579\"><script async src=\"\/\/pagead2.googlesyndication.com\/pagead\/js\/adsbygoogle.js?client=ca-pub-8905959201982646\" crossorigin=\"anonymous\"><\/script><ins class=\"adsbygoogle\" style=\"display:block;\" data-ad-client=\"ca-pub-8905959201982646\" \ndata-ad-slot=\"6695237606\" \ndata-ad-format=\"auto\"><\/ins>\n<script> \n(adsbygoogle = window.adsbygoogle || []).push({}); \n<\/script>\n<\/div>[vc_separator css=&#8221;.vc_custom_1758834361702{margin-bottom: 0px !important;padding-top: 30px !important;}&#8221;][vc_empty_space height=&#8221;50px&#8221;][\/vc_column][\/vc_row][vc_row][vc_column]<div class=\"mgt-header-block clearfix text-left text-black wpb_content_element  mgt-header-block-style-1 mgt-header-texttransform-none  vc_custom_1756997415341\"><h2 class=\"mgt-header-block-title\">Paesaggi naturali dello Stretto<\/h2><p class=\"mgt-header-block-subtitle\">Stretto di Messina<\/p><div class=\"mgt-header-line\"><\/div><\/div>[\/vc_column][\/vc_row][vc_row][vc_column width=&#8221;1\/2&#8243;][vc_single_image image=&#8221;8166&#8243; img_size=&#8221;full&#8221; alignment=&#8221;center&#8221; style=&#8221;vc_box_shadow&#8221; css=&#8221;&#8221;][vc_column_text css=&#8221;&#8221;]<\/p>\n<p style=\"text-align: center;\">Isola Bella &#8211; Taormina (ME)<\/p>\n<p>[\/vc_column_text][\/vc_column][vc_column width=&#8221;1\/2&#8243;][vc_column_text css=&#8221;&#8221;]I paesaggi naturali dello Stretto di Messina uniscono la maestosit\u00e0 dei <strong data-start=\"161\" data-end=\"181\">Monti Peloritani<\/strong> in Sicilia e dell\u2019<strong data-start=\"200\" data-end=\"214\">Aspromonte<\/strong> in Calabria, offrendo scenari di straordinaria e suggestiva bellezza. Le forti correnti marine creano un ecosistema unico, habitat del celebre pesce spada e di numerose specie migratorie. Parchi e riserve naturali arricchiscono il territorio, tutelando biodiversit\u00e0 e paesaggi che raccontano l\u2019equilibrio tra natura selvaggia, incontaminata e vita delle comunit\u00e0 locali.[\/vc_column_text][\/vc_column][\/vc_row][vc_row][vc_column][vc_empty_space height=&#8221;30px&#8221;][vc_separator css=&#8221;.vc_custom_1756997011572{margin-bottom: 0px !important;padding-top: 20px !important;padding-bottom: 20px !important;}&#8221;][vc_empty_space height=&#8221;30px&#8221;][\/vc_column][\/vc_row][vc_row][vc_column]<div class=\"mgt-header-block clearfix text-right text-black wpb_content_element  mgt-header-block-style-1 mgt-header-texttransform-none  vc_custom_1756997590356\"><h2 class=\"mgt-header-block-title\">Miti e Leggende dello Stretto<\/h2><p class=\"mgt-header-block-subtitle\">Stretto di Messina<\/p><div class=\"mgt-header-line\"><\/div><\/div>[\/vc_column][\/vc_row][vc_row][vc_column width=&#8221;1\/2&#8243;][vc_column_text css=&#8221;&#8221;]Lo Stretto di Messina \u00e8 da sempre avvolto da miti e leggende che ne alimentano il fascino. Le figure di <strong data-start=\"200\" data-end=\"220\">Scilla e Cariddi<\/strong>, immortalate da Omero nell\u2019<em data-start=\"248\" data-end=\"257\">Odissea<\/em>, evocano le insidie delle sue acque turbolente e la forza della natura. Nel corso dei secoli, storie popolari, racconti marinari e tradizioni locali hanno arricchito la narrazione, trasformando lo Stretto in un luogo simbolico dove mito e realt\u00e0 si intrecciano, rafforzando l\u2019identit\u00e0 culturale condivisa di Calabria e Sicilia.[\/vc_column_text][\/vc_column][vc_column width=&#8221;1\/2&#8243;][vc_single_image image=&#8221;8155&#8243; img_size=&#8221;full&#8221; alignment=&#8221;center&#8221; style=&#8221;vc_box_shadow&#8221; css=&#8221;&#8221;][vc_column_text css=&#8221;&#8221;]<\/p>\n<p style=\"text-align: center;\">Santuario di Tindari &#8211; Patti (ME)<\/p>\n<p>[\/vc_column_text][\/vc_column][\/vc_row][vc_row][vc_column][vc_empty_space height=&#8221;30px&#8221;][vc_separator css=&#8221;.vc_custom_1756997011572{margin-bottom: 0px !important;padding-top: 20px !important;padding-bottom: 20px !important;}&#8221;][vc_empty_space height=&#8221;30px&#8221;][\/vc_column][\/vc_row][vc_row][vc_column]<div class=\"mgt-header-block clearfix text-left text-black wpb_content_element  mgt-header-block-style-1 mgt-header-texttransform-none  vc_custom_1756998618464\"><h3 class=\"mgt-header-block-title\">Tradizioni e cultura popolare<\/h3><p class=\"mgt-header-block-subtitle\">Stretto di Messina<\/p><div class=\"mgt-header-line\"><\/div><\/div>[\/vc_column][\/vc_row][vc_row][vc_column width=&#8221;1\/2&#8243;][vc_single_image image=&#8221;8146&#8243; img_size=&#8221;full&#8221; alignment=&#8221;center&#8221; css=&#8221;&#8221;][vc_column_text css=&#8221;&#8221;]<\/p>\n<p style=\"text-align: center;\">Comune di Scilla (RC)<\/p>\n<p>[\/vc_column_text][\/vc_column][vc_column width=&#8221;1\/2&#8243;][vc_column_text css=&#8221;&#8221;]Le tradizioni e la cultura popolare dello Stretto di Messina rappresentano un patrimonio unico, nato dall\u2019incontro tra Sicilia e Calabria. La gastronomia \u00e8 protagonista: dal pesce spada alla granita, dagli arancini al bergamotto, ogni sapore racconta identit\u00e0 e territorio.<br \/>\nFeste religiose come la Vara di Messina o le processioni reggine rafforzano il legame con la comunit\u00e0, mentre musica, folklore e artigianato mantengono viva una memoria condivisa. Lo Stretto diventa cos\u00ec ponte culturale tra passato e futuro.[\/vc_column_text][\/vc_column][\/vc_row][vc_row][vc_column][vc_empty_space height=&#8221;30px&#8221;][vc_separator css=&#8221;.vc_custom_1756997011572{margin-bottom: 0px !important;padding-top: 20px !important;padding-bottom: 20px !important;}&#8221;][vc_empty_space height=&#8221;30px&#8221;][\/vc_column][\/vc_row][vc_row][vc_column]<div class=\"mgt-header-block clearfix text-right text-black wpb_content_element  mgt-header-block-style-1 mgt-header-texttransform-none  vc_custom_1756998708548\"><h3 class=\"mgt-header-block-title\">Un territorio di collegamenti<\/h3><p class=\"mgt-header-block-subtitle\">Stretto di Messina<\/p><div class=\"mgt-header-line\"><\/div><\/div>[\/vc_column][\/vc_row][vc_row][vc_column width=&#8221;1\/2&#8243;][vc_column_text css=&#8221;&#8221;]Lo Stretto di Messina \u00e8 da sempre un territorio di collegamenti e scambi. I traghettamenti tra Villa San Giovanni e Messina hanno garantito per decenni il flusso di persone, merci e culture tra Calabria e Sicilia. I porti, le vie ferroviarie e le strade costiere hanno reso quest\u2019area un nodo strategico del Mediterraneo.<br \/>\nOggi, con il progetto del Ponte, lo Stretto si prepara a rafforzare la sua vocazione naturale: unire, connettere e generare nuove opportunit\u00e0.[\/vc_column_text][\/vc_column][vc_column width=&#8221;1\/2&#8243;][vc_single_image image=&#8221;8160&#8243; img_size=&#8221;full&#8221; alignment=&#8221;center&#8221; style=&#8221;vc_box_shadow&#8221; css=&#8221;&#8221;][vc_column_text css=&#8221;&#8221;]<\/p>\n<p style=\"text-align: center;\">Collegamenti Capo Milazzo (ME)<\/p>\n<p>[\/vc_column_text][\/vc_column][\/vc_row][vc_row][vc_column][vc_empty_space height=&#8221;30px&#8221;][vc_separator css=&#8221;.vc_custom_1756997011572{margin-bottom: 0px !important;padding-top: 20px !important;padding-bottom: 20px !important;}&#8221;][vc_empty_space height=&#8221;30px&#8221;][\/vc_column][\/vc_row][vc_row][vc_column]<div class=\"mgt-header-block clearfix text-left text-black wpb_content_element  mgt-header-block-style-1 mgt-header-texttransform-none  vc_custom_1756998893884\"><h3 class=\"mgt-header-block-title\">Crocevia di Popoli<\/h3><p class=\"mgt-header-block-subtitle\">Stretto di Messina<\/p><div class=\"mgt-header-line\"><\/div><\/div>[vc_column_text css=&#8221;.vc_custom_1758729414795{margin-bottom: 0px !important;padding-top: 10px !important;padding-right: 15px !important;padding-bottom: 10px !important;padding-left: 15px !important;background-color: #EEEEEE !important;}&#8221;]Lo Stretto di Messina \u00e8 da sempre crocevia di popoli, leggende e rotte marine. Qui il passato si intreccia con il presente: i miti di Scilla e Cariddi convivono con le citt\u00e0 moderne di Messina e Reggio, simboli di resilienza e rinascita. Il futuro porta con s\u00e9 nuove sfide e opportunit\u00e0: il Ponte come icona di connessione, il turismo culturale e naturalistico, l\u2019innovazione sostenibile. Lo Stretto resta un territorio di identit\u00e0 condivisa, pronto a raccontare al mondo la sua unicit\u00e0 mediterranea.[\/vc_column_text][\/vc_column][\/vc_row][vc_row][vc_column][vc_empty_space height=&#8221;30px&#8221;][vc_separator]<div style=\"margin-left: auto;margin-right: auto;text-align: center;\" id=\"ponte-1740083299\"><script async src=\"\/\/pagead2.googlesyndication.com\/pagead\/js\/adsbygoogle.js?client=ca-pub-8905959201982646\" crossorigin=\"anonymous\"><\/script><ins class=\"adsbygoogle\" style=\"display:block;\" data-ad-client=\"ca-pub-8905959201982646\" \ndata-ad-slot=\"6695237606\" \ndata-ad-format=\"auto\"><\/ins>\n<script> \n(adsbygoogle = window.adsbygoogle || []).push({}); \n<\/script>\n<\/div>[\/vc_column][\/vc_row]<\/p>\n<\/div>","protected":false},"excerpt":{"rendered":"<p>[vc_row][vc_column][vc_empty_space height=&#8221;35px&#8221;][vc_empty_space height=&#8221;35px&#8221;][\/vc_column][\/vc_row][vc_row][vc_column width=&#8221;1\/2&#8243; css=&#8221;.vc_custom_1758321199560{margin-right: 0px !important;padding-top: 40px !important;padding-right: 40px !important;padding-bottom: 40px !important;padding-left: 40px !important;background-color: #EEEEEE !important;}&#8221;][vc_column_text css=&#8221;.vc_custom_1758321147631{margin-bottom: 0px !important;}&#8221;] Ambiente e Territorio Lo Stretto di Messina Lo Stretto di&#8230;<\/p>\n","protected":false},"author":2,"featured_media":0,"parent":0,"menu_order":0,"comment_status":"closed","ping_status":"closed","template":"","meta":{"_uf_show_specific_survey":0,"_uf_disable_surveys":false,"footnotes":""},"class_list":["post-4598","page","type-page","status-publish","hentry"],"yoast_head":"<!-- This site is optimized with the Yoast SEO plugin v26.5 - https:\/\/yoast.com\/wordpress\/plugins\/seo\/ -->\n<title>Territorio | Ponte di Messina<\/title>\n<meta name=\"robots\" content=\"index, follow, max-snippet:-1, max-image-preview:large, max-video-preview:-1\" \/>\n<link rel=\"canonical\" href=\"https:\/\/pontedimessina.it\/it\/territorio\/\" \/>\n<meta property=\"og:locale\" content=\"it_IT\" \/>\n<meta property=\"og:type\" content=\"article\" \/>\n<meta property=\"og:title\" content=\"Territorio | Ponte di Messina\" \/>\n<meta property=\"og:description\" content=\"[vc_row][vc_column][vc_empty_space height=&#8221;35px&#8221;][vc_empty_space height=&#8221;35px&#8221;][\/vc_column][\/vc_row][vc_row][vc_column width=&#8221;1\/2&#8243; css=&#8221;.vc_custom_1758321199560{margin-right: 0px !important;padding-top: 40px !important;padding-right: 40px !important;padding-bottom: 40px !important;padding-left: 40px !important;background-color: #EEEEEE !important;}&#8221;][vc_column_text css=&#8221;.vc_custom_1758321147631{margin-bottom: 0px !important;}&#8221;] Ambiente e Territorio Lo Stretto di Messina Lo Stretto di...\" \/>\n<meta property=\"og:url\" content=\"https:\/\/pontedimessina.it\/it\/territorio\/\" \/>\n<meta property=\"og:site_name\" content=\"Ponte di Messina\" \/>\n<meta property=\"article:modified_time\" content=\"2025-10-02T21:50:42+00:00\" \/>\n<meta name=\"twitter:card\" content=\"summary_large_image\" \/>\n<script type=\"application\/ld+json\" class=\"yoast-schema-graph\">{\"@context\":\"https:\/\/schema.org\",\"@graph\":[{\"@type\":\"WebPage\",\"@id\":\"https:\/\/pontedimessina.it\/it\/territorio\/\",\"url\":\"https:\/\/pontedimessina.it\/it\/territorio\/\",\"name\":\"Territorio | Ponte di Messina\",\"isPartOf\":{\"@id\":\"https:\/\/pontedimessina.it\/it\/#website\"},\"datePublished\":\"2025-08-25T19:32:14+00:00\",\"dateModified\":\"2025-10-02T21:50:42+00:00\",\"breadcrumb\":{\"@id\":\"https:\/\/pontedimessina.it\/it\/territorio\/#breadcrumb\"},\"inLanguage\":\"it-IT\",\"potentialAction\":[{\"@type\":\"ReadAction\",\"target\":[\"https:\/\/pontedimessina.it\/it\/territorio\/\"]}]},{\"@type\":\"BreadcrumbList\",\"@id\":\"https:\/\/pontedimessina.it\/it\/territorio\/#breadcrumb\",\"itemListElement\":[{\"@type\":\"ListItem\",\"position\":1,\"name\":\"Home\",\"item\":\"https:\/\/pontedimessina.it\/it\/\"},{\"@type\":\"ListItem\",\"position\":2,\"name\":\"Territorio\"}]},{\"@type\":\"WebSite\",\"@id\":\"https:\/\/pontedimessina.it\/it\/#website\",\"url\":\"https:\/\/pontedimessina.it\/it\/\",\"name\":\"Ponte di Messina\",\"description\":\"One Bridge. One Country. One Vision.\",\"alternateName\":\"Pontedimessina.it\",\"potentialAction\":[{\"@type\":\"SearchAction\",\"target\":{\"@type\":\"EntryPoint\",\"urlTemplate\":\"https:\/\/pontedimessina.it\/it\/?s={search_term_string}\"},\"query-input\":{\"@type\":\"PropertyValueSpecification\",\"valueRequired\":true,\"valueName\":\"search_term_string\"}}],\"inLanguage\":\"it-IT\"}]}<\/script>\n<!-- \/ Yoast SEO plugin. -->","yoast_head_json":{"title":"Territorio | Ponte di Messina","robots":{"index":"index","follow":"follow","max-snippet":"max-snippet:-1","max-image-preview":"max-image-preview:large","max-video-preview":"max-video-preview:-1"},"canonical":"https:\/\/pontedimessina.it\/it\/territorio\/","og_locale":"it_IT","og_type":"article","og_title":"Territorio | Ponte di Messina","og_description":"[vc_row][vc_column][vc_empty_space height=&#8221;35px&#8221;][vc_empty_space height=&#8221;35px&#8221;][\/vc_column][\/vc_row][vc_row][vc_column width=&#8221;1\/2&#8243; css=&#8221;.vc_custom_1758321199560{margin-right: 0px !important;padding-top: 40px !important;padding-right: 40px !important;padding-bottom: 40px !important;padding-left: 40px !important;background-color: #EEEEEE !important;}&#8221;][vc_column_text css=&#8221;.vc_custom_1758321147631{margin-bottom: 0px !important;}&#8221;] Ambiente e Territorio Lo Stretto di Messina Lo Stretto di...","og_url":"https:\/\/pontedimessina.it\/it\/territorio\/","og_site_name":"Ponte di Messina","article_modified_time":"2025-10-02T21:50:42+00:00","twitter_card":"summary_large_image","schema":{"@context":"https:\/\/schema.org","@graph":[{"@type":"WebPage","@id":"https:\/\/pontedimessina.it\/it\/territorio\/","url":"https:\/\/pontedimessina.it\/it\/territorio\/","name":"Territorio | Ponte di Messina","isPartOf":{"@id":"https:\/\/pontedimessina.it\/it\/#website"},"datePublished":"2025-08-25T19:32:14+00:00","dateModified":"2025-10-02T21:50:42+00:00","breadcrumb":{"@id":"https:\/\/pontedimessina.it\/it\/territorio\/#breadcrumb"},"inLanguage":"it-IT","potentialAction":[{"@type":"ReadAction","target":["https:\/\/pontedimessina.it\/it\/territorio\/"]}]},{"@type":"BreadcrumbList","@id":"https:\/\/pontedimessina.it\/it\/territorio\/#breadcrumb","itemListElement":[{"@type":"ListItem","position":1,"name":"Home","item":"https:\/\/pontedimessina.it\/it\/"},{"@type":"ListItem","position":2,"name":"Territorio"}]},{"@type":"WebSite","@id":"https:\/\/pontedimessina.it\/it\/#website","url":"https:\/\/pontedimessina.it\/it\/","name":"Ponte di Messina","description":"One Bridge. One Country. One Vision.","alternateName":"Pontedimessina.it","potentialAction":[{"@type":"SearchAction","target":{"@type":"EntryPoint","urlTemplate":"https:\/\/pontedimessina.it\/it\/?s={search_term_string}"},"query-input":{"@type":"PropertyValueSpecification","valueRequired":true,"valueName":"search_term_string"}}],"inLanguage":"it-IT"}]}},"_links":{"self":[{"href":"https:\/\/pontedimessina.it\/it\/wp-json\/wp\/v2\/pages\/4598","targetHints":{"allow":["GET"]}}],"collection":[{"href":"https:\/\/pontedimessina.it\/it\/wp-json\/wp\/v2\/pages"}],"about":[{"href":"https:\/\/pontedimessina.it\/it\/wp-json\/wp\/v2\/types\/page"}],"author":[{"embeddable":true,"href":"https:\/\/pontedimessina.it\/it\/wp-json\/wp\/v2\/users\/2"}],"replies":[{"embeddable":true,"href":"https:\/\/pontedimessina.it\/it\/wp-json\/wp\/v2\/comments?post=4598"}],"version-history":[{"count":0,"href":"https:\/\/pontedimessina.it\/it\/wp-json\/wp\/v2\/pages\/4598\/revisions"}],"wp:attachment":[{"href":"https:\/\/pontedimessina.it\/it\/wp-json\/wp\/v2\/media?parent=4598"}],"curies":[{"name":"wp","href":"https:\/\/api.w.org\/{rel}","templated":true}]}}