{"id":4586,"date":"2025-08-25T20:59:13","date_gmt":"2025-08-25T18:59:13","guid":{"rendered":"https:\/\/ai2ai.it\/?page_id=4586"},"modified":"2025-10-04T13:00:07","modified_gmt":"2025-10-04T11:00:07","slug":"general-contractor","status":"publish","type":"page","link":"https:\/\/pontedimessina.it\/it\/general-contractor\/","title":{"rendered":"General Contractor"},"content":{"rendered":"<div class=\"wpb-content-wrapper\"><p>[vc_row][vc_column]<div class=\"mgt-header-block clearfix text-left text-black wpb_content_element  mgt-header-block-style-1 mgt-header-texttransform-header \"><h2 class=\"mgt-header-block-title\">Consorzio Eurolink<\/h2><p class=\"mgt-header-block-subtitle\">General Contractor<\/p><div class=\"mgt-header-line\"><\/div><\/div>[vc_empty_space][\/vc_column][\/vc_row][vc_row equal_height=&#8221;yes&#8221; css=&#8221;.vc_custom_1463480619661{margin-bottom: 10px !important;}&#8221;][vc_column width=&#8221;1\/3&#8243; css=&#8221;.vc_custom_1459186986556{margin-right: 0px !important;padding-right: 0px !important;}&#8221;][vc_single_image image=&#8221;5402&#8243; img_size=&#8221;full&#8221; css=&#8221;&#8221;][\/vc_column][vc_column width=&#8221;2\/3&#8243; css=&#8221;.vc_custom_1459186959095{margin-left: 0px !important;padding-left: 0px !important;}&#8221;][vc_column_text css=&#8221;.vc_custom_1758544339941{margin-bottom: 0px !important;padding-right: 25px !important;padding-left: 25px !important;}&#8221;]<\/p>\n<p data-start=\"75\" data-end=\"394\">Il <strong data-start=\"78\" data-end=\"100\">Consorzio Eurolink<\/strong>, General Contractor per la realizzazione del Ponte sullo Stretto di Messina, \u00e8 guidato da <strong data-start=\"191\" data-end=\"209\">Webuild S.p.A.<\/strong> (gi\u00e0 Salini Impregilo) in qualit\u00e0 di capofila e riunisce imprese di primo piano nei settori dell\u2019ingegneria civile, dell\u2019architettura, delle tecnologie costruttive e della logistica.<\/p>\n<p data-start=\"396\" data-end=\"681\">Grazie a questa rete di competenze, Eurolink rappresenta il motore operativo del progetto, con l\u2019obiettivo di dare vita a un\u2019infrastruttura unica nel suo genere e destinata a segnare un punto di svolta nello sviluppo delle grandi opere italiane, proiettando il Paese verso il futuro.<\/p>\n<p>[\/vc_column_text][\/vc_column][\/vc_row][vc_row css=&#8221;.vc_custom_1756927212662{padding-top: 20px !important;padding-bottom: 5px !important;}&#8221;][vc_column][vc_separator css=&#8221;.vc_custom_1758904771582{margin-bottom: 0px !important;padding-bottom: 20px !important;}&#8221;]<div class=\"mgt-header-block clearfix text-left text-black wpb_content_element  mgt-header-block-style-1 mgt-header-texttransform-header \"><h2 class=\"mgt-header-block-title\">NUMERI<\/h2><p class=\"mgt-header-block-subtitle\">GENERAL CONTRACTOR<\/p><div class=\"mgt-header-line\"><\/div><\/div>[\/vc_column][\/vc_row][vc_row css=&#8221;.vc_custom_1758486558020{margin-right: 10px !important;margin-left: 10px !important;padding-top: 30px !important;padding-bottom: 0px !important;background-color: #EEEEEE !important;}&#8221;][vc_column width=&#8221;1\/3&#8243;]<div class=\"mgt-counter-wrapper wpb_content_element text-black text-center\"><div class=\"mgt-counter-icon\"><i class=\"fa fa-users\"><\/i>\r\n<\/div><span class=\"mgt-counter-value\" data-from=\"0\" data-to=\"6\" data-speed=\"2000\" data-decimals=\"0\">6<\/span><h5 class=\"mgt-counter-title\">CONSORZIATE<\/h5><\/div>[\/vc_column][vc_column width=&#8221;1\/3&#8243;]<div class=\"mgt-counter-wrapper wpb_content_element text-black text-center\"><div class=\"mgt-counter-icon\"><i class=\"fa fa-users\"><\/i>\r\n<\/div><span class=\"mgt-counter-value\" data-from=\"0\" data-to=\"2005\" data-speed=\"2000\" data-decimals=\"0\">2005<\/span><h5 class=\"mgt-counter-title\">AGGIUDICAZIONE<\/h5><\/div>[\/vc_column][vc_column width=&#8221;1\/3&#8243;]<div class=\"mgt-counter-wrapper wpb_content_element text-black text-center\"><div class=\"mgt-counter-icon\"><i class=\"fa fa-graduation-cap\"><\/i>\r\n<\/div><span class=\"mgt-counter-value\" data-from=\"0\" data-to=\"10.5\" data-speed=\"2000\" data-decimals=\"1\">10.5<\/span><h5 class=\"mgt-counter-title\">APPALTO Mld<\/h5><\/div>[\/vc_column][\/vc_row][vc_row][vc_column][vc_separator css=&#8221;.vc_custom_1758904738013{margin-bottom: 20px !important;padding-top: 50px !important;}&#8221;]<div style=\"margin-left: auto;margin-right: auto;text-align: center;\" id=\"ponte-918326514\"><a href=\"https:\/\/pontedimessina.it\/it\/visibility\/\" aria-label=\"ICC Digital Media | Ponte di Messina\"><img loading=\"lazy\" decoding=\"async\" src=\"https:\/\/pontedimessina.it\/wp-content\/uploads\/2025\/10\/banner-icc-connection.png\" alt=\"ICC Digital Media | Ponte di Messina\"  srcset=\"https:\/\/pontedimessina.it\/wp-content\/uploads\/2025\/10\/banner-icc-connection.png 764w, https:\/\/pontedimessina.it\/wp-content\/uploads\/2025\/10\/banner-icc-connection-350x49.png 350w, https:\/\/pontedimessina.it\/wp-content\/uploads\/2025\/10\/banner-icc-connection-600x83.png 600w\" sizes=\"auto, (max-width: 764px) 100vw, 764px\" width=\"764\" height=\"106\"  style=\"display: inline-block;\" \/><\/a><\/div>[vc_separator css=&#8221;.vc_custom_1758904250041{margin-bottom: 0px !important;padding-top: 30px !important;padding-bottom: 30px !important;}&#8221;][\/vc_column][\/vc_row][vc_row css=&#8221;.vc_custom_1756740817820{margin-bottom: 0px !important;padding-top: 5px !important;padding-bottom: 0px !important;}&#8221;][vc_column]<div class=\"mgt-header-block clearfix text-left text-black wpb_content_element  mgt-header-block-style-1 mgt-header-texttransform-header  vc_custom_1756821658899\"><h2 class=\"mgt-header-block-title\">RUOLI E MISSIONE<\/h2><p class=\"mgt-header-block-subtitle\">Consorzio Eurolink<\/p><div class=\"mgt-header-line\"><\/div><\/div>[vc_column_text css=&#8221;.vc_custom_1756822493407{margin-bottom: 0px !important;padding-top: 5px !important;padding-right: 15px !important;padding-bottom: 5px !important;padding-left: 15px !important;}&#8221;]<\/p>\n<p data-start=\"290\" data-end=\"731\">Il <strong data-start=\"293\" data-end=\"315\">Consorzio Eurolink<\/strong> rappresenta una delle realt\u00e0 pi\u00f9 significative nel panorama delle grandi opere infrastrutturali in Italia e in Europa. Nato per unire le competenze di alcune tra le principali aziende italiane e internazionali nel settore delle costruzioni e dell\u2019ingegneria, Eurolink ha come obiettivo quello di affrontare sfide complesse attraverso un approccio integrato, tecnologicamente avanzato e orientato alla sostenibilit\u00e0.<\/p>\n<p data-start=\"733\" data-end=\"1092\">La <strong data-start=\"736\" data-end=\"762\">missione del Consorzio<\/strong> \u00e8 quella di <strong data-start=\"775\" data-end=\"852\">progettare e realizzare infrastrutture strategiche di rilevanza nazionale<\/strong>, in grado di generare valore economico, sociale e ambientale per i territori coinvolti. Al centro della sua attivit\u00e0 vi \u00e8 l\u2019impegno nella gestione efficiente e trasparente dei progetti affidati, garantendo qualit\u00e0, sicurezza e innovazione.<\/p>\n<p data-start=\"1094\" data-end=\"1550\">In questo contesto, Eurolink riveste un ruolo di primaria importanza come <strong data-start=\"1168\" data-end=\"1246\">General Contractor per la realizzazione del Ponte sullo Stretto di Messina<\/strong>, un\u2019opera simbolica e strategica per l\u2019intero Paese. Il consorzio \u00e8 guidato da <strong data-start=\"1326\" data-end=\"1344\">Webuild S.p.A.<\/strong> (ex Salini Impregilo), in qualit\u00e0 di capofila, e comprende una rete di aziende altamente specializzate nei settori dell\u2019ingegneria civile, dell\u2019architettura, delle tecnologie costruttive e della logistica.<\/p>\n<p data-start=\"1552\" data-end=\"2041\">Il Ponte sullo Stretto rappresenta una delle sfide infrastrutturali pi\u00f9 ambiziose d\u2019Europa. L\u2019obiettivo di Eurolink \u00e8 quello di <strong data-start=\"1680\" data-end=\"1756\">realizzare un collegamento stabile e sicuro tra la Sicilia e la Calabria<\/strong>, migliorando l\u2019integrazione territoriale, la mobilit\u00e0 e la competitivit\u00e0 del Mezzogiorno. La realizzazione del ponte avr\u00e0 un impatto significativo anche in termini occupazionali e ambientali, prevedendo l\u2019utilizzo di tecnologie all\u2019avanguardia e metodologie a basso impatto ecologico.<\/p>\n<p data-start=\"2043\" data-end=\"2098\">Tra le <strong data-start=\"2050\" data-end=\"2073\">finalit\u00e0 principali<\/strong> del consorzio rientrano:<\/p>\n<ul data-start=\"2099\" data-end=\"2483\">\n<li data-start=\"2099\" data-end=\"2215\">\n<p data-start=\"2101\" data-end=\"2215\">la <strong data-start=\"2104\" data-end=\"2139\">gestione integrata del progetto<\/strong>, dalla fase di progettazione esecutiva fino alla costruzione e al collaudo;<\/p>\n<\/li>\n<li data-start=\"2216\" data-end=\"2293\">\n<p data-start=\"2218\" data-end=\"2293\">il <strong data-start=\"2221\" data-end=\"2282\">coordinamento di tutte le competenze tecniche e operative<\/strong> coinvolte;<\/p>\n<\/li>\n<li data-start=\"2294\" data-end=\"2398\">\n<p data-start=\"2296\" data-end=\"2398\">la <strong data-start=\"2299\" data-end=\"2374\">garanzia del rispetto dei tempi, dei costi e degli standard qualitativi<\/strong> previsti dal contratto;<\/p>\n<\/li>\n<li data-start=\"2399\" data-end=\"2483\">\n<p data-start=\"2401\" data-end=\"2483\">l\u2019<strong data-start=\"2403\" data-end=\"2444\">adozione di pratiche di sostenibilit\u00e0<\/strong> e sicurezza in ogni fase del progetto.<\/p>\n<\/li>\n<\/ul>\n<p data-start=\"2485\" data-end=\"2728\">Il Consorzio Eurolink si pone, dunque, come attore centrale nella realizzazione di un\u2019opera destinata a cambiare il volto delle infrastrutture italiane, con una visione rivolta al futuro, allo sviluppo del Sud e alla modernizzazione del Paese.<\/p>\n<p>[\/vc_column_text][\/vc_column][\/vc_row][vc_row parallax=&#8221;content-moving&#8221; css=&#8221;.vc_custom_1756926902819{padding-top: 20px !important;padding-bottom: 20px !important;background-position: center;background-repeat: no-repeat !important;background-size: cover !important;}&#8221;][vc_column][vc_separator css=&#8221;.vc_custom_1756926864866{margin-bottom: 0px !important;padding-top: 20px !important;}&#8221;]<div class=\"mgt-header-block clearfix text-left text-black wpb_content_element  mgt-header-block-style-1 mgt-header-texttransform-header \"><h2 class=\"mgt-header-block-title\">WEBUILD<\/h2><p class=\"mgt-header-block-subtitle\">Capofila Consorzio Eurolink<\/p><div class=\"mgt-header-line\"><\/div><\/div>[vc_row_inner css=&#8221;.vc_custom_1756920224089{background-color: #EEEEEE !important;}&#8221;][vc_column_inner width=&#8221;1\/2&#8243;][vc_single_image image=&#8221;5496&#8243; img_size=&#8221;full&#8221; onclick=&#8221;custom_link&#8221; img_link_target=&#8221;_blank&#8221; css=&#8221;&#8221; link=&#8221;https:\/\/www.webuildgroup.com\/&#8221;][\/vc_column_inner][vc_column_inner width=&#8221;1\/2&#8243;][vc_column_text css=&#8221;&#8221;]Da\u00a0<strong class=\"MuiTypography-root MuiTypography-body1 mui-16gkikv\">120 anni<\/strong>\u00a0<strong class=\"MuiTypography-root MuiTypography-body1 mui-16gkikv\">Webuild\u00a0<\/strong>contribuisce allo\u00a0sviluppo dei Paesi in cui opera, costruendo\u00a0infrastrutture strategiche che uniscono territori, persone, imprese.<\/p>\n<p class=\"MuiTypography-root MuiTypography-bodyL mui-oe0mod\"><strong class=\"MuiTypography-root MuiTypography-body1 mui-16gkikv\">Webuild\u00a0<\/strong>\u00e8 uno dei maggiori <strong>global player mondiali<\/strong> nella <strong class=\"MuiTypography-root MuiTypography-body1 mui-16gkikv\">realizzazione di grandi infrastrutture complesse<\/strong> per la mobilit\u00e0 sostenibile, l\u2019energia idroelettrica, l\u2019acqua e compete a livello globale con i principali player. <a href=\"https:\/\/pontedimessina.it\/it\/general-contractor\/webuild\/\">SCOPRI +<\/a><\/p>\n<p>[\/vc_column_text][\/vc_column_inner][\/vc_row_inner][\/vc_column][\/vc_row][vc_row css=&#8221;.vc_custom_1756740866054{padding-top: 15px !important;padding-bottom: 20px !important;}&#8221;][vc_column][vc_separator css=&#8221;.vc_custom_1756739973048{margin-bottom: 0px !important;padding-top: 20px !important;padding-bottom: 20px !important;}&#8221;]<div class=\"mgt-header-block clearfix text-left text-black wpb_content_element  mgt-header-block-style-1 mgt-header-texttransform-header \"><h2 class=\"mgt-header-block-title\">VIDEO<\/h2><p class=\"mgt-header-block-subtitle\">Consorzio Eurolink<\/p><div class=\"mgt-header-line\"><\/div><\/div>[\/vc_column][\/vc_row][vc_row][vc_column width=&#8221;1\/2&#8243;][vc_video link=&#8221;https:\/\/youtu.be\/YCUdzIYy46U?feature=shared&#8221; css=&#8221;&#8221;][\/vc_column][vc_column width=&#8221;1\/2&#8243;][vc_video link=&#8221;https:\/\/youtu.be\/wMWb_LB68AM?feature=shared&#8221; css=&#8221;&#8221;][\/vc_column][\/vc_row][vc_row][vc_column][vc_separator css=&#8221;.vc_custom_1758904439495{margin-bottom: 0px !important;padding-top: 30px !important;padding-bottom: 30px !important;}&#8221;]<div style=\"margin-left: auto;margin-right: auto;text-align: center;\" id=\"ponte-4263124447\"><script async src=\"\/\/pagead2.googlesyndication.com\/pagead\/js\/adsbygoogle.js?client=ca-pub-8905959201982646\" crossorigin=\"anonymous\"><\/script><ins class=\"adsbygoogle\" style=\"display:block;\" data-ad-client=\"ca-pub-8905959201982646\" \ndata-ad-slot=\"6695237606\" \ndata-ad-format=\"auto\"><\/ins>\n<script> \n(adsbygoogle = window.adsbygoogle || []).push({}); \n<\/script>\n<\/div>[vc_separator css=&#8221;.vc_custom_1758904375610{margin-bottom: 0px !important;padding-top: 30px !important;padding-bottom: 20px !important;}&#8221;][\/vc_column][\/vc_row][vc_row full_width=&#8221;stretch_row&#8221;][vc_column]<div class=\"mgt-header-block clearfix text-left text-black wpb_content_element  mgt-header-block-style-1 mgt-header-texttransform-header \"><h2 class=\"mgt-header-block-title\">HIGHLIGHTS<\/h2><p class=\"mgt-header-block-subtitle\">Consorzio Eurolink<\/p><div class=\"mgt-header-line\"><\/div><\/div>[\/vc_column][\/vc_row][vc_row][vc_column width=&#8221;1\/3&#8243;][vc_single_image image=&#8221;7240&#8243; img_size=&#8221;270&#215;270&#8243; alignment=&#8221;center&#8221; onclick=&#8221;custom_link&#8221; css_animation=&#8221;left-to-right&#8221; css=&#8221;&#8221; link=&#8221;https:\/\/pontedimessina.it\/it\/general-contractor\/storia-eurolink\/&#8221;][vc_column_text css_animation=&#8221;left-to-right&#8221; css=&#8221;&#8221;]<\/p>\n<h4><strong>STORIA<\/strong><\/h4>\n<p>Nato nei primi anni 2000 come ATI di alcune delle maggiori realt\u00e0 italiane e internazionali nelle costruzioni e nelle infrastrutture.<\/p>\n<h5 style=\"text-align: right;\"><a href=\"https:\/\/pontedimessina.it\/it\/general-contractor\/storia-eurolink\/\">SCOPRI +<\/a><\/h5>\n<p>[\/vc_column_text][\/vc_column][vc_column width=&#8221;1\/3&#8243;][vc_single_image image=&#8221;4695&#8243; img_size=&#8221;270&#215;270&#8243; alignment=&#8221;center&#8221; onclick=&#8221;custom_link&#8221; css_animation=&#8221;left-to-right&#8221; css=&#8221;&#8221; link=&#8221;https:\/\/pontedimessina.it\/it\/general-contractor\/membri-eurolink\/&#8221;][vc_column_text css_animation=&#8221;left-to-right&#8221; css=&#8221;&#8221;]<\/p>\n<h4><strong>MEMBRI<\/strong><\/h4>\n<p>Network di aziende internazionali con specializzazioni multidisciplinari e know-how mirato per garantire elevati standard di qualit\u00e0.<\/p>\n<h5 style=\"text-align: right;\"><a href=\"https:\/\/pontedimessina.it\/it\/general-contractor\/membri-eurolink\/\">SCOPRI +<\/a><\/h5>\n<p>[\/vc_column_text][\/vc_column][vc_column width=&#8221;1\/3&#8243;][vc_single_image image=&#8221;4678&#8243; img_size=&#8221;270&#215;270&#8243; alignment=&#8221;center&#8221; onclick=&#8221;custom_link&#8221; css_animation=&#8221;left-to-right&#8221; css=&#8221;&#8221; link=&#8221;https:\/\/pontedimessina.it\/it\/general-contractor\/expertise-eurolink\/&#8221;][vc_column_text css_animation=&#8221;left-to-right&#8221; css=&#8221;&#8221;]<\/p>\n<h4><strong>EXPERTISE<\/strong><\/h4>\n<p>Competenze diversificate di grandi player nazionali e internazionali del settore delle costruzioni e delle infrastrutture.<\/p>\n<h5 style=\"text-align: right;\"><a href=\"https:\/\/pontedimessina.it\/it\/general-contractor\/expertise-eurolink\/\">SCOPRI +<\/a><\/h5>\n<p>[\/vc_column_text][\/vc_column][\/vc_row][vc_row][vc_column][vc_separator css=&#8221;.vc_custom_1758904439495{margin-bottom: 0px !important;padding-top: 30px !important;padding-bottom: 30px !important;}&#8221;]<div style=\"margin-left: auto;margin-right: auto;text-align: center;\" id=\"ponte-750567203\"><script async src=\"\/\/pagead2.googlesyndication.com\/pagead\/js\/adsbygoogle.js?client=ca-pub-8905959201982646\" crossorigin=\"anonymous\"><\/script><ins class=\"adsbygoogle\" style=\"display:block;\" data-ad-client=\"ca-pub-8905959201982646\" \ndata-ad-slot=\"6695237606\" \ndata-ad-format=\"auto\"><\/ins>\n<script> \n(adsbygoogle = window.adsbygoogle || []).push({}); \n<\/script>\n<\/div>[vc_separator css=&#8221;.vc_custom_1758904375610{margin-bottom: 0px !important;padding-top: 30px !important;padding-bottom: 20px !important;}&#8221;][\/vc_column][\/vc_row][vc_row][vc_column]<div class=\"mgt-header-block clearfix text-left text-black wpb_content_element  mgt-header-block-style-1 mgt-header-texttransform-header \"><h2 class=\"mgt-header-block-title\">Capitale Sociale<\/h2><p class=\"mgt-header-block-subtitle\">Consorzio Eurolink<\/p><div class=\"mgt-header-line\"><\/div><\/div>[vc_column_text css=&#8221;&#8221;]Il <strong data-start=\"246\" data-end=\"277\">Consorzio Eurolink S.c.p.A.<\/strong>, costituito come <strong>general contractor<\/strong> per il Ponte sullo Stretto di Messina, inizialmente aveva un capitale sociale complessivo di <strong>243 milioni di euro<\/strong>, cos\u00ec ripartito tra i soci:[\/vc_column_text][vc_column_text css=&#8221;&#8221;]<\/p>\n<table class=\" aligncenter\">\n<thead>\n<tr>\n<th>Soci del Consorzio Eurolink S.c.p.A.<\/th>\n<th>% Capitale<\/th>\n<\/tr>\n<\/thead>\n<tbody>\n<tr>\n<td style=\"text-align: left;\">Webuild S.p.A. (ex Impregilo)<\/td>\n<td style=\"text-align: left;\">45,000%<\/td>\n<\/tr>\n<tr>\n<td style=\"text-align: left;\">Condotte d\u2019Acqua S.p.A.<\/td>\n<td style=\"text-align: left;\">15,000%<\/td>\n<\/tr>\n<tr>\n<td style=\"text-align: left;\">CMC Ravenna<\/td>\n<td style=\"text-align: left;\">13,000%<\/td>\n<\/tr>\n<tr>\n<td style=\"text-align: left;\">Sacyr Vallehermoso S.A. (Spagna)<\/td>\n<td style=\"text-align: left;\">18,700%<\/td>\n<\/tr>\n<tr>\n<td style=\"text-align: left;\">IHI Corporation (Giappone)<\/td>\n<td style=\"text-align: left;\">6,300%<\/td>\n<\/tr>\n<tr>\n<td style=\"text-align: left;\">Acer Steel (Gruppo Italiana Costruzioni)<\/td>\n<td style=\"text-align: left;\">2,000%<\/td>\n<\/tr>\n<tr>\n<td style=\"text-align: left;\"><strong>Totale<\/strong><\/td>\n<td style=\"text-align: left;\"><strong>100,000%<\/strong><\/td>\n<\/tr>\n<\/tbody>\n<\/table>\n<p>[\/vc_column_text][\/vc_column][\/vc_row][vc_row][vc_column][vc_separator css=&#8221;.vc_custom_1758904439495{margin-bottom: 0px !important;padding-top: 30px !important;padding-bottom: 30px !important;}&#8221;]<div style=\"margin-left: auto;margin-right: auto;text-align: center;\" id=\"ponte-4181511583\"><script async src=\"\/\/pagead2.googlesyndication.com\/pagead\/js\/adsbygoogle.js?client=ca-pub-8905959201982646\" crossorigin=\"anonymous\"><\/script><ins class=\"adsbygoogle\" style=\"display:block;\" data-ad-client=\"ca-pub-8905959201982646\" \ndata-ad-slot=\"6695237606\" \ndata-ad-format=\"auto\"><\/ins>\n<script> \n(adsbygoogle = window.adsbygoogle || []).push({}); \n<\/script>\n<\/div>[vc_separator css=&#8221;.vc_custom_1758904603224{margin-bottom: 0px !important;padding-top: 30px !important;padding-bottom: 0px !important;}&#8221;][\/vc_column][\/vc_row]<\/p>\n<\/div>","protected":false},"excerpt":{"rendered":"<p>[vc_row][vc_column][vc_empty_space][\/vc_column][\/vc_row][vc_row equal_height=&#8221;yes&#8221; css=&#8221;.vc_custom_1463480619661{margin-bottom: 10px !important;}&#8221;][vc_column width=&#8221;1\/3&#8243; css=&#8221;.vc_custom_1459186986556{margin-right: 0px !important;padding-right: 0px !important;}&#8221;][vc_single_image image=&#8221;5402&#8243; img_size=&#8221;full&#8221; css=&#8221;&#8221;][\/vc_column][vc_column width=&#8221;2\/3&#8243; css=&#8221;.vc_custom_1459186959095{margin-left: 0px !important;padding-left: 0px !important;}&#8221;][vc_column_text css=&#8221;.vc_custom_1758544339941{margin-bottom: 0px !important;padding-right: 25px !important;padding-left: 25px !important;}&#8221;] Il Consorzio Eurolink,&#8230;<\/p>\n","protected":false},"author":2,"featured_media":0,"parent":0,"menu_order":0,"comment_status":"closed","ping_status":"closed","template":"","meta":{"_uf_show_specific_survey":0,"_uf_disable_surveys":false,"footnotes":""},"class_list":["post-4586","page","type-page","status-publish","hentry"],"yoast_head":"<!-- This site is optimized with the Yoast SEO plugin v26.5 - https:\/\/yoast.com\/wordpress\/plugins\/seo\/ -->\n<title>General Contractor | Ponte di Messina<\/title>\n<meta name=\"description\" content=\"Il Consorzio Eurolink, quale General Contractor per la costruzione del Ponte di Messina, \u00e8 attore centrale della sua realizzazione.\" \/>\n<meta name=\"robots\" content=\"index, follow, max-snippet:-1, max-image-preview:large, max-video-preview:-1\" \/>\n<link rel=\"canonical\" href=\"https:\/\/pontedimessina.it\/it\/general-contractor\/\" \/>\n<meta property=\"og:locale\" content=\"it_IT\" \/>\n<meta property=\"og:type\" content=\"article\" \/>\n<meta property=\"og:title\" content=\"General Contractor | Ponte di Messina\" \/>\n<meta property=\"og:description\" content=\"Il Consorzio Eurolink, quale General Contractor per la costruzione del Ponte di Messina, \u00e8 attore centrale della sua realizzazione.\" \/>\n<meta property=\"og:url\" content=\"https:\/\/pontedimessina.it\/it\/general-contractor\/\" \/>\n<meta property=\"og:site_name\" content=\"Ponte di Messina\" \/>\n<meta property=\"article:modified_time\" content=\"2025-10-04T11:00:07+00:00\" \/>\n<meta name=\"twitter:card\" content=\"summary_large_image\" \/>\n<script type=\"application\/ld+json\" class=\"yoast-schema-graph\">{\"@context\":\"https:\/\/schema.org\",\"@graph\":[{\"@type\":\"WebPage\",\"@id\":\"https:\/\/pontedimessina.it\/it\/general-contractor\/\",\"url\":\"https:\/\/pontedimessina.it\/it\/general-contractor\/\",\"name\":\"General Contractor | Ponte di Messina\",\"isPartOf\":{\"@id\":\"https:\/\/pontedimessina.it\/it\/#website\"},\"datePublished\":\"2025-08-25T18:59:13+00:00\",\"dateModified\":\"2025-10-04T11:00:07+00:00\",\"description\":\"Il Consorzio Eurolink, quale General Contractor per la costruzione del Ponte di Messina, \u00e8 attore centrale della sua realizzazione.\",\"breadcrumb\":{\"@id\":\"https:\/\/pontedimessina.it\/it\/general-contractor\/#breadcrumb\"},\"inLanguage\":\"it-IT\",\"potentialAction\":[{\"@type\":\"ReadAction\",\"target\":[\"https:\/\/pontedimessina.it\/it\/general-contractor\/\"]}]},{\"@type\":\"BreadcrumbList\",\"@id\":\"https:\/\/pontedimessina.it\/it\/general-contractor\/#breadcrumb\",\"itemListElement\":[{\"@type\":\"ListItem\",\"position\":1,\"name\":\"Home\",\"item\":\"https:\/\/pontedimessina.it\/it\/\"},{\"@type\":\"ListItem\",\"position\":2,\"name\":\"General Contractor\"}]},{\"@type\":\"WebSite\",\"@id\":\"https:\/\/pontedimessina.it\/it\/#website\",\"url\":\"https:\/\/pontedimessina.it\/it\/\",\"name\":\"Ponte di Messina\",\"description\":\"One Bridge. One Country. One Vision.\",\"alternateName\":\"Pontedimessina.it\",\"potentialAction\":[{\"@type\":\"SearchAction\",\"target\":{\"@type\":\"EntryPoint\",\"urlTemplate\":\"https:\/\/pontedimessina.it\/it\/?s={search_term_string}\"},\"query-input\":{\"@type\":\"PropertyValueSpecification\",\"valueRequired\":true,\"valueName\":\"search_term_string\"}}],\"inLanguage\":\"it-IT\"}]}<\/script>\n<!-- \/ Yoast SEO plugin. -->","yoast_head_json":{"title":"General Contractor | Ponte di Messina","description":"Il Consorzio Eurolink, quale General Contractor per la costruzione del Ponte di Messina, \u00e8 attore centrale della sua realizzazione.","robots":{"index":"index","follow":"follow","max-snippet":"max-snippet:-1","max-image-preview":"max-image-preview:large","max-video-preview":"max-video-preview:-1"},"canonical":"https:\/\/pontedimessina.it\/it\/general-contractor\/","og_locale":"it_IT","og_type":"article","og_title":"General Contractor | Ponte di Messina","og_description":"Il Consorzio Eurolink, quale General Contractor per la costruzione del Ponte di Messina, \u00e8 attore centrale della sua realizzazione.","og_url":"https:\/\/pontedimessina.it\/it\/general-contractor\/","og_site_name":"Ponte di Messina","article_modified_time":"2025-10-04T11:00:07+00:00","twitter_card":"summary_large_image","schema":{"@context":"https:\/\/schema.org","@graph":[{"@type":"WebPage","@id":"https:\/\/pontedimessina.it\/it\/general-contractor\/","url":"https:\/\/pontedimessina.it\/it\/general-contractor\/","name":"General Contractor | Ponte di Messina","isPartOf":{"@id":"https:\/\/pontedimessina.it\/it\/#website"},"datePublished":"2025-08-25T18:59:13+00:00","dateModified":"2025-10-04T11:00:07+00:00","description":"Il Consorzio Eurolink, quale General Contractor per la costruzione del Ponte di Messina, \u00e8 attore centrale della sua realizzazione.","breadcrumb":{"@id":"https:\/\/pontedimessina.it\/it\/general-contractor\/#breadcrumb"},"inLanguage":"it-IT","potentialAction":[{"@type":"ReadAction","target":["https:\/\/pontedimessina.it\/it\/general-contractor\/"]}]},{"@type":"BreadcrumbList","@id":"https:\/\/pontedimessina.it\/it\/general-contractor\/#breadcrumb","itemListElement":[{"@type":"ListItem","position":1,"name":"Home","item":"https:\/\/pontedimessina.it\/it\/"},{"@type":"ListItem","position":2,"name":"General Contractor"}]},{"@type":"WebSite","@id":"https:\/\/pontedimessina.it\/it\/#website","url":"https:\/\/pontedimessina.it\/it\/","name":"Ponte di Messina","description":"One Bridge. One Country. One Vision.","alternateName":"Pontedimessina.it","potentialAction":[{"@type":"SearchAction","target":{"@type":"EntryPoint","urlTemplate":"https:\/\/pontedimessina.it\/it\/?s={search_term_string}"},"query-input":{"@type":"PropertyValueSpecification","valueRequired":true,"valueName":"search_term_string"}}],"inLanguage":"it-IT"}]}},"_links":{"self":[{"href":"https:\/\/pontedimessina.it\/it\/wp-json\/wp\/v2\/pages\/4586","targetHints":{"allow":["GET"]}}],"collection":[{"href":"https:\/\/pontedimessina.it\/it\/wp-json\/wp\/v2\/pages"}],"about":[{"href":"https:\/\/pontedimessina.it\/it\/wp-json\/wp\/v2\/types\/page"}],"author":[{"embeddable":true,"href":"https:\/\/pontedimessina.it\/it\/wp-json\/wp\/v2\/users\/2"}],"replies":[{"embeddable":true,"href":"https:\/\/pontedimessina.it\/it\/wp-json\/wp\/v2\/comments?post=4586"}],"version-history":[{"count":0,"href":"https:\/\/pontedimessina.it\/it\/wp-json\/wp\/v2\/pages\/4586\/revisions"}],"wp:attachment":[{"href":"https:\/\/pontedimessina.it\/it\/wp-json\/wp\/v2\/media?parent=4586"}],"curies":[{"name":"wp","href":"https:\/\/api.w.org\/{rel}","templated":true}]}}